{"id":151167,"date":"2025-12-18T05:13:56","date_gmt":"2025-12-18T02:13:56","guid":{"rendered":"https:\/\/baldumarket.lt\/?post_type=product&#038;p=151167"},"modified":"2026-02-03T23:34:16","modified_gmt":"2026-02-03T20:34:16","slug":"lozko-tapicerowane-riva-180x200-gr1","status":"publish","type":"product","link":"https:\/\/baldumarket.lt\/lt\/product\/lozko-tapicerowane-riva-180x200-gr1\/","title":{"rendered":"Riva mink\u0161ta lova 180\u00d7200 Gr1"},"content":{"rendered":"<h5><span style=\"color: #54859b\">Apsilankykite m\u016bs\u0173 virtualioje WERSAL prek\u0117s \u017eenklo parduotuv\u0117je<\/span><\/h5>\n<p> <a href=\"https:\/\/my.matterport.com\/show\/?m=SjRhosZFbQJ\" target=\"_blank\" rel=\"noopener\"><span style=\"color: #e47025\">https:\/\/my.matterport.com\/<\/span><\/a><\/p>\n<p>\u201eRiva\u201c mink\u0161ta lova, kurios matmenys \u2013 180 \u00d7 200 cm, yra erdvaus komforto \u012fsik\u016bnijimas, puikiai tinkantis tiems, kurie vertina erdv\u0119 ir modern\u0173 dizain\u0105. \u0160i did\u017eiausia \u201eRiva\u201c lovos versija suteikia rafinuot\u0105 fon\u0105 bet kuriam miegamajam, suteikdama daug erdv\u0117s atkurian\u010diam miegui ir poilsiui. Dizainui b\u016bdingos \u0161varios, harmoningos linijos, kurios suteikia interjerui elegancijos ir subtilumo. Tvirtas, mink\u0161tas galv\u016bgalis yra ne tik estetinis akcentas, bet ir patogi atrama vakaro ritual\u0173 metu. Nors standartin\u0117je lovos komplektacijoje n\u0117ra patalyn\u0117s d\u0117\u017e\u0117s, j\u0105 galima \u012fsigyti u\u017e papildom\u0105 mokest\u012f, u\u017etikrinant funkcional\u0173 daikt\u0173 laikymo sprendim\u0105 neaukojant stiliaus. Paprastos ir eleganti\u0161kai i\u0161lenktos lovos kojel\u0117s pakelia konstrukcij\u0105, suteikdamos jai lengvumo poj\u016bt\u012f ir puikiai deran\u010di\u0105 su kitais erdv\u0117s baldais. Verta pamin\u0117ti, kad \u012f lovos kain\u0105 ne\u012fskai\u010diuotas \u010diu\u017einys, tod\u0117l klientai gali laisvai pasirinkti tinkam\u0105 model\u012f, kuris geriausiai atitinka j\u0173 komforto ir atramos pageidavimus, kad kiekvienas rytas b\u016bt\u0173 pasitiktas su gerai pails\u0117jusiu jausmu. Matmenys:<\/p>","protected":false},"excerpt":{"rendered":"<p>Plotis: 198 cm<br \/>\n\u016agis: 109 cm<br \/>\nGylis: 222 cm<br \/>\nMiegamoji erdv\u0117: 180 \u00d7 200 cm<\/p>","protected":false},"featured_media":151235,"comment_status":"open","ping_status":"closed","template":"","meta":[],"product_brand":[],"product_cat":[9391,505,1972,4104],"product_tag":[],"class_list":{"0":"post-151167","1":"product","2":"type-product","3":"status-publish","4":"has-post-thumbnail","6":"product_cat-dream-wersal-upholstered-furniture","7":"product_cat-bedroom-beds","8":"product_cat-beds-180x200","9":"product_cat-wersal","11":"first","12":"instock","13":"shipping-taxable","14":"purchasable","15":"product-type-variable","16":"wvs-archive-product-wrapper"},"_links":{"self":[{"href":"https:\/\/baldumarket.lt\/lt\/wp-json\/wp\/v2\/product\/151167","targetHints":{"allow":["GET"]}}],"collection":[{"href":"https:\/\/baldumarket.lt\/lt\/wp-json\/wp\/v2\/product"}],"about":[{"href":"https:\/\/baldumarket.lt\/lt\/wp-json\/wp\/v2\/types\/product"}],"replies":[{"embeddable":true,"href":"https:\/\/baldumarket.lt\/lt\/wp-json\/wp\/v2\/comments?post=151167"}],"wp:featuredmedia":[{"embeddable":true,"href":"https:\/\/baldumarket.lt\/lt\/wp-json\/wp\/v2\/media\/151235"}],"wp:attachment":[{"href":"https:\/\/baldumarket.lt\/lt\/wp-json\/wp\/v2\/media?parent=151167"}],"wp:term":[{"taxonomy":"product_brand","embeddable":true,"href":"https:\/\/baldumarket.lt\/lt\/wp-json\/wp\/v2\/product_brand?post=151167"},{"taxonomy":"product_cat","embeddable":true,"href":"https:\/\/baldumarket.lt\/lt\/wp-json\/wp\/v2\/product_cat?post=151167"},{"taxonomy":"product_tag","embeddable":true,"href":"https:\/\/baldumarket.lt\/lt\/wp-json\/wp\/v2\/product_tag?post=151167"}],"curies":[{"name":"wp","href":"https:\/\/api.w.org\/{rel}","templated":true}]}}