{"id":151165,"date":"2025-12-18T05:13:55","date_gmt":"2025-12-18T02:13:55","guid":{"rendered":"https:\/\/baldumarket.lt\/?post_type=product&#038;p=151165"},"modified":"2026-02-03T23:34:16","modified_gmt":"2026-02-03T20:34:16","slug":"lozko-tapicerowane-riva-160x200-gr1","status":"publish","type":"product","link":"https:\/\/baldumarket.lt\/lt\/product\/lozko-tapicerowane-riva-160x200-gr1\/","title":{"rendered":"Riva mink\u0161ta lova 160\u00d7200 Gr1"},"content":{"rendered":"<h5><span style=\"color: #54859b\">Apsilankykite m\u016bs\u0173 virtualioje WERSAL prek\u0117s \u017eenklo parduotuv\u0117je<\/span><\/h5>\n<p> <a href=\"https:\/\/my.matterport.com\/show\/?m=SjRhosZFbQJ\" target=\"_blank\" rel=\"noopener\"><span style=\"color: #e47025\">https:\/\/my.matterport.com\/<\/span><\/a><\/p>\n<p>\u201eRiva\u201c mink\u0161ta lova, kurios matmenys \u2013 160 \u00d7 200 cm, yra tikras modernaus dizaino perlas. Be daiktad\u0117\u017e\u0117s, ji \u017eavi minimalistiniu profiliu, kur\u012f pasirinktinai galima papildyti papildoma, pasl\u0117pta daiktad\u0117\u017ee. \u0160is sprendimas suteikia lankstumo, leid\u017eiant\u012f pritaikyti lovos funkcionalum\u0105 pagal asmeninius poreikius ir pageidavimus. \u012esp\u016bding\u0173 proporcij\u0173 galv\u016bgalis, padengtas tiksliu dygsniavimu, yra ne tik patrauklus dekoratyvinis elementas, bet ir \u017eada universal\u0173 komfort\u0105. Galimyb\u0117 prid\u0117ti daiktad\u0117\u017e\u0119 yra patogus pasirinkimas tiems, kuriems reikia papildomos daiktad\u0117\u017e\u0117s vietos, nepa\u017eeid\u017eiant miegojimo erdv\u0117s estetikos ir harmonijos. Pabr\u0117\u017edama minimalistin\u0119 elegancij\u0105, \u201eRiva\u201c sukurta ant stabili\u0173 kojeli\u0173, kurios pakelia lov\u0105, suteikdamos jai lengvumo ir patogumo poj\u016bt\u012f. Si\u016bloma be \u010diu\u017einio, \u201eRiva\u201c lova suteikia laisv\u0119 reguliuoti ideal\u0173 \u010diu\u017einio kietum\u0105 ir komfort\u0105, kad atitikt\u0173 j\u016bs\u0173 ideal\u0173 poils\u012f, sudarydama puikias s\u0105lygas ramiam miegui. Matmenys:<\/p>","protected":false},"excerpt":{"rendered":"<p>Plotis: 178 cm<br \/>\n\u016agis: 109 cm<br \/>\nGylis: 222 cm<br \/>\nMiegamoji erdv\u0117: 160 \u00d7 200 cm<\/p>","protected":false},"featured_media":151224,"comment_status":"open","ping_status":"closed","template":"","meta":[],"product_brand":[],"product_cat":[9391,505,1971,4104],"product_tag":[],"class_list":{"0":"post-151165","1":"product","2":"type-product","3":"status-publish","4":"has-post-thumbnail","6":"product_cat-dream-wersal-upholstered-furniture","7":"product_cat-bedroom-beds","8":"product_cat-beds-160x200","9":"product_cat-wersal","11":"first","12":"instock","13":"shipping-taxable","14":"purchasable","15":"product-type-variable","16":"wvs-archive-product-wrapper"},"_links":{"self":[{"href":"https:\/\/baldumarket.lt\/lt\/wp-json\/wp\/v2\/product\/151165","targetHints":{"allow":["GET"]}}],"collection":[{"href":"https:\/\/baldumarket.lt\/lt\/wp-json\/wp\/v2\/product"}],"about":[{"href":"https:\/\/baldumarket.lt\/lt\/wp-json\/wp\/v2\/types\/product"}],"replies":[{"embeddable":true,"href":"https:\/\/baldumarket.lt\/lt\/wp-json\/wp\/v2\/comments?post=151165"}],"wp:featuredmedia":[{"embeddable":true,"href":"https:\/\/baldumarket.lt\/lt\/wp-json\/wp\/v2\/media\/151224"}],"wp:attachment":[{"href":"https:\/\/baldumarket.lt\/lt\/wp-json\/wp\/v2\/media?parent=151165"}],"wp:term":[{"taxonomy":"product_brand","embeddable":true,"href":"https:\/\/baldumarket.lt\/lt\/wp-json\/wp\/v2\/product_brand?post=151165"},{"taxonomy":"product_cat","embeddable":true,"href":"https:\/\/baldumarket.lt\/lt\/wp-json\/wp\/v2\/product_cat?post=151165"},{"taxonomy":"product_tag","embeddable":true,"href":"https:\/\/baldumarket.lt\/lt\/wp-json\/wp\/v2\/product_tag?post=151165"}],"curies":[{"name":"wp","href":"https:\/\/api.w.org\/{rel}","templated":true}]}}