{"id":151163,"date":"2025-12-18T05:13:53","date_gmt":"2025-12-18T02:13:53","guid":{"rendered":"https:\/\/baldumarket.lt\/?post_type=product&#038;p=151163"},"modified":"2026-02-03T23:34:16","modified_gmt":"2026-02-03T20:34:16","slug":"lozko-tapicerowane-riva-140x200-gr1","status":"publish","type":"product","link":"https:\/\/baldumarket.lt\/lt\/product\/lozko-tapicerowane-riva-140x200-gr1\/","title":{"rendered":"Riva mink\u0161ta lova 140\u00d7200 Gr1"},"content":{"rendered":"<h5><span style=\"color: #54859b\">Apsilankykite m\u016bs\u0173 virtualioje WERSAL prek\u0117s \u017eenklo parduotuv\u0117je<\/span><\/h5>\n<p> <a href=\"https:\/\/my.matterport.com\/show\/?m=SjRhosZFbQJ\" target=\"_blank\" rel=\"noopener\"><span style=\"color: #e47025\">https:\/\/my.matterport.com\/<\/span><\/a><\/p>\n<p>\u201eRiva\u201c mink\u0161ta lova, kurios matmenys 140 \u00d7 200 cm, yra puikus sprendimas tiems, kurie vertina eleganti\u0161k\u0105 minimalizm\u0105 ir funkcionalum\u0105. Tinka ma\u017eesn\u0117ms erdv\u0117ms, ji si\u016blo komfort\u0105 ir stili\u0173 neu\u017eimdama vertingos miegamojo erdv\u0117s. \u201eRiva\u201c lovos linija, pasi\u017eyminti paprastu ir eleganti\u0161ku dizainu, lengvai integruojasi \u012f \u012fvairius interjero dizainus. I\u0161skirtinis galv\u016bgalis suteikia estetin\u012f akcent\u0105 ir atram\u0105, nesvarbu, ar norite atsipalaiduoti su knyga, ar u\u017ebaigti dien\u0105 \u017ei\u016br\u0117dami m\u0117gstam\u0105 serial\u0105. Nors \u201eRiva\u201c lovoje n\u0117ra \u012fmontuoto patalyn\u0117s laikymo skyriaus, galite \u012fsigyti \u0161i\u0105 funkcij\u0105, kad gal\u0117tum\u0117te laikyti patalyn\u0119 ar sezoninius drabu\u017eius, taip suteikdami papildomos vietos neprarandant estetikos. Tiesios ir lieknos kojel\u0117s palaiko lovos konstrukcij\u0105, suteikdamos moderni\u0105 i\u0161vaizd\u0105 ir lengvumo poj\u016bt\u012f. \u012e lovos kain\u0105 ne\u012fskai\u010diuotas \u010diu\u017einys, tod\u0117l galite laisvai pasirinkti tobul\u0105 model\u012f, pritaikyt\u0105 j\u016bs\u0173 individualiems poreikiams, kad kiekviena naktis b\u016bt\u0173 ramaus miego ir atsipalaidavimo sinonimas. Matmenys:<\/p>","protected":false},"excerpt":{"rendered":"<p>Plotis: 158 cm<br \/>\n\u016agis: 109 cm<br \/>\nGylis: 222 cm<br \/>\nMiegamasis plotas: 140 \u00d7 200 cm<\/p>","protected":false},"featured_media":151217,"comment_status":"open","ping_status":"closed","template":"","meta":[],"product_brand":[],"product_cat":[9391,505,1970,4104],"product_tag":[],"class_list":{"0":"post-151163","1":"product","2":"type-product","3":"status-publish","4":"has-post-thumbnail","6":"product_cat-dream-wersal-upholstered-furniture","7":"product_cat-bedroom-beds","8":"product_cat-beds-140x200","9":"product_cat-wersal","11":"first","12":"instock","13":"shipping-taxable","14":"purchasable","15":"product-type-variable","16":"wvs-archive-product-wrapper"},"_links":{"self":[{"href":"https:\/\/baldumarket.lt\/lt\/wp-json\/wp\/v2\/product\/151163","targetHints":{"allow":["GET"]}}],"collection":[{"href":"https:\/\/baldumarket.lt\/lt\/wp-json\/wp\/v2\/product"}],"about":[{"href":"https:\/\/baldumarket.lt\/lt\/wp-json\/wp\/v2\/types\/product"}],"replies":[{"embeddable":true,"href":"https:\/\/baldumarket.lt\/lt\/wp-json\/wp\/v2\/comments?post=151163"}],"wp:featuredmedia":[{"embeddable":true,"href":"https:\/\/baldumarket.lt\/lt\/wp-json\/wp\/v2\/media\/151217"}],"wp:attachment":[{"href":"https:\/\/baldumarket.lt\/lt\/wp-json\/wp\/v2\/media?parent=151163"}],"wp:term":[{"taxonomy":"product_brand","embeddable":true,"href":"https:\/\/baldumarket.lt\/lt\/wp-json\/wp\/v2\/product_brand?post=151163"},{"taxonomy":"product_cat","embeddable":true,"href":"https:\/\/baldumarket.lt\/lt\/wp-json\/wp\/v2\/product_cat?post=151163"},{"taxonomy":"product_tag","embeddable":true,"href":"https:\/\/baldumarket.lt\/lt\/wp-json\/wp\/v2\/product_tag?post=151163"}],"curies":[{"name":"wp","href":"https:\/\/api.w.org\/{rel}","templated":true}]}}