{"id":151150,"date":"2025-12-18T05:13:22","date_gmt":"2025-12-18T02:13:22","guid":{"rendered":"https:\/\/baldumarket.lt\/?post_type=product&#038;p=151150"},"modified":"2026-02-03T23:34:17","modified_gmt":"2026-02-03T20:34:17","slug":"lozko-kontynentalne-madison-160x200-gr1","status":"publish","type":"product","link":"https:\/\/baldumarket.lt\/lt\/product\/lozko-kontynentalne-madison-160x200-gr1\/","title":{"rendered":"Kontinentin\u0117 lova Madison 160&#215;200 Gr1"},"content":{"rendered":"<h5><span style=\"color: #54859b\">Apsilankykite m\u016bs\u0173 virtualioje WERSAL prek\u0117s \u017eenklo parduotuv\u0117je<\/span><\/h5>\n<p> <a href=\"https:\/\/my.matterport.com\/show\/?m=SjRhosZFbQJ\" target=\"_blank\" rel=\"noopener\"><span style=\"color: #e47025\">https:\/\/my.matterport.com\/<\/span><\/a><\/p>\n<p>\u201eMadison\u201c kontinentin\u0117 lova, kurios miegamojo plotas yra 160 \u00d7 200 cm, yra rafinuoto poilsio esm\u0117. Savo i\u0161skirtin\u0117mis, dygsniuotomis linijomis ir prabangiais apmu\u0161alais \u201eMadison\u201c kvie\u010dia jus \u012f i\u0161skirtin\u012f komforto ir atsipalaidavimo pasaul\u012f. Unikalus dygsniuotas auk\u0161tas galv\u016bgalis suteikia elegancijos ir yra ne tik vizualinis malonumas, bet ir prakti\u0161ka atrama skaitant ar ilsintis s\u0117dint. \u201eMadison\u201c i\u0161 naujo apibr\u0117\u017eia prabang\u0173 poils\u012f, derindama tradicin\u0119 meistri\u0161kum\u0105 su moderniu komfortu. Tvirti matmenys puikiai dera prie bet kokio interjero, sukurdami miegamojo centrin\u0119 puo\u0161men\u0105, kuri d\u017eiugina ak\u012f ir suteikia precedento neturin\u010di\u0105 miego patirt\u012f. \u0160i lova ne tik atlieka funkcin\u0119 funkcij\u0105, bet ir tampa bet kurios erdv\u0117s traukos centru, suteikdama erdvumo ir prabangos poj\u016bt\u012f. Matmenys:<\/p>","protected":false},"excerpt":{"rendered":"<p>Plotis: 177 cm<br \/>\n\u016agis: 123 cm<br \/>\nGylis: 214 cm<br \/>\nMiegamoji erdv\u0117: 160 \u00d7 200 cm<\/p>","protected":false},"featured_media":151199,"comment_status":"open","ping_status":"closed","template":"","meta":[],"product_brand":[],"product_cat":[9391,505,1971,514,4104],"product_tag":[],"class_list":{"0":"post-151150","1":"product","2":"type-product","3":"status-publish","4":"has-post-thumbnail","6":"product_cat-dream-wersal-upholstered-furniture","7":"product_cat-bedroom-beds","8":"product_cat-beds-160x200","9":"product_cat-continental-beds","10":"product_cat-wersal","12":"first","13":"instock","14":"shipping-taxable","15":"purchasable","16":"product-type-variable","17":"wvs-archive-product-wrapper"},"_links":{"self":[{"href":"https:\/\/baldumarket.lt\/lt\/wp-json\/wp\/v2\/product\/151150","targetHints":{"allow":["GET"]}}],"collection":[{"href":"https:\/\/baldumarket.lt\/lt\/wp-json\/wp\/v2\/product"}],"about":[{"href":"https:\/\/baldumarket.lt\/lt\/wp-json\/wp\/v2\/types\/product"}],"replies":[{"embeddable":true,"href":"https:\/\/baldumarket.lt\/lt\/wp-json\/wp\/v2\/comments?post=151150"}],"wp:featuredmedia":[{"embeddable":true,"href":"https:\/\/baldumarket.lt\/lt\/wp-json\/wp\/v2\/media\/151199"}],"wp:attachment":[{"href":"https:\/\/baldumarket.lt\/lt\/wp-json\/wp\/v2\/media?parent=151150"}],"wp:term":[{"taxonomy":"product_brand","embeddable":true,"href":"https:\/\/baldumarket.lt\/lt\/wp-json\/wp\/v2\/product_brand?post=151150"},{"taxonomy":"product_cat","embeddable":true,"href":"https:\/\/baldumarket.lt\/lt\/wp-json\/wp\/v2\/product_cat?post=151150"},{"taxonomy":"product_tag","embeddable":true,"href":"https:\/\/baldumarket.lt\/lt\/wp-json\/wp\/v2\/product_tag?post=151150"}],"curies":[{"name":"wp","href":"https:\/\/api.w.org\/{rel}","templated":true}]}}