{"id":151136,"date":"2025-12-18T05:12:57","date_gmt":"2025-12-18T02:12:57","guid":{"rendered":"https:\/\/baldumarket.lt\/?post_type=product&#038;p=151136"},"modified":"2026-02-03T23:34:17","modified_gmt":"2026-02-03T20:34:17","slug":"lozko-kontynentalne-madison-140x200-gr1","status":"publish","type":"product","link":"https:\/\/baldumarket.lt\/lt\/product\/lozko-kontynentalne-madison-140x200-gr1\/","title":{"rendered":"Kontinentin\u0117 lova Madison 140&#215;200 Gr1"},"content":{"rendered":"<h5><span style=\"color: #54859b\">Apsilankykite m\u016bs\u0173 virtualioje WERSAL prek\u0117s \u017eenklo parduotuv\u0117je<\/span><\/h5>\n<p> <a href=\"https:\/\/my.matterport.com\/show\/?m=SjRhosZFbQJ\" target=\"_blank\" rel=\"noopener\"><span style=\"color: #e47025\">https:\/\/my.matterport.com\/<\/span><\/a><\/p>\n<p>\u201eMadison\u201c kontinentin\u0117 lova, kurios miegamojo plotas yra 140 \u00d7 200 cm, yra kompakti\u0161ko dizaino komforto esm\u0117. Eleganti\u0161kas galv\u016bgalis, papuo\u0161tas i\u0161skirtiniais dygsniais, ne tik vizualiai stulbina, bet ir suteikia tvirt\u0105 atram\u0105, puikiai tinkan\u010di\u0105 atsipalaiduoti su knyga ar m\u0117gautis rytine kava lovoje. Nepaisant ma\u017eesni\u0173 matmen\u0173, \u201eMadison\u201c ne\u017eada joki\u0173 kompromis\u0173 prabangos at\u017evilgiu \u2013 tankus galv\u016bgalio dygsniavimas ir mink\u0161tas apmu\u0161alas suteikia \u0161ilumos ir komforto, o lovos dydis puikiai tinka ma\u017eesn\u0117ms erdv\u0117ms, i\u0161laikant erdv\u0117s poj\u016bt\u012f. Tai puikus sprendimas tiems, kurie nori maksimaliai i\u0161naudoti savo miegamojo funkcionalum\u0105, neaukodami estetikos ar komforto. \u201eMadison\u201c 140 \u00d7 200 cm lova harmoningai derina stili\u0173 ir funkcionalum\u0105, u\u017etikrindama sald\u017eius sapnus ir eleganti\u0161k\u0105 bet kurio miegamojo i\u0161vaizd\u0105. Matmenys:<\/p>\n<p>Plotis: 157 cm<br \/>\n\u016agis: 123 cm<br \/>\nGylis: 214 cm<br \/>\nMiegamasis plotas: 140 \u00d7 200 cm<br \/>\nS\u0117dyn\u0117s auk\u0161tis: 63 cm<br \/>\nMed\u017eiaga:<\/p>\n<p>Medinis r\u0117mas su Bonnell spyruokliniu \u010diu\u017einiu<br \/>\n7 zon\u0173 ki\u0161enini\u0173 spyruokli\u0173 \u010diu\u017einys<br \/>\nStandartinis perdangos sluoksnis \u2013 4 cm (neprivaloma)<br \/>\nElastingos putos<br \/>\nMediniai elementai<br \/>\nMed\u017eio dro\u017eli\u0173 plok\u0161t\u0117s<br \/>\nApmu\u0161alai i\u0161 j\u016bs\u0173 pasirinkto audinio<br \/>\nPapildoma informacija:<\/p>\n<p>Baldai yra visi\u0161kai nauji, supakuoti originalioje pakuot\u0117je.<br \/>\nBaldai pristatomi plok\u0161\u010diai supakuoti, kad b\u016bt\u0173 galima juos surinkti savaranki\u0161kai.<br \/>\nKomplekte yra ai\u0161kios surinkimo instrukcijos ir visi reikalingi komponentai.<br \/>\nGamintojas pasilieka teis\u0119 keisti si\u016blom\u0173 bald\u0173 dizain\u0105 nekeisdamas bendro j\u0173 charakterio. Pateikti matmenys gali \u0161iek tiek skirtis. Visi pateikti matmenys yra i\u0161oriniai ir nurodyti centimetrais. D\u0117l technologini\u0173 apribojim\u0173 spalvos j\u016bs\u0173 monitoriuje gali skirtis nuo tikr\u0173j\u0173 si\u016blom\u0173 bald\u0173 spalv\u0173.<\/p>","protected":false},"excerpt":{"rendered":"<p>Visit our virtual store of the WERSAL brand https:\/\/my.matterport.com\/ The Madison continental bed, with a sleeping surface of 140&#215;200 cm, is the essence of comfort in a compact design. The elegant headboard, adorned with exquisite tufting, is not only visually stunning but also offers solid support, perfect for relaxing with a book or enjoying your [&hellip;]<\/p>","protected":false},"featured_media":151188,"comment_status":"open","ping_status":"closed","template":"","meta":[],"product_brand":[],"product_cat":[9391,505,1970,514,4104],"product_tag":[],"class_list":{"0":"post-151136","1":"product","2":"type-product","3":"status-publish","4":"has-post-thumbnail","6":"product_cat-dream-wersal-upholstered-furniture","7":"product_cat-bedroom-beds","8":"product_cat-beds-140x200","9":"product_cat-continental-beds","10":"product_cat-wersal","12":"first","13":"instock","14":"shipping-taxable","15":"purchasable","16":"product-type-variable","17":"wvs-archive-product-wrapper"},"_links":{"self":[{"href":"https:\/\/baldumarket.lt\/lt\/wp-json\/wp\/v2\/product\/151136","targetHints":{"allow":["GET"]}}],"collection":[{"href":"https:\/\/baldumarket.lt\/lt\/wp-json\/wp\/v2\/product"}],"about":[{"href":"https:\/\/baldumarket.lt\/lt\/wp-json\/wp\/v2\/types\/product"}],"replies":[{"embeddable":true,"href":"https:\/\/baldumarket.lt\/lt\/wp-json\/wp\/v2\/comments?post=151136"}],"wp:featuredmedia":[{"embeddable":true,"href":"https:\/\/baldumarket.lt\/lt\/wp-json\/wp\/v2\/media\/151188"}],"wp:attachment":[{"href":"https:\/\/baldumarket.lt\/lt\/wp-json\/wp\/v2\/media?parent=151136"}],"wp:term":[{"taxonomy":"product_brand","embeddable":true,"href":"https:\/\/baldumarket.lt\/lt\/wp-json\/wp\/v2\/product_brand?post=151136"},{"taxonomy":"product_cat","embeddable":true,"href":"https:\/\/baldumarket.lt\/lt\/wp-json\/wp\/v2\/product_cat?post=151136"},{"taxonomy":"product_tag","embeddable":true,"href":"https:\/\/baldumarket.lt\/lt\/wp-json\/wp\/v2\/product_tag?post=151136"}],"curies":[{"name":"wp","href":"https:\/\/api.w.org\/{rel}","templated":true}]}}