{"id":151119,"date":"2025-12-18T05:12:28","date_gmt":"2025-12-18T02:12:28","guid":{"rendered":"https:\/\/baldumarket.lt\/?post_type=product&#038;p=151119"},"modified":"2026-02-03T23:34:17","modified_gmt":"2026-02-03T20:34:17","slug":"lozko-tapicerowane-calypso-160x200-gr1","status":"publish","type":"product","link":"https:\/\/baldumarket.lt\/lt\/product\/lozko-tapicerowane-calypso-160x200-gr1\/","title":{"rendered":"Calypso mink\u0161ta lova 160\u00d7200 Gr1"},"content":{"rendered":"<h5><span style=\"color: #54859b\">Apsilankykite m\u016bs\u0173 virtualioje WERSAL prek\u0117s \u017eenklo parduotuv\u0117je<\/span><\/h5>\n<p> <a href=\"https:\/\/my.matterport.com\/show\/?m=SjRhosZFbQJ\" target=\"_blank\" rel=\"noopener\"><span style=\"color: #e47025\">https:\/\/my.matterport.com\/<\/span><\/a><\/p>\n<p>\u201eCalypso\u201c apmu\u0161ta lova, kurios miegamojo plotas yra 160 \u00d7 200 cm, yra rafinuoto dizaino ir neprilygstamo komforto \u012fsik\u016bnijimas. Sukurta atsi\u017evelgiant \u012f \u0161iuolaikines interjero dizaino tendencijas, lova pasi\u017eymi \u0161velniomis linijomis ir eleganti\u0161kais apmu\u0161alais, suteikian\u010diais bet kokiai erdvei prabangos. Stabilus, tvirtas lovos r\u0117mas u\u017etikrina patvarum\u0105 ir patikimum\u0105, o auk\u0161tos kokyb\u0117s apmu\u0161alai \u017eada ilgamet\u012f komfort\u0105. Nors nuotraukose nepateikiamas visas asortimentas, \u201eCalypso\u201c lova si\u016bloma i\u0161 \u012fvairi\u0173 med\u017eiag\u0173 \u2013 nuo \u200b\u200baksomo iki patvari\u0173 audini\u0173, o spalvos \u2013 nuo \u200b\u200bsubtili\u0173 iki ry\u0161ki\u0173 atspalvi\u0173, tod\u0117l j\u0105 galima suasmeninti pagal bet kokio interjero pageidavimus ir poreikius. Eleganti\u0161kos kojel\u0117s suteikia lovos estetikai subtilaus lengvumo, pabr\u0117\u017eiant jos moderni\u0105 i\u0161vaizd\u0105. \u012e \u0161ios lovos kain\u0105 ne\u012feina \u010diu\u017einys ir r\u0117mas, tod\u0117l galite laisvai pasirinkti komponentus, reikalingus tobulai poilsio vietai sukurti. \u201eCalypso\u201c modelio pasirinkimas \u2013 tai investicija \u012f kokyb\u0119, stili\u0173 ir patog\u0173 mieg\u0105.<\/p>","protected":false},"excerpt":{"rendered":"<p>Plotis: 178 cm<br \/>\n\u016agis: 109 cm<br \/>\nGylis: 222 cm<br \/>\nMiegamoji erdv\u0117: 160 \u00d7 200 cm<\/p>","protected":false},"featured_media":151174,"comment_status":"open","ping_status":"closed","template":"","meta":[],"product_brand":[],"product_cat":[9391,505,1971,4104],"product_tag":[],"class_list":{"0":"post-151119","1":"product","2":"type-product","3":"status-publish","4":"has-post-thumbnail","6":"product_cat-dream-wersal-upholstered-furniture","7":"product_cat-bedroom-beds","8":"product_cat-beds-160x200","9":"product_cat-wersal","11":"first","12":"instock","13":"shipping-taxable","14":"purchasable","15":"product-type-variable","16":"wvs-archive-product-wrapper"},"_links":{"self":[{"href":"https:\/\/baldumarket.lt\/lt\/wp-json\/wp\/v2\/product\/151119","targetHints":{"allow":["GET"]}}],"collection":[{"href":"https:\/\/baldumarket.lt\/lt\/wp-json\/wp\/v2\/product"}],"about":[{"href":"https:\/\/baldumarket.lt\/lt\/wp-json\/wp\/v2\/types\/product"}],"replies":[{"embeddable":true,"href":"https:\/\/baldumarket.lt\/lt\/wp-json\/wp\/v2\/comments?post=151119"}],"wp:featuredmedia":[{"embeddable":true,"href":"https:\/\/baldumarket.lt\/lt\/wp-json\/wp\/v2\/media\/151174"}],"wp:attachment":[{"href":"https:\/\/baldumarket.lt\/lt\/wp-json\/wp\/v2\/media?parent=151119"}],"wp:term":[{"taxonomy":"product_brand","embeddable":true,"href":"https:\/\/baldumarket.lt\/lt\/wp-json\/wp\/v2\/product_brand?post=151119"},{"taxonomy":"product_cat","embeddable":true,"href":"https:\/\/baldumarket.lt\/lt\/wp-json\/wp\/v2\/product_cat?post=151119"},{"taxonomy":"product_tag","embeddable":true,"href":"https:\/\/baldumarket.lt\/lt\/wp-json\/wp\/v2\/product_tag?post=151119"}],"curies":[{"name":"wp","href":"https:\/\/api.w.org\/{rel}","templated":true}]}}