{"id":151117,"date":"2025-12-18T05:12:26","date_gmt":"2025-12-18T02:12:26","guid":{"rendered":"https:\/\/baldumarket.lt\/?post_type=product&#038;p=151117"},"modified":"2026-02-03T23:34:17","modified_gmt":"2026-02-03T20:34:17","slug":"lozko-tapicerowane-calypso-140x200-gr1","status":"publish","type":"product","link":"https:\/\/baldumarket.lt\/lt\/product\/lozko-tapicerowane-calypso-140x200-gr1\/","title":{"rendered":"Calypso mink\u0161ta lova 140\u00d7200 Gr1"},"content":{"rendered":"<h5><span style=\"color: #54859b\">Apsilankykite m\u016bs\u0173 virtualioje WERSAL prek\u0117s \u017eenklo parduotuv\u0117je<\/span><\/h5>\n<p> <a href=\"https:\/\/my.matterport.com\/show\/?m=SjRhosZFbQJ\" target=\"_blank\" rel=\"noopener\"><span style=\"color: #e47025\">https:\/\/my.matterport.com\/<\/span><\/a><\/p>\n<p>\u201eCalypso\u201c mink\u0161ta lova, kurios matmenys \u2013 140 \u00d7 200 cm, derina elegancij\u0105 ir funkcionalum\u0105, tod\u0117l puikiai tinka ma\u017eesniems miegamiesiems. I\u0161skirtinis dygsniuotas galv\u016bgalis suteikia atram\u0105 ir komfort\u0105, suteikdamas bet kokiam interjerui unikalaus stiliaus. Patvari konstrukcija garantuoja ilgaam\u017ei\u0161kum\u0105 ir ilgaam\u017ei\u0161kum\u0105. \u012evairios med\u017eiagos \u2013 nuo subtili\u0173 audini\u0173 iki eleganti\u0161ko aksomo \u2013 leid\u017eia pritaikyti lov\u0105 pagal asmeninius pageidavimus, si\u016blant pla\u010di\u0105 spalv\u0173 palet\u0119 \u2013 nuo neutrali\u0173 iki ry\u0161ki\u0173 atspalvi\u0173. \u0160i \u201eCalypso\u201c lovos versija puikiai tinka vienam vartotojui arba poroms, nes suteikia erdv\u0173 miegojimo pavir\u0161i\u0173 neu\u017eimdama per daug vietos. \u0160i lova neturi \u010diu\u017einio ar r\u0117mo, tod\u0117l galite laisvai rinktis \u0161iuos elementus pagal savo individualius miego ir komforto poreikius. Pasirink\u0119 tokio dyd\u017eio \u201eCalypso\u201c model\u012f, investicija \u012f nesenstant\u012f dizain\u0105 ir komfort\u0105 kiekvien\u0105 nakt\u012f. Matmenys:<\/p>","protected":false},"excerpt":{"rendered":"<p>Plotis: 158 cm<br \/>\n\u016agis: 109 cm<br \/>\nGylis: 222 cm<br \/>\nMiegamasis plotas: 140 \u00d7 200 cm<\/p>","protected":false},"featured_media":151169,"comment_status":"open","ping_status":"closed","template":"","meta":[],"product_brand":[],"product_cat":[9391,505,1970,4104],"product_tag":[],"class_list":{"0":"post-151117","1":"product","2":"type-product","3":"status-publish","4":"has-post-thumbnail","6":"product_cat-dream-wersal-upholstered-furniture","7":"product_cat-bedroom-beds","8":"product_cat-beds-140x200","9":"product_cat-wersal","11":"first","12":"instock","13":"shipping-taxable","14":"purchasable","15":"product-type-variable","16":"wvs-archive-product-wrapper"},"_links":{"self":[{"href":"https:\/\/baldumarket.lt\/lt\/wp-json\/wp\/v2\/product\/151117","targetHints":{"allow":["GET"]}}],"collection":[{"href":"https:\/\/baldumarket.lt\/lt\/wp-json\/wp\/v2\/product"}],"about":[{"href":"https:\/\/baldumarket.lt\/lt\/wp-json\/wp\/v2\/types\/product"}],"replies":[{"embeddable":true,"href":"https:\/\/baldumarket.lt\/lt\/wp-json\/wp\/v2\/comments?post=151117"}],"wp:featuredmedia":[{"embeddable":true,"href":"https:\/\/baldumarket.lt\/lt\/wp-json\/wp\/v2\/media\/151169"}],"wp:attachment":[{"href":"https:\/\/baldumarket.lt\/lt\/wp-json\/wp\/v2\/media?parent=151117"}],"wp:term":[{"taxonomy":"product_brand","embeddable":true,"href":"https:\/\/baldumarket.lt\/lt\/wp-json\/wp\/v2\/product_brand?post=151117"},{"taxonomy":"product_cat","embeddable":true,"href":"https:\/\/baldumarket.lt\/lt\/wp-json\/wp\/v2\/product_cat?post=151117"},{"taxonomy":"product_tag","embeddable":true,"href":"https:\/\/baldumarket.lt\/lt\/wp-json\/wp\/v2\/product_tag?post=151117"}],"curies":[{"name":"wp","href":"https:\/\/api.w.org\/{rel}","templated":true}]}}