{"id":151101,"date":"2025-12-18T05:11:54","date_gmt":"2025-12-18T02:11:54","guid":{"rendered":"https:\/\/baldumarket.lt\/?post_type=product&#038;p=151101"},"modified":"2026-02-03T23:34:17","modified_gmt":"2026-02-03T20:34:17","slug":"lozko-tapicerowane-fog-180x200-gr1","status":"publish","type":"product","link":"https:\/\/baldumarket.lt\/lt\/product\/lozko-tapicerowane-fog-180x200-gr1\/","title":{"rendered":"R\u016bko apmu\u0161alas lovai 180\u00d7200 Gr1"},"content":{"rendered":"<h5><span style=\"color: #54859b\">Apsilankykite m\u016bs\u0173 virtualioje WERSAL prek\u0117s \u017eenklo parduotuv\u0117je<\/span><\/h5>\n<p> <a href=\"https:\/\/my.matterport.com\/show\/?m=SjRhosZFbQJ\" target=\"_blank\" rel=\"noopener\"><span style=\"color: #e47025\">https:\/\/my.matterport.com\/<\/span><\/a><\/p>\n<p>\u201eFog\u201c apmu\u0161ta lova yra prabangaus poilsio sinonimas, si\u016blanti erdvi\u0105 180 \u00d7 200 cm miegojimo erdv\u0119. Jos dygsniuotas galv\u016bgalis ne tik padidina komfort\u0105, bet ir pagerina miegamojo estetik\u0105, suteikdamas jam eleganti\u0161k\u0105 charakter\u012f. Lova si\u016bloma su \u012fvairiomis apdailos med\u017eiagomis, tod\u0117l gali b\u016bti pritaikyta bet kokiam interjerui. Paprasta, patvari konstrukcija ir galimyb\u0117 pasirinkti savo \u010diu\u017ein\u012f garantuoja suasmenint\u0105 miego patirt\u012f. Matmenys:<\/p>","protected":false},"excerpt":{"rendered":"<p>Plotis: 204 cm<br \/>\nAuk\u0161tis: 120 cm<br \/>\nGylis: 225 cm<br \/>\nMiegamoji erdv\u0117: 180 \u00d7 200 cm<\/p>","protected":false},"featured_media":151160,"comment_status":"open","ping_status":"closed","template":"","meta":[],"product_brand":[],"product_cat":[9391,505,1972,4104],"product_tag":[],"class_list":{"0":"post-151101","1":"product","2":"type-product","3":"status-publish","4":"has-post-thumbnail","6":"product_cat-dream-wersal-upholstered-furniture","7":"product_cat-bedroom-beds","8":"product_cat-beds-180x200","9":"product_cat-wersal","11":"first","12":"instock","13":"shipping-taxable","14":"purchasable","15":"product-type-variable","16":"wvs-archive-product-wrapper"},"_links":{"self":[{"href":"https:\/\/baldumarket.lt\/lt\/wp-json\/wp\/v2\/product\/151101","targetHints":{"allow":["GET"]}}],"collection":[{"href":"https:\/\/baldumarket.lt\/lt\/wp-json\/wp\/v2\/product"}],"about":[{"href":"https:\/\/baldumarket.lt\/lt\/wp-json\/wp\/v2\/types\/product"}],"replies":[{"embeddable":true,"href":"https:\/\/baldumarket.lt\/lt\/wp-json\/wp\/v2\/comments?post=151101"}],"wp:featuredmedia":[{"embeddable":true,"href":"https:\/\/baldumarket.lt\/lt\/wp-json\/wp\/v2\/media\/151160"}],"wp:attachment":[{"href":"https:\/\/baldumarket.lt\/lt\/wp-json\/wp\/v2\/media?parent=151101"}],"wp:term":[{"taxonomy":"product_brand","embeddable":true,"href":"https:\/\/baldumarket.lt\/lt\/wp-json\/wp\/v2\/product_brand?post=151101"},{"taxonomy":"product_cat","embeddable":true,"href":"https:\/\/baldumarket.lt\/lt\/wp-json\/wp\/v2\/product_cat?post=151101"},{"taxonomy":"product_tag","embeddable":true,"href":"https:\/\/baldumarket.lt\/lt\/wp-json\/wp\/v2\/product_tag?post=151101"}],"curies":[{"name":"wp","href":"https:\/\/api.w.org\/{rel}","templated":true}]}}