{"id":151099,"date":"2025-12-18T05:11:53","date_gmt":"2025-12-18T02:11:53","guid":{"rendered":"https:\/\/baldumarket.lt\/?post_type=product&#038;p=151099"},"modified":"2026-02-03T23:34:18","modified_gmt":"2026-02-03T20:34:18","slug":"lozko-tapicerowane-fog-160x200-gr1","status":"publish","type":"product","link":"https:\/\/baldumarket.lt\/lt\/product\/lozko-tapicerowane-fog-160x200-gr1\/","title":{"rendered":"R\u016bko apmu\u0161alas lovai 160\u00d7200 Gr1"},"content":{"rendered":"<h5><span style=\"color: #54859b\">Apsilankykite m\u016bs\u0173 virtualioje WERSAL prek\u0117s \u017eenklo parduotuv\u0117je<\/span><\/h5>\n<p> <a href=\"https:\/\/my.matterport.com\/show\/?m=SjRhosZFbQJ\" target=\"_blank\" rel=\"noopener\"><span style=\"color: #e47025\">https:\/\/my.matterport.com\/<\/span><\/a><\/p>\n<p>Apmu\u0161ta \u201eFog\u201c lova yra eleganti\u0161kas ir patogus miegamojo baldas, kurio miegojimo plotas yra 160 \u00d7 200 cm. Pagrindinis jos bruo\u017eas \u2013 gausiai dygsniuotas apmu\u0161alas, kuris ne tik suteikia mink\u0161t\u0105 atram\u0105, bet ir suteikia kambariui prabangos. Ypa\u010d verta d\u0117mesio auk\u0161tas, kruop\u0161\u010diai apdirbtas galv\u016bgalis, suteikiantis komforto ir atramos skaitant ar ilsintis.<\/p>\n<p>\u201eFog\u201c lova si\u016bloma i\u0161 plataus med\u017eiag\u0173 ir spalv\u0173 pasirinkimo, tod\u0117l galite susikurti bald\u0105, kuris puikiai papildys j\u016bs\u0173 estetinius pageidavimus ir miegamojo charakter\u012f. Dizainas buvo kruop\u0161\u010diai apgalvotas, siekiant u\u017etikrinti patvarum\u0105 ir atsparum\u0105 kasdieniam naudojimui, o lov\u0105 galima pritaikyti prie pasirinkto \u010diu\u017einio, kad gal\u0117tum\u0117te suasmeninti miego komfort\u0105.<\/p>","protected":false},"excerpt":{"rendered":"<p>Plotis: 184 cm<br \/>\nAuk\u0161tis: 120 cm<br \/>\nGylis: 225 cm<br \/>\nMiegamoji erdv\u0117: 160 \u00d7 200 cm<\/p>","protected":false},"featured_media":151157,"comment_status":"open","ping_status":"closed","template":"","meta":[],"product_brand":[],"product_cat":[9391,505,1971,4104],"product_tag":[],"class_list":{"0":"post-151099","1":"product","2":"type-product","3":"status-publish","4":"has-post-thumbnail","6":"product_cat-dream-wersal-upholstered-furniture","7":"product_cat-bedroom-beds","8":"product_cat-beds-160x200","9":"product_cat-wersal","11":"first","12":"instock","13":"shipping-taxable","14":"purchasable","15":"product-type-variable","16":"wvs-archive-product-wrapper"},"_links":{"self":[{"href":"https:\/\/baldumarket.lt\/lt\/wp-json\/wp\/v2\/product\/151099","targetHints":{"allow":["GET"]}}],"collection":[{"href":"https:\/\/baldumarket.lt\/lt\/wp-json\/wp\/v2\/product"}],"about":[{"href":"https:\/\/baldumarket.lt\/lt\/wp-json\/wp\/v2\/types\/product"}],"replies":[{"embeddable":true,"href":"https:\/\/baldumarket.lt\/lt\/wp-json\/wp\/v2\/comments?post=151099"}],"wp:featuredmedia":[{"embeddable":true,"href":"https:\/\/baldumarket.lt\/lt\/wp-json\/wp\/v2\/media\/151157"}],"wp:attachment":[{"href":"https:\/\/baldumarket.lt\/lt\/wp-json\/wp\/v2\/media?parent=151099"}],"wp:term":[{"taxonomy":"product_brand","embeddable":true,"href":"https:\/\/baldumarket.lt\/lt\/wp-json\/wp\/v2\/product_brand?post=151099"},{"taxonomy":"product_cat","embeddable":true,"href":"https:\/\/baldumarket.lt\/lt\/wp-json\/wp\/v2\/product_cat?post=151099"},{"taxonomy":"product_tag","embeddable":true,"href":"https:\/\/baldumarket.lt\/lt\/wp-json\/wp\/v2\/product_tag?post=151099"}],"curies":[{"name":"wp","href":"https:\/\/api.w.org\/{rel}","templated":true}]}}