{"id":151083,"date":"2025-12-18T05:11:24","date_gmt":"2025-12-18T02:11:24","guid":{"rendered":"https:\/\/baldumarket.lt\/?post_type=product&#038;p=151083"},"modified":"2026-02-03T23:34:18","modified_gmt":"2026-02-03T20:34:18","slug":"lozko-tapicerowane-fog-140x200-gr1","status":"publish","type":"product","link":"https:\/\/baldumarket.lt\/lt\/product\/lozko-tapicerowane-fog-140x200-gr1\/","title":{"rendered":"R\u016bko apmu\u0161alas lovai 140\u00d7200 Gr1"},"content":{"rendered":"<h5><span style=\"color: #54859b\">Apsilankykite m\u016bs\u0173 virtualioje WERSAL prek\u0117s \u017eenklo parduotuv\u0117je<\/span><\/h5>\n<p> <a href=\"https:\/\/my.matterport.com\/show\/?m=SjRhosZFbQJ\" target=\"_blank\" rel=\"noopener\"><span style=\"color: #e47025\">https:\/\/my.matterport.com\/<\/span><\/a><\/p>\n<p>140 \u00d7 200 cm dyd\u017eio \u201eFog\u201c apmu\u0161ta lova yra stilingas ir funkcionalus pasirinkimas tiems, kurie vertina optimal\u0173 erdv\u0117s i\u0161naudojim\u0105 neaukodami komforto ir estetikos. P\u016bkuotas audinys, kuris yra ne tik dekoratyvus, bet ir suteikia papildomo mink\u0161tumo galv\u016bgaliui, puikiai dera tiek su moderniu, tiek su tradiciniu interjero dizainu. D\u0117l plataus apdailos pasirinkimo \u2013 nuo klasikini\u0173 audini\u0173 iki modernaus aksomo \u2013 lov\u0105 galima pritaikyti pagal individualius pageidavimus, sukuriant jauki\u0105 ir suasmenint\u0105 aplink\u0105. Spalv\u0173 palet\u0117, apimanti tiek neutralius, tiek ry\u0161kesnius atspalvius, leid\u017eia sukurti unikal\u0173 miegamojo centr\u0105. \u201eFog\u201c lovos konstrukcija garantuoja patvarum\u0105 ir stabilum\u0105, o ergonomi\u0161ki matmenys leid\u017eia patogiai ils\u0117tis, nepriklausomai nuo kambario matmen\u0173. Galimyb\u0117 pasirinkti \u010diu\u017ein\u012f, kuris geriausiai atitinka j\u016bs\u0173 poreikius, yra dar vienas privalumas, tod\u0117l \u0161i lova yra prakti\u0161kas pasirinkimas u\u017e patraukli\u0105 kain\u0105. Tiek minimalistiniame, tiek gausiai dekoruotame interjere \u201eFog\u201c lova s\u0117kmingai patenkins t\u0173, kurie ie\u0161ko funkcionalumo ir rafinuoto skonio derinio, l\u016bkes\u010dius. Matmenys:<\/p>","protected":false},"excerpt":{"rendered":"<p>Plotis: 164 cm<br \/>\nAuk\u0161tis: 120 cm<br \/>\nGylis: 225 cm<br \/>\nMiegamasis plotas: 140 \u00d7 200 cm<\/p>","protected":false},"featured_media":151154,"comment_status":"open","ping_status":"closed","template":"","meta":[],"product_brand":[],"product_cat":[9391,505,1970,4104],"product_tag":[],"class_list":{"0":"post-151083","1":"product","2":"type-product","3":"status-publish","4":"has-post-thumbnail","6":"product_cat-dream-wersal-upholstered-furniture","7":"product_cat-bedroom-beds","8":"product_cat-beds-140x200","9":"product_cat-wersal","11":"first","12":"instock","13":"shipping-taxable","14":"purchasable","15":"product-type-variable","16":"wvs-archive-product-wrapper"},"_links":{"self":[{"href":"https:\/\/baldumarket.lt\/lt\/wp-json\/wp\/v2\/product\/151083","targetHints":{"allow":["GET"]}}],"collection":[{"href":"https:\/\/baldumarket.lt\/lt\/wp-json\/wp\/v2\/product"}],"about":[{"href":"https:\/\/baldumarket.lt\/lt\/wp-json\/wp\/v2\/types\/product"}],"replies":[{"embeddable":true,"href":"https:\/\/baldumarket.lt\/lt\/wp-json\/wp\/v2\/comments?post=151083"}],"wp:featuredmedia":[{"embeddable":true,"href":"https:\/\/baldumarket.lt\/lt\/wp-json\/wp\/v2\/media\/151154"}],"wp:attachment":[{"href":"https:\/\/baldumarket.lt\/lt\/wp-json\/wp\/v2\/media?parent=151083"}],"wp:term":[{"taxonomy":"product_brand","embeddable":true,"href":"https:\/\/baldumarket.lt\/lt\/wp-json\/wp\/v2\/product_brand?post=151083"},{"taxonomy":"product_cat","embeddable":true,"href":"https:\/\/baldumarket.lt\/lt\/wp-json\/wp\/v2\/product_cat?post=151083"},{"taxonomy":"product_tag","embeddable":true,"href":"https:\/\/baldumarket.lt\/lt\/wp-json\/wp\/v2\/product_tag?post=151083"}],"curies":[{"name":"wp","href":"https:\/\/api.w.org\/{rel}","templated":true}]}}