{"id":151081,"date":"2025-12-18T05:11:23","date_gmt":"2025-12-18T02:11:23","guid":{"rendered":"https:\/\/baldumarket.lt\/?post_type=product&#038;p=151081"},"modified":"2026-02-03T23:34:18","modified_gmt":"2026-02-03T20:34:18","slug":"lozko-kontynentalne-kano-180x200-gr1","status":"publish","type":"product","link":"https:\/\/baldumarket.lt\/lt\/product\/lozko-kontynentalne-kano-180x200-gr1\/","title":{"rendered":"Kano kontinentin\u0117 lova 180\u00d7200 Gr1"},"content":{"rendered":"<h5><span style=\"color: #54859b\">Apsilankykite m\u016bs\u0173 virtualioje WERSAL prek\u0117s \u017eenklo parduotuv\u0117je<\/span><\/h5>\n<p> <a href=\"https:\/\/my.matterport.com\/show\/?m=SjRhosZFbQJ\" target=\"_blank\" rel=\"noopener\"><span style=\"color: #e47025\">https:\/\/my.matterport.com\/<\/span><\/a><\/p>\n<p>\u012e \u0161\u012f pasi\u016blym\u0105 \u012feina \u201eWersal&#039;s Box Springs\u201c serijos kontinentin\u0117 auk\u0161ta lova \u201eKano\u201c. Tai puikus pasirinkimas ie\u0161kantiems tobulo komforto d\u0117l dviej\u0173 \u010diu\u017eini\u0173 ir papildomo ant\u010diu\u017einio. Pirmasis \u010diu\u017einys turi \u201eBonnell\u201c spyruokli\u0173 \u0161erd\u012f su unikaliomis savyb\u0117mis, kurios reguliuoja kietum\u0105 pagal sl\u0117g\u012f. Antrasis \u2013 modernus ki\u0161enini\u0173 spyruokli\u0173 \u010diu\u017einys su septyniomis kietumo zonomis konkre\u010dioms k\u016bno vietoms. Be to, lovos vir\u0161uje yra patogus, lankstus putplas\u010dio ant\u010diu\u017einis, kuris d\u0117l savo savybi\u0173 puikiai prisitaiko prie naudotojo formos ir u\u017etikrina ram\u0173 nakties mieg\u0105.<\/p>","protected":false},"excerpt":{"rendered":"<p>Plotis: 183 cm<br \/>\n\u016agis: 108\u2013119 cm<br \/>\nGylis: 229 cm<br \/>\nMiegamoji erdv\u0117: 180 \u00d7 200 cm<\/p>","protected":false},"featured_media":151144,"comment_status":"open","ping_status":"closed","template":"","meta":[],"product_brand":[],"product_cat":[9391,505,1972,514,4104],"product_tag":[],"class_list":{"0":"post-151081","1":"product","2":"type-product","3":"status-publish","4":"has-post-thumbnail","6":"product_cat-dream-wersal-upholstered-furniture","7":"product_cat-bedroom-beds","8":"product_cat-beds-180x200","9":"product_cat-continental-beds","10":"product_cat-wersal","12":"first","13":"instock","14":"shipping-taxable","15":"purchasable","16":"product-type-variable","17":"wvs-archive-product-wrapper"},"_links":{"self":[{"href":"https:\/\/baldumarket.lt\/lt\/wp-json\/wp\/v2\/product\/151081","targetHints":{"allow":["GET"]}}],"collection":[{"href":"https:\/\/baldumarket.lt\/lt\/wp-json\/wp\/v2\/product"}],"about":[{"href":"https:\/\/baldumarket.lt\/lt\/wp-json\/wp\/v2\/types\/product"}],"replies":[{"embeddable":true,"href":"https:\/\/baldumarket.lt\/lt\/wp-json\/wp\/v2\/comments?post=151081"}],"wp:featuredmedia":[{"embeddable":true,"href":"https:\/\/baldumarket.lt\/lt\/wp-json\/wp\/v2\/media\/151144"}],"wp:attachment":[{"href":"https:\/\/baldumarket.lt\/lt\/wp-json\/wp\/v2\/media?parent=151081"}],"wp:term":[{"taxonomy":"product_brand","embeddable":true,"href":"https:\/\/baldumarket.lt\/lt\/wp-json\/wp\/v2\/product_brand?post=151081"},{"taxonomy":"product_cat","embeddable":true,"href":"https:\/\/baldumarket.lt\/lt\/wp-json\/wp\/v2\/product_cat?post=151081"},{"taxonomy":"product_tag","embeddable":true,"href":"https:\/\/baldumarket.lt\/lt\/wp-json\/wp\/v2\/product_tag?post=151081"}],"curies":[{"name":"wp","href":"https:\/\/api.w.org\/{rel}","templated":true}]}}