{"id":151066,"date":"2025-12-18T05:10:56","date_gmt":"2025-12-18T02:10:56","guid":{"rendered":"https:\/\/baldumarket.lt\/?post_type=product&#038;p=151066"},"modified":"2026-02-03T23:34:18","modified_gmt":"2026-02-03T20:34:18","slug":"lozko-kontynentalne-kano-160x200-gr1","status":"publish","type":"product","link":"https:\/\/baldumarket.lt\/lt\/product\/lozko-kontynentalne-kano-160x200-gr1\/","title":{"rendered":"Kano kontinentin\u0117 lova 160\u00d7200 Gr1"},"content":{"rendered":"<h5><span style=\"color: #54859b\">Apsilankykite m\u016bs\u0173 virtualioje WERSAL prek\u0117s \u017eenklo parduotuv\u0117je<\/span><\/h5>\n<p> <a href=\"https:\/\/my.matterport.com\/show\/?m=SjRhosZFbQJ\" target=\"_blank\" rel=\"noopener\"><span style=\"color: #e47025\">https:\/\/my.matterport.com\/<\/span><\/a><\/p>\n<p>160 \u00d7 200 cm dyd\u017eio \u201eKano\u201c spyruoklin\u0117 lova suteikia neprilygstam\u0105 erdv\u0117s ir prabangos poj\u016bt\u012f. \u010ciu\u017einyje yra \u201eBonnell\u201c ir ki\u0161enini\u0173 spyruokli\u0173, tod\u0117l jis suteikia universal\u0173 atramos lyg\u012f ir auk\u0161\u010diausi\u0105 komforto lyg\u012f. Reguliuojama galvos atrama leid\u017eia pritaikyti jos pad\u0117t\u012f pagal asmeninius pageidavimus, taip padidinant komfort\u0105 skaitant ar \u017ei\u016brint televizori\u0173. Tokios detal\u0117s kaip subtilus galvos atramos dygsniavimas ir prakti\u0161kas patalyn\u0117s skyrius papildo rafinuot\u0105 dizain\u0105 ir sukuria tobul\u0105 viet\u0105 atsipalaiduoti.<\/p>","protected":false},"excerpt":{"rendered":"<p>Plotis: 163 cm<br \/>\n\u016agis: 108\u2013119 cm<br \/>\nGylis: 229 cm<br \/>\nMiegamoji erdv\u0117: 160 \u00d7 200 cm<\/p>","protected":false},"featured_media":151138,"comment_status":"open","ping_status":"closed","template":"","meta":[],"product_brand":[],"product_cat":[9391,505,1971,514,4104],"product_tag":[],"class_list":{"0":"post-151066","1":"product","2":"type-product","3":"status-publish","4":"has-post-thumbnail","6":"product_cat-dream-wersal-upholstered-furniture","7":"product_cat-bedroom-beds","8":"product_cat-beds-160x200","9":"product_cat-continental-beds","10":"product_cat-wersal","12":"first","13":"instock","14":"shipping-taxable","15":"purchasable","16":"product-type-variable","17":"wvs-archive-product-wrapper"},"_links":{"self":[{"href":"https:\/\/baldumarket.lt\/lt\/wp-json\/wp\/v2\/product\/151066","targetHints":{"allow":["GET"]}}],"collection":[{"href":"https:\/\/baldumarket.lt\/lt\/wp-json\/wp\/v2\/product"}],"about":[{"href":"https:\/\/baldumarket.lt\/lt\/wp-json\/wp\/v2\/types\/product"}],"replies":[{"embeddable":true,"href":"https:\/\/baldumarket.lt\/lt\/wp-json\/wp\/v2\/comments?post=151066"}],"wp:featuredmedia":[{"embeddable":true,"href":"https:\/\/baldumarket.lt\/lt\/wp-json\/wp\/v2\/media\/151138"}],"wp:attachment":[{"href":"https:\/\/baldumarket.lt\/lt\/wp-json\/wp\/v2\/media?parent=151066"}],"wp:term":[{"taxonomy":"product_brand","embeddable":true,"href":"https:\/\/baldumarket.lt\/lt\/wp-json\/wp\/v2\/product_brand?post=151066"},{"taxonomy":"product_cat","embeddable":true,"href":"https:\/\/baldumarket.lt\/lt\/wp-json\/wp\/v2\/product_cat?post=151066"},{"taxonomy":"product_tag","embeddable":true,"href":"https:\/\/baldumarket.lt\/lt\/wp-json\/wp\/v2\/product_tag?post=151066"}],"curies":[{"name":"wp","href":"https:\/\/api.w.org\/{rel}","templated":true}]}}