{"id":151064,"date":"2025-12-18T05:10:54","date_gmt":"2025-12-18T02:10:54","guid":{"rendered":"https:\/\/baldumarket.lt\/?post_type=product&#038;p=151064"},"modified":"2026-02-03T23:34:19","modified_gmt":"2026-02-03T20:34:19","slug":"lozko-kontynentalne-kano-140x200-gr1","status":"publish","type":"product","link":"https:\/\/baldumarket.lt\/lt\/product\/lozko-kontynentalne-kano-140x200-gr1\/","title":{"rendered":"Kano kontinentin\u0117 lova 140\u00d7200 Gr1"},"content":{"rendered":"<h5><span style=\"color: #54859b\">Apsilankykite m\u016bs\u0173 virtualioje WERSAL prek\u0117s \u017eenklo parduotuv\u0117je<\/span><\/h5>\n<p> <a href=\"https:\/\/my.matterport.com\/show\/?m=SjRhosZFbQJ\" target=\"_blank\" rel=\"noopener\"><span style=\"color: #e47025\">https:\/\/my.matterport.com\/<\/span><\/a><\/p>\n<p>\u201eKano\u201c spyruoklin\u0117 lova, kurios matmenys 140 \u00d7 200 cm, yra komforto \u012fsik\u016bnijimas kompakti\u0161kame name.<br \/>\nformatas. Integruotas \u201eBonnell\u201c spyruoklinis \u010diu\u017einys ir 7 zon\u0173 ki\u0161enini\u0173 spyruokli\u0173 \u010diu\u017einys<br \/>\nsuteikia individualizuot\u0105 k\u016bno atram\u0105, o reguliuojamo auk\u0161\u010dio galvos atrama<br \/>\npagerina funkcionalum\u0105 ir komfort\u0105. Eleganti\u0161ka apdaila ir patalyn\u0117s skyrius<br \/>\npabr\u0117\u017eti \u0161ios lovos i\u0161man\u0173 dizain\u0105, kuris puikiai tinka<br \/>\n\u012f ma\u017eesnes erdves.<\/p>","protected":false},"excerpt":{"rendered":"<p>Plotis: 143 cm<br \/>\n\u016agis: 108\u2013119 cm<br \/>\nGylis: 229 cm<br \/>\nMiegamasis plotas: 140 \u00d7 200 cm<\/p>","protected":false},"featured_media":151128,"comment_status":"open","ping_status":"closed","template":"","meta":[],"product_brand":[],"product_cat":[9391,505,1970,514,4104],"product_tag":[],"class_list":{"0":"post-151064","1":"product","2":"type-product","3":"status-publish","4":"has-post-thumbnail","6":"product_cat-dream-wersal-upholstered-furniture","7":"product_cat-bedroom-beds","8":"product_cat-beds-140x200","9":"product_cat-continental-beds","10":"product_cat-wersal","12":"first","13":"instock","14":"shipping-taxable","15":"purchasable","16":"product-type-variable","17":"wvs-archive-product-wrapper"},"_links":{"self":[{"href":"https:\/\/baldumarket.lt\/lt\/wp-json\/wp\/v2\/product\/151064","targetHints":{"allow":["GET"]}}],"collection":[{"href":"https:\/\/baldumarket.lt\/lt\/wp-json\/wp\/v2\/product"}],"about":[{"href":"https:\/\/baldumarket.lt\/lt\/wp-json\/wp\/v2\/types\/product"}],"replies":[{"embeddable":true,"href":"https:\/\/baldumarket.lt\/lt\/wp-json\/wp\/v2\/comments?post=151064"}],"wp:featuredmedia":[{"embeddable":true,"href":"https:\/\/baldumarket.lt\/lt\/wp-json\/wp\/v2\/media\/151128"}],"wp:attachment":[{"href":"https:\/\/baldumarket.lt\/lt\/wp-json\/wp\/v2\/media?parent=151064"}],"wp:term":[{"taxonomy":"product_brand","embeddable":true,"href":"https:\/\/baldumarket.lt\/lt\/wp-json\/wp\/v2\/product_brand?post=151064"},{"taxonomy":"product_cat","embeddable":true,"href":"https:\/\/baldumarket.lt\/lt\/wp-json\/wp\/v2\/product_cat?post=151064"},{"taxonomy":"product_tag","embeddable":true,"href":"https:\/\/baldumarket.lt\/lt\/wp-json\/wp\/v2\/product_tag?post=151064"}],"curies":[{"name":"wp","href":"https:\/\/api.w.org\/{rel}","templated":true}]}}