{"id":151050,"date":"2025-12-18T05:10:27","date_gmt":"2025-12-18T02:10:27","guid":{"rendered":"https:\/\/baldumarket.lt\/?post_type=product&#038;p=151050"},"modified":"2026-02-03T23:34:20","modified_gmt":"2026-02-03T20:34:20","slug":"lozko-kontynentalne-minola-180x200-gr1","status":"publish","type":"product","link":"https:\/\/baldumarket.lt\/lt\/product\/lozko-kontynentalne-minola-180x200-gr1\/","title":{"rendered":"Minola kontinentin\u0117 lova 180&#215;200 Gr1"},"content":{"rendered":"<h5><span style=\"color: #54859b\">Apsilankykite m\u016bs\u0173 virtualioje WERSAL prek\u0117s \u017eenklo parduotuv\u0117je<\/span><\/h5>\n<p> <a href=\"https:\/\/my.matterport.com\/show\/?m=SjRhosZFbQJ\" target=\"_blank\" rel=\"noopener\"><span style=\"color: #e47025\">https:\/\/my.matterport.com\/<\/span><\/a><\/p>\n<p>\u201eMinola\u201c spyruoklin\u0117 lova, kurios did\u017eiausias galimas dydis yra 180 \u00d7 200 cm, yra<\/p>\n<p>Erdv\u0117s ir komforto sinonimas. \u201eBonnell\u201c ir ki\u0161enini\u0173 spyruokli\u0173 \u010diu\u017eini\u0173 derinys garantuoja ideal\u0173 palaikym\u0105 kiekvienai fig\u016brai, o<\/p>\n<p>novatori\u0161ka, reguliuojama galvos atrama leid\u017eia puikiai prisitaikyti prie<\/p>\n<p>individual\u016bs poreikiai. Prakti\u0161kas patalyn\u0117s skyrius ir subtilus<\/p>\n<p>galvos atramos ir s\u0117dyn\u0117s apmu\u0161alai suteikia i\u0161skirtinio charakterio,<\/p>\n<p>tod\u0117l \u201eKano\u201c lova yra puikus pasirinkimas tiems, kurie ie\u0161ko<\/p>\n<p>tobulas stiliaus ir funkcijos derinys.<\/p>","protected":false},"excerpt":{"rendered":"<p>Plotis: 199 cm<br \/>\n\u016agis: 121 cm<br \/>\nGylis: 217 cm<br \/>\nMiegamoji erdv\u0117: 180 \u00d7 200 cm<\/p>","protected":false},"featured_media":151121,"comment_status":"open","ping_status":"closed","template":"","meta":[],"product_brand":[],"product_cat":[9391,505,1972,514,4104],"product_tag":[],"class_list":{"0":"post-151050","1":"product","2":"type-product","3":"status-publish","4":"has-post-thumbnail","6":"product_cat-dream-wersal-upholstered-furniture","7":"product_cat-bedroom-beds","8":"product_cat-beds-180x200","9":"product_cat-continental-beds","10":"product_cat-wersal","12":"first","13":"instock","14":"shipping-taxable","15":"purchasable","16":"product-type-variable","17":"wvs-archive-product-wrapper"},"_links":{"self":[{"href":"https:\/\/baldumarket.lt\/lt\/wp-json\/wp\/v2\/product\/151050","targetHints":{"allow":["GET"]}}],"collection":[{"href":"https:\/\/baldumarket.lt\/lt\/wp-json\/wp\/v2\/product"}],"about":[{"href":"https:\/\/baldumarket.lt\/lt\/wp-json\/wp\/v2\/types\/product"}],"replies":[{"embeddable":true,"href":"https:\/\/baldumarket.lt\/lt\/wp-json\/wp\/v2\/comments?post=151050"}],"wp:featuredmedia":[{"embeddable":true,"href":"https:\/\/baldumarket.lt\/lt\/wp-json\/wp\/v2\/media\/151121"}],"wp:attachment":[{"href":"https:\/\/baldumarket.lt\/lt\/wp-json\/wp\/v2\/media?parent=151050"}],"wp:term":[{"taxonomy":"product_brand","embeddable":true,"href":"https:\/\/baldumarket.lt\/lt\/wp-json\/wp\/v2\/product_brand?post=151050"},{"taxonomy":"product_cat","embeddable":true,"href":"https:\/\/baldumarket.lt\/lt\/wp-json\/wp\/v2\/product_cat?post=151050"},{"taxonomy":"product_tag","embeddable":true,"href":"https:\/\/baldumarket.lt\/lt\/wp-json\/wp\/v2\/product_tag?post=151050"}],"curies":[{"name":"wp","href":"https:\/\/api.w.org\/{rel}","templated":true}]}}