{"id":151048,"date":"2025-12-18T05:10:25","date_gmt":"2025-12-18T02:10:25","guid":{"rendered":"https:\/\/baldumarket.lt\/?post_type=product&#038;p=151048"},"modified":"2026-02-03T23:34:20","modified_gmt":"2026-02-03T20:34:20","slug":"lozko-kontynentalne-minola-160x200-gr1","status":"publish","type":"product","link":"https:\/\/baldumarket.lt\/lt\/product\/lozko-kontynentalne-minola-160x200-gr1\/","title":{"rendered":"Minola kontinentin\u0117 lova 160\u00d7200 Gr1"},"content":{"rendered":"<h5><span style=\"color: #54859b\">Apsilankykite m\u016bs\u0173 virtualioje WERSAL prek\u0117s \u017eenklo parduotuv\u0117je<\/span><\/h5>\n<p> <a href=\"https:\/\/my.matterport.com\/show\/?m=SjRhosZFbQJ\" target=\"_blank\" rel=\"noopener\"><span style=\"color: #e47025\">https:\/\/my.matterport.com\/<\/span><\/a><\/p>\n<p>Prabangi \u201eMinola\u201c spyruoklin\u0117 lova \u2013 komforto ir stiliaus \u012fsik\u016bnijimas, puikiai tinkanti tiems, kurie vertina erdvum\u0105 ir komfort\u0105. \u010ciu\u017einys \u201eBonnell\u201c spyruokl\u0117mis suteikia b\u016btin\u0105 atram\u0105, o 7 zon\u0173 ki\u0161enini\u0173 spyruokli\u0173 \u010diu\u017einys prisitaiko prie k\u016bno form\u0173, u\u017etikrindamas neprilygstam\u0105 komfort\u0105. Eleganti\u0161kos detal\u0117s, tokios kaip kruop\u0161tus dygsniavimas ir diskreti\u0161kai pasl\u0117ptas patalyn\u0117s skyrius, suteikia funkcionalumo, kartu i\u0161laikant grak\u0161\u010dias ir modernias bald\u0173 linijas. \u0160i lova \u017eada atkuriam\u0105j\u012f mieg\u0105 ir nuostab\u0173 bet kurio miegamojo papildym\u0105.<\/p>","protected":false},"excerpt":{"rendered":"<p>Plotis: 179 cm<br \/>\n\u016agis: 121 cm<br \/>\nGylis: 217 cm<br \/>\nMiegamoji erdv\u0117: 160 \u00d7 200 cm<\/p>","protected":false},"featured_media":151110,"comment_status":"open","ping_status":"closed","template":"","meta":[],"product_brand":[],"product_cat":[9391,505,1971,514,4104],"product_tag":[],"class_list":{"0":"post-151048","1":"product","2":"type-product","3":"status-publish","4":"has-post-thumbnail","6":"product_cat-dream-wersal-upholstered-furniture","7":"product_cat-bedroom-beds","8":"product_cat-beds-160x200","9":"product_cat-continental-beds","10":"product_cat-wersal","12":"first","13":"instock","14":"shipping-taxable","15":"purchasable","16":"product-type-variable","17":"wvs-archive-product-wrapper"},"_links":{"self":[{"href":"https:\/\/baldumarket.lt\/lt\/wp-json\/wp\/v2\/product\/151048","targetHints":{"allow":["GET"]}}],"collection":[{"href":"https:\/\/baldumarket.lt\/lt\/wp-json\/wp\/v2\/product"}],"about":[{"href":"https:\/\/baldumarket.lt\/lt\/wp-json\/wp\/v2\/types\/product"}],"replies":[{"embeddable":true,"href":"https:\/\/baldumarket.lt\/lt\/wp-json\/wp\/v2\/comments?post=151048"}],"wp:featuredmedia":[{"embeddable":true,"href":"https:\/\/baldumarket.lt\/lt\/wp-json\/wp\/v2\/media\/151110"}],"wp:attachment":[{"href":"https:\/\/baldumarket.lt\/lt\/wp-json\/wp\/v2\/media?parent=151048"}],"wp:term":[{"taxonomy":"product_brand","embeddable":true,"href":"https:\/\/baldumarket.lt\/lt\/wp-json\/wp\/v2\/product_brand?post=151048"},{"taxonomy":"product_cat","embeddable":true,"href":"https:\/\/baldumarket.lt\/lt\/wp-json\/wp\/v2\/product_cat?post=151048"},{"taxonomy":"product_tag","embeddable":true,"href":"https:\/\/baldumarket.lt\/lt\/wp-json\/wp\/v2\/product_tag?post=151048"}],"curies":[{"name":"wp","href":"https:\/\/api.w.org\/{rel}","templated":true}]}}