{"id":151032,"date":"2025-12-18T05:09:56","date_gmt":"2025-12-18T02:09:56","guid":{"rendered":"https:\/\/baldumarket.lt\/?post_type=product&#038;p=151032"},"modified":"2026-02-03T23:34:20","modified_gmt":"2026-02-03T20:34:20","slug":"lozko-kontynentalne-minola-140x200-gr1","status":"publish","type":"product","link":"https:\/\/baldumarket.lt\/lt\/product\/lozko-kontynentalne-minola-140x200-gr1\/","title":{"rendered":"Minola kontinentin\u0117 lova 140&#215;200 Gr1"},"content":{"rendered":"<h5><span style=\"color: #54859b\">Apsilankykite m\u016bs\u0173 virtualioje WERSAL prek\u0117s \u017eenklo parduotuv\u0117je<\/span><\/h5>\n<p> <a href=\"https:\/\/my.matterport.com\/show\/?m=SjRhosZFbQJ\" target=\"_blank\" rel=\"noopener\"><span style=\"color: #e47025\">https:\/\/my.matterport.com\/<\/span><\/a><\/p>\n<p>\u201eMinola\u201c spyruoklin\u0117 lova, kurios matmenys 140 \u00d7 200 cm, yra puikus pasirinkimas ie\u0161kantiems kompakti\u0161ko sprendimo neaukojant komforto.<\/p>\n<p>Klasikinio \u201eBonnell\u201c spyruoklinio \u010diu\u017einio ir pa\u017eangaus 7 zon\u0173 ki\u0161enini\u0173 spyruokli\u0173 \u010diu\u017einio derinys garantuoja auk\u0161\u010diausi\u0105 atramos ir komforto lyg\u012f. Tokios detal\u0117s kaip mink\u0161tas dygsniavimas ir prakti\u0161kas patalyn\u0117s skyrius padidina jo prakti\u0161kum\u0105 ir estetin\u012f patrauklum\u0105, tod\u0117l tai puiki lova ma\u017eesn\u0117ms erdv\u0117ms.<\/p>","protected":false},"excerpt":{"rendered":"<p>Plotis: 159 cm<br \/>\n\u016agis: 121 cm<br \/>\nGylis: 217 cm<br \/>\nMiegamasis plotas: 140 \u00d7 200 cm<\/p>","protected":false},"featured_media":151103,"comment_status":"open","ping_status":"closed","template":"","meta":[],"product_brand":[],"product_cat":[9391,505,1970,514,4104],"product_tag":[],"class_list":{"0":"post-151032","1":"product","2":"type-product","3":"status-publish","4":"has-post-thumbnail","6":"product_cat-dream-wersal-upholstered-furniture","7":"product_cat-bedroom-beds","8":"product_cat-beds-140x200","9":"product_cat-continental-beds","10":"product_cat-wersal","12":"first","13":"instock","14":"shipping-taxable","15":"purchasable","16":"product-type-variable","17":"wvs-archive-product-wrapper"},"_links":{"self":[{"href":"https:\/\/baldumarket.lt\/lt\/wp-json\/wp\/v2\/product\/151032","targetHints":{"allow":["GET"]}}],"collection":[{"href":"https:\/\/baldumarket.lt\/lt\/wp-json\/wp\/v2\/product"}],"about":[{"href":"https:\/\/baldumarket.lt\/lt\/wp-json\/wp\/v2\/types\/product"}],"replies":[{"embeddable":true,"href":"https:\/\/baldumarket.lt\/lt\/wp-json\/wp\/v2\/comments?post=151032"}],"wp:featuredmedia":[{"embeddable":true,"href":"https:\/\/baldumarket.lt\/lt\/wp-json\/wp\/v2\/media\/151103"}],"wp:attachment":[{"href":"https:\/\/baldumarket.lt\/lt\/wp-json\/wp\/v2\/media?parent=151032"}],"wp:term":[{"taxonomy":"product_brand","embeddable":true,"href":"https:\/\/baldumarket.lt\/lt\/wp-json\/wp\/v2\/product_brand?post=151032"},{"taxonomy":"product_cat","embeddable":true,"href":"https:\/\/baldumarket.lt\/lt\/wp-json\/wp\/v2\/product_cat?post=151032"},{"taxonomy":"product_tag","embeddable":true,"href":"https:\/\/baldumarket.lt\/lt\/wp-json\/wp\/v2\/product_tag?post=151032"}],"curies":[{"name":"wp","href":"https:\/\/api.w.org\/{rel}","templated":true}]}}