{"id":151030,"date":"2025-12-18T05:09:55","date_gmt":"2025-12-18T02:09:55","guid":{"rendered":"https:\/\/baldumarket.lt\/?post_type=product&#038;p=151030"},"modified":"2026-02-03T23:34:20","modified_gmt":"2026-02-03T20:34:20","slug":"lozko-kontynentalne-fresco-180x200-gr1","status":"publish","type":"product","link":"https:\/\/baldumarket.lt\/lt\/product\/lozko-kontynentalne-fresco-180x200-gr1\/","title":{"rendered":"Fresco kontinentin\u0117 lova 180\u00d7200 Gr1"},"content":{"rendered":"<h5><span style=\"color: #54859b\">Apsilankykite m\u016bs\u0173 virtualioje WERSAL prek\u0117s \u017eenklo parduotuv\u0117je<\/span><\/h5>\n<p> <a href=\"https:\/\/my.matterport.com\/show\/?m=SjRhosZFbQJ\" target=\"_blank\" rel=\"noopener\"><span style=\"color: #e47025\">https:\/\/my.matterport.com\/<\/span><\/a><\/p>\n<p>Prabangi \u201eFresco\u201c lova, kurios matmenys \u2013 180 \u00d7 200 cm, skirta miegoti kartu. \u012evair\u016bs \u010diu\u017einiai, \u012fskaitant \u201eBonnell\u201c spyruokles ir 7 zon\u0173 ki\u0161enines spyruokles, suteikia individualiai pritaikyt\u0105 atram\u0105 kiekvienam naudotojui. Eleganti\u0161ki \u010diu\u017einiai ir tiksliai apdirbtos detal\u0117s, tokios kaip diskreti\u0161kas lovos r\u0117mas, sustiprina rafinuoto stiliaus ir auk\u0161tos kokyb\u0117s meistri\u0161kumo \u012fsp\u016bd\u012f.<\/p>","protected":false},"excerpt":{"rendered":"<p>Plotis: 189 cm<br \/>\n\u016agis: 111 cm<br \/>\nGylis: 222 cm<br \/>\nMiegamoji erdv\u0117: 180 \u00d7 200 cm<\/p>","protected":false},"featured_media":151092,"comment_status":"open","ping_status":"closed","template":"","meta":[],"product_brand":[],"product_cat":[9391,505,1972,514,4104],"product_tag":[],"class_list":{"0":"post-151030","1":"product","2":"type-product","3":"status-publish","4":"has-post-thumbnail","6":"product_cat-dream-wersal-upholstered-furniture","7":"product_cat-bedroom-beds","8":"product_cat-beds-180x200","9":"product_cat-continental-beds","10":"product_cat-wersal","12":"first","13":"instock","14":"shipping-taxable","15":"purchasable","16":"product-type-variable","17":"wvs-archive-product-wrapper"},"_links":{"self":[{"href":"https:\/\/baldumarket.lt\/lt\/wp-json\/wp\/v2\/product\/151030","targetHints":{"allow":["GET"]}}],"collection":[{"href":"https:\/\/baldumarket.lt\/lt\/wp-json\/wp\/v2\/product"}],"about":[{"href":"https:\/\/baldumarket.lt\/lt\/wp-json\/wp\/v2\/types\/product"}],"replies":[{"embeddable":true,"href":"https:\/\/baldumarket.lt\/lt\/wp-json\/wp\/v2\/comments?post=151030"}],"wp:featuredmedia":[{"embeddable":true,"href":"https:\/\/baldumarket.lt\/lt\/wp-json\/wp\/v2\/media\/151092"}],"wp:attachment":[{"href":"https:\/\/baldumarket.lt\/lt\/wp-json\/wp\/v2\/media?parent=151030"}],"wp:term":[{"taxonomy":"product_brand","embeddable":true,"href":"https:\/\/baldumarket.lt\/lt\/wp-json\/wp\/v2\/product_brand?post=151030"},{"taxonomy":"product_cat","embeddable":true,"href":"https:\/\/baldumarket.lt\/lt\/wp-json\/wp\/v2\/product_cat?post=151030"},{"taxonomy":"product_tag","embeddable":true,"href":"https:\/\/baldumarket.lt\/lt\/wp-json\/wp\/v2\/product_tag?post=151030"}],"curies":[{"name":"wp","href":"https:\/\/api.w.org\/{rel}","templated":true}]}}