{"id":151014,"date":"2025-12-18T05:09:27","date_gmt":"2025-12-18T02:09:27","guid":{"rendered":"https:\/\/baldumarket.lt\/?post_type=product&#038;p=151014"},"modified":"2026-02-03T23:34:20","modified_gmt":"2026-02-03T20:34:20","slug":"lozko-kontynentalne-fresco-160x200-gr1","status":"publish","type":"product","link":"https:\/\/baldumarket.lt\/lt\/product\/lozko-kontynentalne-fresco-160x200-gr1\/","title":{"rendered":"Fresco kontinentin\u0117 lova 160&#215;200 Gr1"},"content":{"rendered":"<h5><span style=\"color: #54859b\">Apsilankykite m\u016bs\u0173 virtualioje WERSAL prek\u0117s \u017eenklo parduotuv\u0117je<\/span><\/h5>\n<p> <a href=\"https:\/\/my.matterport.com\/show\/?m=SjRhosZFbQJ\" target=\"_blank\" rel=\"noopener\"><span style=\"color: #e47025\">https:\/\/my.matterport.com\/<\/span><\/a><\/p>\n<p>Atraskite bekompromis\u012f \u201eFresco\u201c kontinentin\u0117s lovos komfort\u0105,<br \/>\nSukurta taip, kad b\u016bt\u0173 u\u017etikrinta optimali atrama dviem \u017emon\u0117ms.<br \/>\nSu 160 \u00d7 200 cm dyd\u017eio miegamuoju pavir\u0161iumi ir \u201eBonnell\u201c spyruokliniu \u010diu\u017einiu.<br \/>\n7 zon\u0173 ki\u0161enini\u0173 spyruokli\u0173 \u010diu\u017einys kiekvien\u0105 nakt\u012f \u017eada atsipalaidavim\u0105 ir atsinaujinim\u0105.<br \/>\nSubtilios si\u016bl\u0117s ir auk\u0161tos kokyb\u0117s apmu\u0161alai rodo kruop\u0161t\u0173 meistri\u0161kum\u0105,<br \/>\no pakelti \u0161onai suteikia modernumo ir apsaugin\u0119 funkcij\u0105.<\/p>","protected":false},"excerpt":{"rendered":"<p>Plotis: 169 cm<br \/>\n\u016agis: 111 cm<br \/>\nGylis: 222 cm<br \/>\nMiegamoji erdv\u0117: 160 \u00d7 200 cm<\/p>","protected":false},"featured_media":151085,"comment_status":"open","ping_status":"closed","template":"","meta":[],"product_brand":[],"product_cat":[9391,505,1971,514,4104],"product_tag":[],"class_list":{"0":"post-151014","1":"product","2":"type-product","3":"status-publish","4":"has-post-thumbnail","6":"product_cat-dream-wersal-upholstered-furniture","7":"product_cat-bedroom-beds","8":"product_cat-beds-160x200","9":"product_cat-continental-beds","10":"product_cat-wersal","12":"first","13":"instock","14":"shipping-taxable","15":"purchasable","16":"product-type-variable","17":"wvs-archive-product-wrapper"},"_links":{"self":[{"href":"https:\/\/baldumarket.lt\/lt\/wp-json\/wp\/v2\/product\/151014","targetHints":{"allow":["GET"]}}],"collection":[{"href":"https:\/\/baldumarket.lt\/lt\/wp-json\/wp\/v2\/product"}],"about":[{"href":"https:\/\/baldumarket.lt\/lt\/wp-json\/wp\/v2\/types\/product"}],"replies":[{"embeddable":true,"href":"https:\/\/baldumarket.lt\/lt\/wp-json\/wp\/v2\/comments?post=151014"}],"wp:featuredmedia":[{"embeddable":true,"href":"https:\/\/baldumarket.lt\/lt\/wp-json\/wp\/v2\/media\/151085"}],"wp:attachment":[{"href":"https:\/\/baldumarket.lt\/lt\/wp-json\/wp\/v2\/media?parent=151014"}],"wp:term":[{"taxonomy":"product_brand","embeddable":true,"href":"https:\/\/baldumarket.lt\/lt\/wp-json\/wp\/v2\/product_brand?post=151014"},{"taxonomy":"product_cat","embeddable":true,"href":"https:\/\/baldumarket.lt\/lt\/wp-json\/wp\/v2\/product_cat?post=151014"},{"taxonomy":"product_tag","embeddable":true,"href":"https:\/\/baldumarket.lt\/lt\/wp-json\/wp\/v2\/product_tag?post=151014"}],"curies":[{"name":"wp","href":"https:\/\/api.w.org\/{rel}","templated":true}]}}