{"id":151012,"date":"2025-12-18T05:09:25","date_gmt":"2025-12-18T02:09:25","guid":{"rendered":"https:\/\/baldumarket.lt\/?post_type=product&#038;p=151012"},"modified":"2026-02-03T23:34:20","modified_gmt":"2026-02-03T20:34:20","slug":"lozko-kontynentalne-fresco-140x200-gr1","status":"publish","type":"product","link":"https:\/\/baldumarket.lt\/lt\/product\/lozko-kontynentalne-fresco-140x200-gr1\/","title":{"rendered":"Fresco kontinentin\u0117 lova 140&#215;200 Gr1"},"content":{"rendered":"<h5><span style=\"color: #54859b\">Apsilankykite m\u016bs\u0173 virtualioje WERSAL prek\u0117s \u017eenklo parduotuv\u0117je<\/span><\/h5>\n<p> <a href=\"https:\/\/my.matterport.com\/show\/?m=SjRhosZFbQJ\" target=\"_blank\" rel=\"noopener\"><span style=\"color: #e47025\">https:\/\/my.matterport.com\/<\/span><\/a><\/p>\n<p>Vieni\u0161iems vartotojams arba poroms, vertinan\u010dioms intymum\u0105, \u201eFresco\u201c lova<br \/>\n140 \u00d7 200 cm dydis \u2013 puikus pasirinkimas, u\u017etikrinantis komfort\u0105<br \/>\nma\u017eesniu masteliu. Pagamintas i\u0161 dviej\u0173 tip\u0173 \u010diu\u017eini\u0173, jis suteikia atram\u0105<br \/>\npritaikytas prie nat\u016brali\u0173 k\u016bno linki\u0173. Dizain\u0105 pary\u0161kina<br \/>\neleganti\u0161kai dygsniuotas apmu\u0161alas ir minimalistin\u0117s kojel\u0117s, kurios papildo<br \/>\nkonstrukcijos lengvumas, i\u0161laikant jos tvirtum\u0105.<\/p>","protected":false},"excerpt":{"rendered":"<p>Plotis: 149 cm<br \/>\n\u016agis: 111 cm<br \/>\nGylis: 222 cm<br \/>\nMiegamasis plotas: 140 \u00d7 200 cm<\/p>","protected":false},"featured_media":151074,"comment_status":"open","ping_status":"closed","template":"","meta":[],"product_brand":[],"product_cat":[9391,505,1970,514,4104],"product_tag":[],"class_list":{"0":"post-151012","1":"product","2":"type-product","3":"status-publish","4":"has-post-thumbnail","6":"product_cat-dream-wersal-upholstered-furniture","7":"product_cat-bedroom-beds","8":"product_cat-beds-140x200","9":"product_cat-continental-beds","10":"product_cat-wersal","12":"first","13":"instock","14":"shipping-taxable","15":"purchasable","16":"product-type-variable","17":"wvs-archive-product-wrapper"},"_links":{"self":[{"href":"https:\/\/baldumarket.lt\/lt\/wp-json\/wp\/v2\/product\/151012","targetHints":{"allow":["GET"]}}],"collection":[{"href":"https:\/\/baldumarket.lt\/lt\/wp-json\/wp\/v2\/product"}],"about":[{"href":"https:\/\/baldumarket.lt\/lt\/wp-json\/wp\/v2\/types\/product"}],"replies":[{"embeddable":true,"href":"https:\/\/baldumarket.lt\/lt\/wp-json\/wp\/v2\/comments?post=151012"}],"wp:featuredmedia":[{"embeddable":true,"href":"https:\/\/baldumarket.lt\/lt\/wp-json\/wp\/v2\/media\/151074"}],"wp:attachment":[{"href":"https:\/\/baldumarket.lt\/lt\/wp-json\/wp\/v2\/media?parent=151012"}],"wp:term":[{"taxonomy":"product_brand","embeddable":true,"href":"https:\/\/baldumarket.lt\/lt\/wp-json\/wp\/v2\/product_brand?post=151012"},{"taxonomy":"product_cat","embeddable":true,"href":"https:\/\/baldumarket.lt\/lt\/wp-json\/wp\/v2\/product_cat?post=151012"},{"taxonomy":"product_tag","embeddable":true,"href":"https:\/\/baldumarket.lt\/lt\/wp-json\/wp\/v2\/product_tag?post=151012"}],"curies":[{"name":"wp","href":"https:\/\/api.w.org\/{rel}","templated":true}]}}