{"id":151000,"date":"2025-12-18T05:09:01","date_gmt":"2025-12-18T02:09:01","guid":{"rendered":"https:\/\/baldumarket.lt\/?post_type=product&#038;p=151000"},"modified":"2026-02-03T23:34:21","modified_gmt":"2026-02-03T20:34:21","slug":"lozko-kontynentalne-donna-160x200-gr1","status":"publish","type":"product","link":"https:\/\/baldumarket.lt\/lt\/product\/lozko-kontynentalne-donna-160x200-gr1\/","title":{"rendered":"Donna kontinentin\u0117 lova 160&#215;200 Gr1"},"content":{"rendered":"<h5><span style=\"color: #54859b\">Apsilankykite m\u016bs\u0173 virtualioje WERSAL prek\u0117s \u017eenklo parduotuv\u0117je<\/span><\/h5>\n<p> <a href=\"https:\/\/my.matterport.com\/show\/?m=SjRhosZFbQJ\" target=\"_blank\" rel=\"noopener\"><span style=\"color: #e47025\">https:\/\/my.matterport.com\/<\/span><\/a><\/p>\n<p>Kontinentin\u0117 lova \u201eDonna\u201c, kurios matmenys 160 \u00d7 200 cm, yra tobula<\/p>\n<p>stiliaus ir komforto derinys poroms, ie\u0161kan\u010dioms ramyb\u0117s oaz\u0117s. Jo tvirtumas<\/p>\n<p>\u0105\u017euolo konstrukcija pabr\u0117\u017eia ilgaam\u017ei\u0161kum\u0105 ir tvirtum\u0105, o du \u010diu\u017einiai \u2013<\/p>\n<p>Bonnell spyruokl\u0117 ir 7 zon\u0173 ki\u0161enin\u0117 spyruokl\u0117 \u2013 prisitaiko prie j\u016bs\u0173 k\u016bno formos,<\/p>\n<p>u\u017etikrinant sveik\u0105 ir ram\u0173 mieg\u0105. \u0160is pasirinkimas pakeis j\u016bs\u0173<\/p>\n<p>miegam\u0105j\u012f paverskite i\u0161skirtine poilsio erdve.<\/p>","protected":false},"excerpt":{"rendered":"<p>Plotis: 168 cm<br \/>\n\u016agis: 114 cm<br \/>\nGylis: 214 cm<br \/>\nMiegamoji erdv\u0117: 160 \u00d7 200 cm<\/p>","protected":false},"featured_media":151058,"comment_status":"open","ping_status":"closed","template":"","meta":[],"product_brand":[],"product_cat":[9391,505,1971,514,4104],"product_tag":[],"class_list":{"0":"post-151000","1":"product","2":"type-product","3":"status-publish","4":"has-post-thumbnail","6":"product_cat-dream-wersal-upholstered-furniture","7":"product_cat-bedroom-beds","8":"product_cat-beds-160x200","9":"product_cat-continental-beds","10":"product_cat-wersal","12":"first","13":"instock","14":"shipping-taxable","15":"purchasable","16":"product-type-variable","17":"wvs-archive-product-wrapper"},"_links":{"self":[{"href":"https:\/\/baldumarket.lt\/lt\/wp-json\/wp\/v2\/product\/151000","targetHints":{"allow":["GET"]}}],"collection":[{"href":"https:\/\/baldumarket.lt\/lt\/wp-json\/wp\/v2\/product"}],"about":[{"href":"https:\/\/baldumarket.lt\/lt\/wp-json\/wp\/v2\/types\/product"}],"replies":[{"embeddable":true,"href":"https:\/\/baldumarket.lt\/lt\/wp-json\/wp\/v2\/comments?post=151000"}],"wp:featuredmedia":[{"embeddable":true,"href":"https:\/\/baldumarket.lt\/lt\/wp-json\/wp\/v2\/media\/151058"}],"wp:attachment":[{"href":"https:\/\/baldumarket.lt\/lt\/wp-json\/wp\/v2\/media?parent=151000"}],"wp:term":[{"taxonomy":"product_brand","embeddable":true,"href":"https:\/\/baldumarket.lt\/lt\/wp-json\/wp\/v2\/product_brand?post=151000"},{"taxonomy":"product_cat","embeddable":true,"href":"https:\/\/baldumarket.lt\/lt\/wp-json\/wp\/v2\/product_cat?post=151000"},{"taxonomy":"product_tag","embeddable":true,"href":"https:\/\/baldumarket.lt\/lt\/wp-json\/wp\/v2\/product_tag?post=151000"}],"curies":[{"name":"wp","href":"https:\/\/api.w.org\/{rel}","templated":true}]}}