{"id":150987,"date":"2025-12-18T05:08:38","date_gmt":"2025-12-18T02:08:38","guid":{"rendered":"https:\/\/baldumarket.lt\/?post_type=product&#038;p=150987"},"modified":"2026-02-03T23:34:21","modified_gmt":"2026-02-03T20:34:21","slug":"lozko-kontynentalne-donna-140x200-gr1","status":"publish","type":"product","link":"https:\/\/baldumarket.lt\/lt\/product\/lozko-kontynentalne-donna-140x200-gr1\/","title":{"rendered":"Donna kontinentin\u0117 lova 140&#215;200 Gr1"},"content":{"rendered":"<h5><span style=\"color: #54859b\">Apsilankykite m\u016bs\u0173 virtualioje WERSAL prek\u0117s \u017eenklo parduotuv\u0117je<\/span><\/h5>\n<p> <a href=\"https:\/\/my.matterport.com\/show\/?m=SjRhosZFbQJ\" target=\"_blank\" rel=\"noopener\"><span style=\"color: #e47025\">https:\/\/my.matterport.com\/<\/span><\/a><\/p>\n<p>140 \u00d7 200 cm dyd\u017eio \u201eDonna\u201c lova puikiai tinka vienam asmeniui<br \/>\nar ma\u017eesn\u0117ms erdv\u0117ms, derinant erdv\u0119 taupant\u012f komfort\u0105 su nepajudinamu patvarumu. Patikima \u0105\u017euolin\u0117 konstrukcija u\u017etikrina stabilum\u0105, o<br \/>\nBonnell spyruoklinio \u010diu\u017einio ir 7 zon\u0173 ki\u0161enini\u0173 spyruokli\u0173 \u010diu\u017einio derinys<br \/>\n\u017eada palaikym\u0105 ir komfort\u0105, reikaling\u0105 kiekvien\u0105 nakt\u012f pasikrauti energijos.<\/p>","protected":false},"excerpt":{"rendered":"<p>Plotis: 148 cm<br \/>\n\u016agis: 114 cm<br \/>\nGylis: 214 cm<br \/>\nMiegamasis plotas: 140 \u00d7 200 cm<\/p>","protected":false},"featured_media":151052,"comment_status":"open","ping_status":"closed","template":"","meta":[],"product_brand":[],"product_cat":[9391,505,1970,514,4104],"product_tag":[],"class_list":{"0":"post-150987","1":"product","2":"type-product","3":"status-publish","4":"has-post-thumbnail","6":"product_cat-dream-wersal-upholstered-furniture","7":"product_cat-bedroom-beds","8":"product_cat-beds-140x200","9":"product_cat-continental-beds","10":"product_cat-wersal","12":"first","13":"instock","14":"shipping-taxable","15":"purchasable","16":"product-type-variable","17":"wvs-archive-product-wrapper"},"_links":{"self":[{"href":"https:\/\/baldumarket.lt\/lt\/wp-json\/wp\/v2\/product\/150987","targetHints":{"allow":["GET"]}}],"collection":[{"href":"https:\/\/baldumarket.lt\/lt\/wp-json\/wp\/v2\/product"}],"about":[{"href":"https:\/\/baldumarket.lt\/lt\/wp-json\/wp\/v2\/types\/product"}],"replies":[{"embeddable":true,"href":"https:\/\/baldumarket.lt\/lt\/wp-json\/wp\/v2\/comments?post=150987"}],"wp:featuredmedia":[{"embeddable":true,"href":"https:\/\/baldumarket.lt\/lt\/wp-json\/wp\/v2\/media\/151052"}],"wp:attachment":[{"href":"https:\/\/baldumarket.lt\/lt\/wp-json\/wp\/v2\/media?parent=150987"}],"wp:term":[{"taxonomy":"product_brand","embeddable":true,"href":"https:\/\/baldumarket.lt\/lt\/wp-json\/wp\/v2\/product_brand?post=150987"},{"taxonomy":"product_cat","embeddable":true,"href":"https:\/\/baldumarket.lt\/lt\/wp-json\/wp\/v2\/product_cat?post=150987"},{"taxonomy":"product_tag","embeddable":true,"href":"https:\/\/baldumarket.lt\/lt\/wp-json\/wp\/v2\/product_tag?post=150987"}],"curies":[{"name":"wp","href":"https:\/\/api.w.org\/{rel}","templated":true}]}}