{"id":150969,"date":"2025-12-18T05:08:09","date_gmt":"2025-12-18T02:08:09","guid":{"rendered":"https:\/\/baldumarket.lt\/?post_type=product&#038;p=150969"},"modified":"2026-02-03T23:34:21","modified_gmt":"2026-02-03T20:34:21","slug":"lozko-kontynentalne-z-pojemnikiem-diori-160x200-gr1","status":"publish","type":"product","link":"https:\/\/baldumarket.lt\/lt\/product\/lozko-kontynentalne-z-pojemnikiem-diori-160x200-gr1\/","title":{"rendered":"Kontinentin\u0117 lova su daiktad\u0117\u017ee Diori 160\u00d7200 Gr1"},"content":{"rendered":"<h5><span style=\"color: #54859b\">Apsilankykite m\u016bs\u0173 virtualioje WERSAL prek\u0117s \u017eenklo parduotuv\u0117je<\/span><\/h5>\n<p> <a href=\"https:\/\/my.matterport.com\/show\/?m=SjRhosZFbQJ\" target=\"_blank\" rel=\"noopener\"><span style=\"color: #e47025\">https:\/\/my.matterport.com\/<\/span><\/a><\/p>\n<p>Atraskite prabang\u0173 komfort\u0105 su \u201eDiori\u201c kontinentine lova, kurios matmenys \u2013 160 \u00d7 200 cm. Erdvus miegojimo pavir\u0161ius yra tvirtas. Tvirta \u0105\u017euolo konstrukcija garantuoja stabilum\u0105, o patalyn\u0117s skyrius si\u016blo prakti\u0161k\u0105 daikt\u0173 laikymo viet\u0105. Du \u010diu\u017einiai \u2013 \u201eBonnell\u201c spyruoklin\u0117 ir 7 zon\u0173 ki\u0161enin\u0117 spyruoklin\u0117, kuri\u0173 kiekvieno storis \u2013 18 cm \u2013 prisitaiko prie j\u016bs\u0173 k\u016bno, suteikdami atram\u0105 ten, kur jos labiausiai reikia. Kiekvien\u0105 nakt\u012f ils\u0117kit\u0117s kaip karalius.<\/p>","protected":false},"excerpt":{"rendered":"<p>Plotis: 174 cm<br \/>\n\u016agis: 116 cm<br \/>\nGylis: 209 cm<br \/>\nMiegamoji erdv\u0117: 160 \u00d7 200 cm<\/p>","protected":false},"featured_media":151034,"comment_status":"open","ping_status":"closed","template":"","meta":[],"product_brand":[],"product_cat":[9391,505,1971,514,4104],"product_tag":[],"class_list":{"0":"post-150969","1":"product","2":"type-product","3":"status-publish","4":"has-post-thumbnail","6":"product_cat-dream-wersal-upholstered-furniture","7":"product_cat-bedroom-beds","8":"product_cat-beds-160x200","9":"product_cat-continental-beds","10":"product_cat-wersal","12":"first","13":"instock","14":"shipping-taxable","15":"purchasable","16":"product-type-variable","17":"wvs-archive-product-wrapper"},"_links":{"self":[{"href":"https:\/\/baldumarket.lt\/lt\/wp-json\/wp\/v2\/product\/150969","targetHints":{"allow":["GET"]}}],"collection":[{"href":"https:\/\/baldumarket.lt\/lt\/wp-json\/wp\/v2\/product"}],"about":[{"href":"https:\/\/baldumarket.lt\/lt\/wp-json\/wp\/v2\/types\/product"}],"replies":[{"embeddable":true,"href":"https:\/\/baldumarket.lt\/lt\/wp-json\/wp\/v2\/comments?post=150969"}],"wp:featuredmedia":[{"embeddable":true,"href":"https:\/\/baldumarket.lt\/lt\/wp-json\/wp\/v2\/media\/151034"}],"wp:attachment":[{"href":"https:\/\/baldumarket.lt\/lt\/wp-json\/wp\/v2\/media?parent=150969"}],"wp:term":[{"taxonomy":"product_brand","embeddable":true,"href":"https:\/\/baldumarket.lt\/lt\/wp-json\/wp\/v2\/product_brand?post=150969"},{"taxonomy":"product_cat","embeddable":true,"href":"https:\/\/baldumarket.lt\/lt\/wp-json\/wp\/v2\/product_cat?post=150969"},{"taxonomy":"product_tag","embeddable":true,"href":"https:\/\/baldumarket.lt\/lt\/wp-json\/wp\/v2\/product_tag?post=150969"}],"curies":[{"name":"wp","href":"https:\/\/api.w.org\/{rel}","templated":true}]}}