{"id":150962,"date":"2025-12-18T05:07:34","date_gmt":"2025-12-18T02:07:34","guid":{"rendered":"https:\/\/baldumarket.lt\/?post_type=product&#038;p=150962"},"modified":"2026-02-03T23:34:21","modified_gmt":"2026-02-03T20:34:21","slug":"lozko-kontynentalne-z-pojemnikiem-diori-140x200-gr1","status":"publish","type":"product","link":"https:\/\/baldumarket.lt\/lt\/product\/lozko-kontynentalne-z-pojemnikiem-diori-140x200-gr1\/","title":{"rendered":"Kontinentin\u0117 lova su daiktad\u0117\u017ee Diori 140&#215;200 Gr1"},"content":{"rendered":"<h5><span style=\"color: #54859b\">Apsilankykite m\u016bs\u0173 virtualioje WERSAL prek\u0117s \u017eenklo parduotuv\u0117je<\/span><\/h5>\n<p> <a href=\"https:\/\/my.matterport.com\/show\/?m=SjRhosZFbQJ\" target=\"_blank\" rel=\"noopener\"><span style=\"color: #e47025\">https:\/\/my.matterport.com\/<\/span><\/a><\/p>\n<p>\u201eDiori\u201c kontinentin\u0117 lova, kurios matmenys 140 \u00d7 200 cm, yra puikus sprendimas.<br \/>\ntiems, kurie nori suderinti komfort\u0105 ir elegancij\u0105 ma\u017eesn\u0117je patalpoje.<br \/>\nTvirtas \u0105\u017euolinis r\u0117mas u\u017etikrina ilgaam\u017ei\u0161kum\u0105, o patalyn\u0117s skyrius si\u016blo<br \/>\nsumanus daikt\u0173 laikymo sprendimas. Dvigubas \u010diu\u017einys su \u201eBonnell\u201c spyruokl\u0117mis ir<br \/>\n7 zon\u0173 ki\u0161enin\u0117 spyruokl\u0117, abiej\u0173 auk\u0161tis \u2013 18 cm, u\u017etikrins sveik\u0105 ir ram\u0173 mieg\u0105, prisitaikydama prie nat\u016brali\u0173 j\u016bs\u0173 k\u016bno linki\u0173.<\/p>","protected":false},"excerpt":{"rendered":"<p>Plotis: 154 cm<br \/>\n\u016agis: 116 cm<br \/>\nGylis: 209 cm<br \/>\nMiegamasis plotas: 140 \u00d7 200 cm<\/p>","protected":false},"featured_media":151023,"comment_status":"open","ping_status":"closed","template":"","meta":[],"product_brand":[],"product_cat":[9391,505,1970,514,4104],"product_tag":[],"class_list":{"0":"post-150962","1":"product","2":"type-product","3":"status-publish","4":"has-post-thumbnail","6":"product_cat-dream-wersal-upholstered-furniture","7":"product_cat-bedroom-beds","8":"product_cat-beds-140x200","9":"product_cat-continental-beds","10":"product_cat-wersal","12":"first","13":"instock","14":"shipping-taxable","15":"purchasable","16":"product-type-variable","17":"wvs-archive-product-wrapper"},"_links":{"self":[{"href":"https:\/\/baldumarket.lt\/lt\/wp-json\/wp\/v2\/product\/150962","targetHints":{"allow":["GET"]}}],"collection":[{"href":"https:\/\/baldumarket.lt\/lt\/wp-json\/wp\/v2\/product"}],"about":[{"href":"https:\/\/baldumarket.lt\/lt\/wp-json\/wp\/v2\/types\/product"}],"replies":[{"embeddable":true,"href":"https:\/\/baldumarket.lt\/lt\/wp-json\/wp\/v2\/comments?post=150962"}],"wp:featuredmedia":[{"embeddable":true,"href":"https:\/\/baldumarket.lt\/lt\/wp-json\/wp\/v2\/media\/151023"}],"wp:attachment":[{"href":"https:\/\/baldumarket.lt\/lt\/wp-json\/wp\/v2\/media?parent=150962"}],"wp:term":[{"taxonomy":"product_brand","embeddable":true,"href":"https:\/\/baldumarket.lt\/lt\/wp-json\/wp\/v2\/product_brand?post=150962"},{"taxonomy":"product_cat","embeddable":true,"href":"https:\/\/baldumarket.lt\/lt\/wp-json\/wp\/v2\/product_cat?post=150962"},{"taxonomy":"product_tag","embeddable":true,"href":"https:\/\/baldumarket.lt\/lt\/wp-json\/wp\/v2\/product_tag?post=150962"}],"curies":[{"name":"wp","href":"https:\/\/api.w.org\/{rel}","templated":true}]}}