{"id":150955,"date":"2025-12-18T05:07:01","date_gmt":"2025-12-18T02:07:01","guid":{"rendered":"https:\/\/baldumarket.lt\/?post_type=product&#038;p=150955"},"modified":"2026-02-03T23:34:21","modified_gmt":"2026-02-03T20:34:21","slug":"lozko-kontynentalne-wave-100x200-gr1","status":"publish","type":"product","link":"https:\/\/baldumarket.lt\/lt\/product\/lozko-kontynentalne-wave-100x200-gr1\/","title":{"rendered":"\u201eWave\u201c kontinentin\u0117 lova 100&#215;200 Gr1"},"content":{"rendered":"<h5><span style=\"color: #54859b\">Apsilankykite m\u016bs\u0173 virtualioje WERSAL prek\u0117s \u017eenklo parduotuv\u0117je<\/span><\/h5>\n<p> <a href=\"https:\/\/my.matterport.com\/show\/?m=SjRhosZFbQJ\" target=\"_blank\" rel=\"noopener\"><span style=\"color: #e47025\">https:\/\/my.matterport.com\/<\/span><\/a><\/p>\n<p>100\u00d7200 cm dyd\u017eio mink\u0161ta lova \u201cWave\u201d \u2013 puikus sprendimas ie\u0161kantiems funkcionali\u0173 ir stiling\u0173 bald\u0173 ma\u017eesniam miegamajam. Tvirta konstrukcija ir eleganti\u0161kas galv\u016bgalis u\u017etikrina komfort\u0105 ir ilgaam\u017ei\u0161kum\u0105. Nors ir kompakti\u0161kas, savo kokybe ir i\u0161vaizda jis nenusileid\u017eia didesniems modeliams. Galimi apdailos variantai leid\u017eia pritaikyti lov\u0105 pagal individualius pageidavimus. Pastaba: \u012f lovos kain\u0105 ne\u012feina vir\u0161utinis u\u017evalkalas, tod\u0117l galite pasirinkti ideal\u0173 miegojimo komfort\u0105. \u201cWave\u201d \u2013 gerai apgalvotas pasirinkimas tiems, kurie vertina erdv\u0117s optimizavim\u0105 neaukodami dizaino ir komforto. Matmenys:<\/p>","protected":false},"excerpt":{"rendered":"<p>Plotis: 110 cm<br \/>\n\u016agis: 111 cm<br \/>\nGylis: 214 cm<br \/>\nMiegamasis plotas: 100 \u00d7 200 cm<\/p>","protected":false},"featured_media":151016,"comment_status":"open","ping_status":"closed","template":"","meta":[],"product_brand":[],"product_cat":[9391,505,514,4104],"product_tag":[],"class_list":{"0":"post-150955","1":"product","2":"type-product","3":"status-publish","4":"has-post-thumbnail","6":"product_cat-dream-wersal-upholstered-furniture","7":"product_cat-bedroom-beds","8":"product_cat-continental-beds","9":"product_cat-wersal","11":"first","12":"instock","13":"shipping-taxable","14":"purchasable","15":"product-type-variable","16":"wvs-archive-product-wrapper"},"_links":{"self":[{"href":"https:\/\/baldumarket.lt\/lt\/wp-json\/wp\/v2\/product\/150955","targetHints":{"allow":["GET"]}}],"collection":[{"href":"https:\/\/baldumarket.lt\/lt\/wp-json\/wp\/v2\/product"}],"about":[{"href":"https:\/\/baldumarket.lt\/lt\/wp-json\/wp\/v2\/types\/product"}],"replies":[{"embeddable":true,"href":"https:\/\/baldumarket.lt\/lt\/wp-json\/wp\/v2\/comments?post=150955"}],"wp:featuredmedia":[{"embeddable":true,"href":"https:\/\/baldumarket.lt\/lt\/wp-json\/wp\/v2\/media\/151016"}],"wp:attachment":[{"href":"https:\/\/baldumarket.lt\/lt\/wp-json\/wp\/v2\/media?parent=150955"}],"wp:term":[{"taxonomy":"product_brand","embeddable":true,"href":"https:\/\/baldumarket.lt\/lt\/wp-json\/wp\/v2\/product_brand?post=150955"},{"taxonomy":"product_cat","embeddable":true,"href":"https:\/\/baldumarket.lt\/lt\/wp-json\/wp\/v2\/product_cat?post=150955"},{"taxonomy":"product_tag","embeddable":true,"href":"https:\/\/baldumarket.lt\/lt\/wp-json\/wp\/v2\/product_tag?post=150955"}],"curies":[{"name":"wp","href":"https:\/\/api.w.org\/{rel}","templated":true}]}}