{"id":150948,"date":"2025-12-18T05:06:25","date_gmt":"2025-12-18T02:06:25","guid":{"rendered":"https:\/\/baldumarket.lt\/?post_type=product&#038;p=150948"},"modified":"2026-02-03T23:34:22","modified_gmt":"2026-02-03T20:34:22","slug":"lozko-kontynentalne-medino-180x200-gr1","status":"publish","type":"product","link":"https:\/\/baldumarket.lt\/lt\/product\/lozko-kontynentalne-medino-180x200-gr1\/","title":{"rendered":"Medino kontinentin\u0117 lova 180\u00d7200 Gr1"},"content":{"rendered":"<h5><span style=\"color: #54859b\">Apsilankykite m\u016bs\u0173 virtualioje WERSAL prek\u0117s \u017eenklo parduotuv\u0117je<\/span><\/h5>\n<p> <a href=\"https:\/\/my.matterport.com\/show\/?m=SjRhosZFbQJ\" target=\"_blank\" rel=\"noopener\"><span style=\"color: #e47025\">https:\/\/my.matterport.com\/<\/span><\/a><\/p>\n<p>180\u00d7200 cm dyd\u017eio apmu\u0161ta \u201cMedino\u201d lova \u2013 tai modernaus dizaino ir funkcionalumo \u012fsik\u016bnijimas. I\u0161skirtinis \u0161ios lovos bruo\u017eas \u2013 prakti\u0161ka daiktad\u0117\u017e\u0117, pasiekiama per lengvai pakeliam\u0105 r\u0117m\u0105, kuris suteikia papildomos erdv\u0117s miegamajame neprarandant estetikos. \u201cMedino\u201d lovos konstrukcija sukurta galvojant apie ilgaam\u017ei\u0161kum\u0105, o subtili\u0105 apmu\u0161al\u0173 tekst\u016br\u0105 galima pritaikyti pagal individualius pageidavimus, renkantis i\u0161 plataus med\u017eiag\u0173 ir spalv\u0173 asortimento. Paprastos linijos ir modernus galv\u016bgalis ne tik pary\u0161kina bet kokio interjero charakter\u012f, bet ir suteikia patogi\u0105 atram\u0105. Verta pamin\u0117ti, kad \u012f lovos kain\u0105 ne\u012fskai\u010diuotas \u010diu\u017einio u\u017etiesalas, tod\u0117l klientai gali pasirinkti tobul\u0105 \u010diu\u017einio sluoksn\u012f, kad miegot\u0173 kuo patogiau. \u201cMedino\u201d lova \u2013 tai puikus funkcionalumo, komforto ir elegancijos derinys, tod\u0117l ji idealiai tinka modernioms erdv\u0117ms. Matmenys:<\/p>","protected":false},"excerpt":{"rendered":"<p>Plotis: 188 cm<br \/>\n\u016agis: 112 cm<br \/>\nGylis: 218 cm<br \/>\nMiegamoji erdv\u0117: 180 \u00d7 200 cm<\/p>","protected":false},"featured_media":151008,"comment_status":"open","ping_status":"closed","template":"","meta":[],"product_brand":[],"product_cat":[9391,505,1972,514,4104],"product_tag":[],"class_list":{"0":"post-150948","1":"product","2":"type-product","3":"status-publish","4":"has-post-thumbnail","6":"product_cat-dream-wersal-upholstered-furniture","7":"product_cat-bedroom-beds","8":"product_cat-beds-180x200","9":"product_cat-continental-beds","10":"product_cat-wersal","12":"first","13":"instock","14":"shipping-taxable","15":"purchasable","16":"product-type-variable","17":"wvs-archive-product-wrapper"},"_links":{"self":[{"href":"https:\/\/baldumarket.lt\/lt\/wp-json\/wp\/v2\/product\/150948","targetHints":{"allow":["GET"]}}],"collection":[{"href":"https:\/\/baldumarket.lt\/lt\/wp-json\/wp\/v2\/product"}],"about":[{"href":"https:\/\/baldumarket.lt\/lt\/wp-json\/wp\/v2\/types\/product"}],"replies":[{"embeddable":true,"href":"https:\/\/baldumarket.lt\/lt\/wp-json\/wp\/v2\/comments?post=150948"}],"wp:featuredmedia":[{"embeddable":true,"href":"https:\/\/baldumarket.lt\/lt\/wp-json\/wp\/v2\/media\/151008"}],"wp:attachment":[{"href":"https:\/\/baldumarket.lt\/lt\/wp-json\/wp\/v2\/media?parent=150948"}],"wp:term":[{"taxonomy":"product_brand","embeddable":true,"href":"https:\/\/baldumarket.lt\/lt\/wp-json\/wp\/v2\/product_brand?post=150948"},{"taxonomy":"product_cat","embeddable":true,"href":"https:\/\/baldumarket.lt\/lt\/wp-json\/wp\/v2\/product_cat?post=150948"},{"taxonomy":"product_tag","embeddable":true,"href":"https:\/\/baldumarket.lt\/lt\/wp-json\/wp\/v2\/product_tag?post=150948"}],"curies":[{"name":"wp","href":"https:\/\/api.w.org\/{rel}","templated":true}]}}