{"id":150941,"date":"2025-12-18T05:05:50","date_gmt":"2025-12-18T02:05:50","guid":{"rendered":"https:\/\/baldumarket.lt\/?post_type=product&#038;p=150941"},"modified":"2026-02-03T23:34:22","modified_gmt":"2026-02-03T20:34:22","slug":"lozko-kontynentalne-medino-140x200-gr1","status":"publish","type":"product","link":"https:\/\/baldumarket.lt\/lt\/product\/lozko-kontynentalne-medino-140x200-gr1\/","title":{"rendered":"Medino kontinentin\u0117 lova 140\u00d7200 Gr1"},"content":{"rendered":"<h5><span style=\"color: #54859b\">Apsilankykite m\u016bs\u0173 virtualioje WERSAL prek\u0117s \u017eenklo parduotuv\u0117je<\/span><\/h5>\n<p> <a href=\"https:\/\/my.matterport.com\/show\/?m=SjRhosZFbQJ\" target=\"_blank\" rel=\"noopener\"><span style=\"color: #e47025\">https:\/\/my.matterport.com\/<\/span><\/a><\/p>\n<p>140\u00d7200 cm dyd\u017eio mink\u0161ta \u201cMedino\u201d lova \u2013 funkcionalus ir stilingas sprendimas bet kuriam miegamajam. Ji pasi\u017eymi prakti\u0161ku, pakeliamu r\u0117mu, kuris suteikia papildomos vietos daiktams susid\u0117ti, idealiai tinka tiems, kurie vertina tvark\u0105 ir optimal\u0173 erdv\u0117s i\u0161naudojim\u0105. Kruop\u0161\u010diai parinktos med\u017eiagos ir sodri spalv\u0173 palet\u0117 leid\u017eia suasmeninti lovos i\u0161vaizd\u0105 prie bet kokio interjero. Eleganti\u0161kas galv\u016bgalis ne tik suteikia charakterio, bet ir u\u017etikrina komfort\u0105 poilsio metu. Atkreipkite d\u0117mes\u012f, kad \u012f kain\u0105 ne\u012fskai\u010diuotas \u010diu\u017einys su u\u017etiesalu, tod\u0117l galite pasirinkti norim\u0105 \u010diu\u017ein\u012f. \u201cMedino\u201d \u2013 tai tobulas komforto, prakti\u0161kumo ir modernaus dizaino derinys. Matmenys:<\/p>","protected":false},"excerpt":{"rendered":"<p>Plotis: 148 cm<br \/>\n\u016agis: 112 cm<br \/>\nGylis: 218 cm<br \/>\nMiegamasis plotas: 140 \u00d7 200 cm<\/p>","protected":false},"featured_media":151004,"comment_status":"open","ping_status":"closed","template":"","meta":[],"product_brand":[],"product_cat":[9391,505,1970,514,4104],"product_tag":[],"class_list":{"0":"post-150941","1":"product","2":"type-product","3":"status-publish","4":"has-post-thumbnail","6":"product_cat-dream-wersal-upholstered-furniture","7":"product_cat-bedroom-beds","8":"product_cat-beds-140x200","9":"product_cat-continental-beds","10":"product_cat-wersal","12":"first","13":"instock","14":"shipping-taxable","15":"purchasable","16":"product-type-variable","17":"wvs-archive-product-wrapper"},"_links":{"self":[{"href":"https:\/\/baldumarket.lt\/lt\/wp-json\/wp\/v2\/product\/150941","targetHints":{"allow":["GET"]}}],"collection":[{"href":"https:\/\/baldumarket.lt\/lt\/wp-json\/wp\/v2\/product"}],"about":[{"href":"https:\/\/baldumarket.lt\/lt\/wp-json\/wp\/v2\/types\/product"}],"replies":[{"embeddable":true,"href":"https:\/\/baldumarket.lt\/lt\/wp-json\/wp\/v2\/comments?post=150941"}],"wp:featuredmedia":[{"embeddable":true,"href":"https:\/\/baldumarket.lt\/lt\/wp-json\/wp\/v2\/media\/151004"}],"wp:attachment":[{"href":"https:\/\/baldumarket.lt\/lt\/wp-json\/wp\/v2\/media?parent=150941"}],"wp:term":[{"taxonomy":"product_brand","embeddable":true,"href":"https:\/\/baldumarket.lt\/lt\/wp-json\/wp\/v2\/product_brand?post=150941"},{"taxonomy":"product_cat","embeddable":true,"href":"https:\/\/baldumarket.lt\/lt\/wp-json\/wp\/v2\/product_cat?post=150941"},{"taxonomy":"product_tag","embeddable":true,"href":"https:\/\/baldumarket.lt\/lt\/wp-json\/wp\/v2\/product_tag?post=150941"}],"curies":[{"name":"wp","href":"https:\/\/api.w.org\/{rel}","templated":true}]}}