{"id":150935,"date":"2025-12-18T05:05:18","date_gmt":"2025-12-18T02:05:18","guid":{"rendered":"https:\/\/baldumarket.lt\/?post_type=product&#038;p=150935"},"modified":"2026-02-03T23:34:22","modified_gmt":"2026-02-03T20:34:22","slug":"lozko-kontynentalne-medino-160x200-gr1","status":"publish","type":"product","link":"https:\/\/baldumarket.lt\/lt\/product\/lozko-kontynentalne-medino-160x200-gr1\/","title":{"rendered":"Medino kontinentin\u0117 lova 160\u00d7200 Gr1"},"content":{"rendered":"<h5><span style=\"color: #54859b\">Apsilankykite m\u016bs\u0173 virtualioje WERSAL prek\u0117s \u017eenklo parduotuv\u0117je<\/span><\/h5>\n<p> <a href=\"https:\/\/my.matterport.com\/show\/?m=SjRhosZFbQJ\" target=\"_blank\" rel=\"noopener\"><span style=\"color: #e47025\">https:\/\/my.matterport.com\/<\/span><\/a><\/p>\n<p>160 \u00d7 200 cm dyd\u017eio mink\u0161ta \u201cMedino\u201d lova yra elegancijos ir funkcionalumo sinonimas. D\u0117l pakeliamo r\u0117mo, suteikian\u010dio prakti\u0161kos vietos daiktams susid\u0117ti, tai puikus pasirinkimas tiems, kurie siekia optimizuoti erdv\u0119. Galv\u016bgalis suteikia patogi\u0105 atram\u0105 ir suteikia interjerui modernumo, o med\u017eiag\u0173 ir spalv\u0173 \u012fvairov\u0117 leid\u017eia visi\u0161kai pritaikyti lov\u0105 pagal savo poreikius. \u012e kain\u0105 ne\u012fskai\u010diuotas \u010diu\u017einys, tod\u0117l galite pritaikyti miegojimo komfort\u0105 pagal savo individualius poreikius. \u201cMedino\u201d lova idealiai tinka tiems, kurie vertina komfort\u0105, kokyb\u0119 ir dizain\u0105.<\/p>","protected":false},"excerpt":{"rendered":"<p>Plotis: 168 cm<br \/>\n\u016agis: 112 cm<br \/>\nGylis: 218 cm<br \/>\nMiegamoji erdv\u0117: 160 \u00d7 200 cm<\/p>","protected":false},"featured_media":150996,"comment_status":"open","ping_status":"closed","template":"","meta":[],"product_brand":[],"product_cat":[9391,505,1971,514,4104],"product_tag":[],"class_list":{"0":"post-150935","1":"product","2":"type-product","3":"status-publish","4":"has-post-thumbnail","6":"product_cat-dream-wersal-upholstered-furniture","7":"product_cat-bedroom-beds","8":"product_cat-beds-160x200","9":"product_cat-continental-beds","10":"product_cat-wersal","12":"first","13":"instock","14":"shipping-taxable","15":"purchasable","16":"product-type-variable","17":"wvs-archive-product-wrapper"},"_links":{"self":[{"href":"https:\/\/baldumarket.lt\/lt\/wp-json\/wp\/v2\/product\/150935","targetHints":{"allow":["GET"]}}],"collection":[{"href":"https:\/\/baldumarket.lt\/lt\/wp-json\/wp\/v2\/product"}],"about":[{"href":"https:\/\/baldumarket.lt\/lt\/wp-json\/wp\/v2\/types\/product"}],"replies":[{"embeddable":true,"href":"https:\/\/baldumarket.lt\/lt\/wp-json\/wp\/v2\/comments?post=150935"}],"wp:featuredmedia":[{"embeddable":true,"href":"https:\/\/baldumarket.lt\/lt\/wp-json\/wp\/v2\/media\/150996"}],"wp:attachment":[{"href":"https:\/\/baldumarket.lt\/lt\/wp-json\/wp\/v2\/media?parent=150935"}],"wp:term":[{"taxonomy":"product_brand","embeddable":true,"href":"https:\/\/baldumarket.lt\/lt\/wp-json\/wp\/v2\/product_brand?post=150935"},{"taxonomy":"product_cat","embeddable":true,"href":"https:\/\/baldumarket.lt\/lt\/wp-json\/wp\/v2\/product_cat?post=150935"},{"taxonomy":"product_tag","embeddable":true,"href":"https:\/\/baldumarket.lt\/lt\/wp-json\/wp\/v2\/product_tag?post=150935"}],"curies":[{"name":"wp","href":"https:\/\/api.w.org\/{rel}","templated":true}]}}