{"id":150922,"date":"2025-12-18T05:04:18","date_gmt":"2025-12-18T02:04:18","guid":{"rendered":"https:\/\/baldumarket.lt\/?post_type=product&#038;p=150922"},"modified":"2026-02-03T23:34:22","modified_gmt":"2026-02-03T20:34:22","slug":"lozko-kontynentalne-wave-160x200-gr1","status":"publish","type":"product","link":"https:\/\/baldumarket.lt\/lt\/product\/lozko-kontynentalne-wave-160x200-gr1\/","title":{"rendered":"\u201eWave\u201c kontinentin\u0117 lova 160&#215;200 Gr1"},"content":{"rendered":"<h5><span style=\"color: #54859b\">Apsilankykite m\u016bs\u0173 virtualioje WERSAL prek\u0117s \u017eenklo parduotuv\u0117je<\/span><\/h5>\n<p> <a href=\"https:\/\/my.matterport.com\/show\/?m=SjRhosZFbQJ\" target=\"_blank\" rel=\"noopener\"><span style=\"color: #e47025\">https:\/\/my.matterport.com\/<\/span><\/a><\/p>\n<p>160\u00d7200 cm dyd\u017eio mink\u0161ta lova \u201cWave\u201d derina komfort\u0105 ir elegancij\u0105, puikiai atitikdama \u0161iuolaikini\u0173 miegam\u0173j\u0173 poreikius. Lygi\u0173 linij\u0173 galv\u016bgalis suteikia ergonomi\u0161k\u0105 atram\u0105 ir yra i\u0161skirtinis dekoratyvinis elementas. Lovos pagrindas sukurtas maksimaliam stabilumui, i\u0161laikant minimalistin\u012f stili\u0173, kuris pabr\u0117\u017eia modern\u0173 charakter\u012f. D\u0117l plataus apdailos ir spalv\u0173 pasirinkimo \u201cWave\u201d gali b\u016bti pritaikyta \u012fvairiems skoniams ir interjerams \u2013 nuo klasikinio iki modernaus. I\u0161skirtinis bruo\u017eas \u2013 galimyb\u0117 rinktis i\u0161 \u012fvairi\u0173 med\u017eiag\u0173, leid\u017eian\u010di\u0173 suasmeninti lov\u0105 pagal individualius pageidavimus. Nepriklausomai nuo pasirinkto varianto, \u201cWave\u201d visada atrodo unikaliai ir stilingai. Verta pamin\u0117ti, kad \u012f kain\u0105 ne\u012fskai\u010diuotas \u010diu\u017einys, tod\u0117l klientai gali laisvai pasirinkti tinkam\u0105 mink\u0161tumo ir miegojimo komforto lyg\u012f. \u201cWave\u201d yra daugiau nei tik lova \u2013 ji \u017eada rafinuot\u0105 nakties poils\u012f. Matmenys:<\/p>","protected":false},"excerpt":{"rendered":"<p>Plotis: 170 cm<br \/>\n\u016agis: 111 cm<br \/>\nGylis: 214 cm<br \/>\nMiegamoji erdv\u0117: 160 \u00d7 200 cm<\/p>","protected":false},"featured_media":150978,"comment_status":"open","ping_status":"closed","template":"","meta":[],"product_brand":[],"product_cat":[9391,505,1971,514,4104],"product_tag":[],"class_list":{"0":"post-150922","1":"product","2":"type-product","3":"status-publish","4":"has-post-thumbnail","6":"product_cat-dream-wersal-upholstered-furniture","7":"product_cat-bedroom-beds","8":"product_cat-beds-160x200","9":"product_cat-continental-beds","10":"product_cat-wersal","12":"first","13":"instock","14":"shipping-taxable","15":"purchasable","16":"product-type-variable","17":"wvs-archive-product-wrapper"},"_links":{"self":[{"href":"https:\/\/baldumarket.lt\/lt\/wp-json\/wp\/v2\/product\/150922","targetHints":{"allow":["GET"]}}],"collection":[{"href":"https:\/\/baldumarket.lt\/lt\/wp-json\/wp\/v2\/product"}],"about":[{"href":"https:\/\/baldumarket.lt\/lt\/wp-json\/wp\/v2\/types\/product"}],"replies":[{"embeddable":true,"href":"https:\/\/baldumarket.lt\/lt\/wp-json\/wp\/v2\/comments?post=150922"}],"wp:featuredmedia":[{"embeddable":true,"href":"https:\/\/baldumarket.lt\/lt\/wp-json\/wp\/v2\/media\/150978"}],"wp:attachment":[{"href":"https:\/\/baldumarket.lt\/lt\/wp-json\/wp\/v2\/media?parent=150922"}],"wp:term":[{"taxonomy":"product_brand","embeddable":true,"href":"https:\/\/baldumarket.lt\/lt\/wp-json\/wp\/v2\/product_brand?post=150922"},{"taxonomy":"product_cat","embeddable":true,"href":"https:\/\/baldumarket.lt\/lt\/wp-json\/wp\/v2\/product_cat?post=150922"},{"taxonomy":"product_tag","embeddable":true,"href":"https:\/\/baldumarket.lt\/lt\/wp-json\/wp\/v2\/product_tag?post=150922"}],"curies":[{"name":"wp","href":"https:\/\/api.w.org\/{rel}","templated":true}]}}