{"id":150915,"date":"2025-12-18T05:03:47","date_gmt":"2025-12-18T02:03:47","guid":{"rendered":"https:\/\/baldumarket.lt\/?post_type=product&#038;p=150915"},"modified":"2026-02-03T23:34:22","modified_gmt":"2026-02-03T20:34:22","slug":"lozko-kontynentalne-wave-140x200-gr1","status":"publish","type":"product","link":"https:\/\/baldumarket.lt\/lt\/product\/lozko-kontynentalne-wave-140x200-gr1\/","title":{"rendered":"\u201eWave\u201c kontinentin\u0117 lova 140\u00d7200 Gr1"},"content":{"rendered":"<h5><span style=\"color: #54859b\">Apsilankykite m\u016bs\u0173 virtualioje WERSAL prek\u0117s \u017eenklo parduotuv\u0117je<\/span><\/h5>\n<p> <a href=\"https:\/\/my.matterport.com\/show\/?m=SjRhosZFbQJ\" target=\"_blank\" rel=\"noopener\"><span style=\"color: #e47025\">https:\/\/my.matterport.com\/<\/span><\/a><\/p>\n<p>140 \u00d7 200 cm dyd\u017eio apmu\u0161ta lova \u201cWave\u201d puikiai derina funkcionalum\u0105 ir modern\u0173 dizain\u0105. Eleganti\u0161kas, apvalus galv\u016bgalis ne tik suteikia stiling\u0105 dekoratyvin\u012f akcent\u0105, bet ir suteikia patogi\u0105 atram\u0105, puikiai tinkan\u010di\u0105 vakariniam skaitymui ar poilsiui. Patvari konstrukcija u\u017etikrina stabilum\u0105, o \u012fvairios apdailos med\u017eiagos ir spalvos leid\u017eia sukurti bald\u0105, kuris puikiai papildyt\u0173 bet kurio miegamojo estetik\u0105. Minimalistin\u0117s kojel\u0117s suteikia lengvumo poj\u016bt\u012f ir palengvina tvarkos palaikym\u0105. \u012e \u201cWave\u201d lovos kain\u0105 ne\u012feina vir\u0161utinis u\u017evalkalas, tod\u0117l galite pasirinkti optimal\u0173 miegojimo komfort\u0105. \u0160i versija idealiai tinka tiems, kurie ie\u0161ko komforto ir elegancijos ribotoje erdv\u0117je. Matmenys:<\/p>","protected":false},"excerpt":{"rendered":"<p>Plotis: 150 cm<br \/>\n\u016agis: 111 cm<br \/>\nGylis: 214 cm<br \/>\nMiegamasis plotas: 140 \u00d7 200 cm<\/p>","protected":false},"featured_media":150971,"comment_status":"open","ping_status":"closed","template":"","meta":[],"product_brand":[],"product_cat":[9391,505,1970,514,4104],"product_tag":[],"class_list":{"0":"post-150915","1":"product","2":"type-product","3":"status-publish","4":"has-post-thumbnail","6":"product_cat-dream-wersal-upholstered-furniture","7":"product_cat-bedroom-beds","8":"product_cat-beds-140x200","9":"product_cat-continental-beds","10":"product_cat-wersal","12":"first","13":"instock","14":"shipping-taxable","15":"purchasable","16":"product-type-variable","17":"wvs-archive-product-wrapper"},"_links":{"self":[{"href":"https:\/\/baldumarket.lt\/lt\/wp-json\/wp\/v2\/product\/150915","targetHints":{"allow":["GET"]}}],"collection":[{"href":"https:\/\/baldumarket.lt\/lt\/wp-json\/wp\/v2\/product"}],"about":[{"href":"https:\/\/baldumarket.lt\/lt\/wp-json\/wp\/v2\/types\/product"}],"replies":[{"embeddable":true,"href":"https:\/\/baldumarket.lt\/lt\/wp-json\/wp\/v2\/comments?post=150915"}],"wp:featuredmedia":[{"embeddable":true,"href":"https:\/\/baldumarket.lt\/lt\/wp-json\/wp\/v2\/media\/150971"}],"wp:attachment":[{"href":"https:\/\/baldumarket.lt\/lt\/wp-json\/wp\/v2\/media?parent=150915"}],"wp:term":[{"taxonomy":"product_brand","embeddable":true,"href":"https:\/\/baldumarket.lt\/lt\/wp-json\/wp\/v2\/product_brand?post=150915"},{"taxonomy":"product_cat","embeddable":true,"href":"https:\/\/baldumarket.lt\/lt\/wp-json\/wp\/v2\/product_cat?post=150915"},{"taxonomy":"product_tag","embeddable":true,"href":"https:\/\/baldumarket.lt\/lt\/wp-json\/wp\/v2\/product_tag?post=150915"}],"curies":[{"name":"wp","href":"https:\/\/api.w.org\/{rel}","templated":true}]}}