{"id":150622,"date":"2025-12-18T04:39:00","date_gmt":"2025-12-18T01:39:00","guid":{"rendered":"https:\/\/baldumarket.lt\/?post_type=product&#038;p=150622"},"modified":"2026-02-03T23:34:29","modified_gmt":"2026-02-03T20:34:29","slug":"materac-magic-calm-140x200-gr1","status":"publish","type":"product","link":"https:\/\/baldumarket.lt\/lt\/product\/materac-magic-calm-140x200-gr1\/","title":{"rendered":"\u201eMagic Calm\u201c \u010diu\u017einys 140\u00d7200 Gr1"},"content":{"rendered":"<h5><span style=\"color: #54859b\">Apsilankykite m\u016bs\u0173 virtualioje WERSAL prek\u0117s \u017eenklo parduotuv\u0117je<\/span><\/h5>\n<p> <a href=\"https:\/\/my.matterport.com\/show\/?m=SjRhosZFbQJ\" target=\"_blank\" rel=\"noopener\"><span style=\"color: #e47025\">https:\/\/my.matterport.com\/<\/span><\/a><\/p>\n<p>\u201eMagic Calm\u201c \u010diu\u017einys \u2013 tai modernus, higieni\u0161kas ir ne\u012ftik\u0117tinai patogus \u201eMultipocket\u201c ki\u0161eninis \u010diu\u017einys su putomis, skirtas tiems, kurie vertina stabil\u0173, lankst\u0173 atramos mechanizm\u0105 ir auk\u0161t\u0105 miego komfort\u0105. Viskoelastini\u0173 put\u0173, poliuretano put\u0173 ir \u201eMultipocket\u201c spyruokli\u0173 sistemos derinys garantuoja puik\u0173 prisitaikym\u0105 prie k\u016bno form\u0173, nepriklausomai nuo j\u016bs\u0173 pageidaujamos miegojimo pad\u0117ties. D\u0117l oro kondicionavimo audinio naudojimo \u010diu\u017einys efektyviai sugeria dr\u0117gm\u0119 ir apsaugo nuo bakterij\u0173 bei dulki\u0173 erku\u010di\u0173, taip pagerindamas higien\u0105. \u201eMagic Calm\u201c \u2013 puikus pasirinkimas tiems, kurie ie\u0161ko vidutinio kietumo, stabilaus atramos sveikam ir ramiam miegui.<\/p>","protected":false},"excerpt":{"rendered":"<p>Plotis: 140 cm<br \/>\nAuk\u0161tis: 22 cm<br \/>\nEkologi\u0161kas: Ne<br \/>\nMasa\u017eo funkcija: Ne<br \/>\nLateksas: Ne<br \/>\nVasara \/ \u017diema: Ne<br \/>\nKokoso kilim\u0117lis: Ne<br \/>\nOrganin\u0117s putos: Ne<br \/>\nHibridin\u0117s putos: Ne<br \/>\nPoliuretano putos: Taip<br \/>\nViskoelastin\u0117s putos: Taip<br \/>\nLabai elastingas HR putplastis: Ne<br \/>\nPlaunamas u\u017evalkalas: Taip<\/p>","protected":false},"featured_media":150675,"comment_status":"open","ping_status":"closed","template":"","meta":[],"product_brand":[],"product_cat":[9396,1099,1977,4104],"product_tag":[],"class_list":{"0":"post-150622","1":"product","2":"type-product","3":"status-publish","4":"has-post-thumbnail","6":"product_cat-mattresses-wersal","7":"product_cat-mattresses","8":"product_cat-mattresses-140x200","9":"product_cat-wersal","11":"first","12":"instock","13":"shipping-taxable","14":"purchasable","15":"product-type-simple"},"_links":{"self":[{"href":"https:\/\/baldumarket.lt\/lt\/wp-json\/wp\/v2\/product\/150622","targetHints":{"allow":["GET"]}}],"collection":[{"href":"https:\/\/baldumarket.lt\/lt\/wp-json\/wp\/v2\/product"}],"about":[{"href":"https:\/\/baldumarket.lt\/lt\/wp-json\/wp\/v2\/types\/product"}],"replies":[{"embeddable":true,"href":"https:\/\/baldumarket.lt\/lt\/wp-json\/wp\/v2\/comments?post=150622"}],"wp:featuredmedia":[{"embeddable":true,"href":"https:\/\/baldumarket.lt\/lt\/wp-json\/wp\/v2\/media\/150675"}],"wp:attachment":[{"href":"https:\/\/baldumarket.lt\/lt\/wp-json\/wp\/v2\/media?parent=150622"}],"wp:term":[{"taxonomy":"product_brand","embeddable":true,"href":"https:\/\/baldumarket.lt\/lt\/wp-json\/wp\/v2\/product_brand?post=150622"},{"taxonomy":"product_cat","embeddable":true,"href":"https:\/\/baldumarket.lt\/lt\/wp-json\/wp\/v2\/product_cat?post=150622"},{"taxonomy":"product_tag","embeddable":true,"href":"https:\/\/baldumarket.lt\/lt\/wp-json\/wp\/v2\/product_tag?post=150622"}],"curies":[{"name":"wp","href":"https:\/\/api.w.org\/{rel}","templated":true}]}}