{"id":150398,"date":"2025-12-18T04:19:48","date_gmt":"2025-12-18T01:19:48","guid":{"rendered":"https:\/\/baldumarket.lt\/?post_type=product&#038;p=150398"},"modified":"2026-02-03T23:34:31","modified_gmt":"2026-02-03T20:34:31","slug":"materac-comfort-massage-180x200-gr1","status":"publish","type":"product","link":"https:\/\/baldumarket.lt\/lt\/product\/materac-comfort-massage-180x200-gr1\/","title":{"rendered":"Patogus masa\u017einis \u010diu\u017einys 180\u00d7200 Gr1"},"content":{"rendered":"<h5><span style=\"color: #54859b\">Apsilankykite m\u016bs\u0173 virtualioje WERSAL prek\u0117s \u017eenklo parduotuv\u0117je<\/span><\/h5>\n<p> <a href=\"https:\/\/my.matterport.com\/show\/?m=SjRhosZFbQJ\" target=\"_blank\" rel=\"noopener\"><span style=\"color: #e47025\">https:\/\/my.matterport.com\/<\/span><\/a><\/p>\n<p>\u201eComfort Massage\u201c \u010diu\u017einys skirtas tiems, kurie ie\u0161ko tobulo komforto, lankstumo ir miego higienos derinio. Didelio elastingumo HR put\u0173 ir poliuretano put\u0173 derinys sukuria stabili\u0105, elasting\u0105 atram\u0105, kuri prisitaiko prie k\u016bno form\u0173 ir u\u017etikrina sveik\u0105 pad\u0117t\u012f vis\u0105 nakt\u012f. \u010ciu\u017einys yra dvipusio H2\/H3 kietumo ir 21 cm auk\u0161\u010dio, tod\u0117l galite reguliuoti komforto lyg\u012f pagal savo pageidavimus. Mink\u0161tas, skalbiamas u\u017evalkalas papildo bendr\u0105 komfort\u0105 ir palaiko \u010diu\u017einio higieni\u0161k\u0105 \u0161var\u0105.<\/p>","protected":false},"excerpt":{"rendered":"<p>Plotis: 180 cm<br \/>\nAuk\u0161tis: 21 cm<br \/>\nEkologi\u0161kas: Ne<br \/>\nMasa\u017eo funkcija: Ne<br \/>\nLateksas: Ne<br \/>\nVasara \/ \u017diema: Ne<br \/>\nKokoso kilim\u0117lis: Ne<br \/>\nOrganin\u0117s putos: Ne<br \/>\nHibridin\u0117s putos: Ne<br \/>\nPoliuretano putos: Taip<br \/>\nViskoelastin\u0117s putos: Ne<br \/>\nLabai elastingas HR putplastis: Taip<br \/>\nPlaunamas u\u017evalkalas: Taip<\/p>","protected":false},"featured_media":150452,"comment_status":"open","ping_status":"closed","template":"","meta":[],"product_brand":[],"product_cat":[9396,1099,1979,4104],"product_tag":[],"class_list":{"0":"post-150398","1":"product","2":"type-product","3":"status-publish","4":"has-post-thumbnail","6":"product_cat-mattresses-wersal","7":"product_cat-mattresses","8":"product_cat-mattresses-180x200","9":"product_cat-wersal","11":"first","12":"instock","13":"shipping-taxable","14":"purchasable","15":"product-type-simple"},"_links":{"self":[{"href":"https:\/\/baldumarket.lt\/lt\/wp-json\/wp\/v2\/product\/150398","targetHints":{"allow":["GET"]}}],"collection":[{"href":"https:\/\/baldumarket.lt\/lt\/wp-json\/wp\/v2\/product"}],"about":[{"href":"https:\/\/baldumarket.lt\/lt\/wp-json\/wp\/v2\/types\/product"}],"replies":[{"embeddable":true,"href":"https:\/\/baldumarket.lt\/lt\/wp-json\/wp\/v2\/comments?post=150398"}],"wp:featuredmedia":[{"embeddable":true,"href":"https:\/\/baldumarket.lt\/lt\/wp-json\/wp\/v2\/media\/150452"}],"wp:attachment":[{"href":"https:\/\/baldumarket.lt\/lt\/wp-json\/wp\/v2\/media?parent=150398"}],"wp:term":[{"taxonomy":"product_brand","embeddable":true,"href":"https:\/\/baldumarket.lt\/lt\/wp-json\/wp\/v2\/product_brand?post=150398"},{"taxonomy":"product_cat","embeddable":true,"href":"https:\/\/baldumarket.lt\/lt\/wp-json\/wp\/v2\/product_cat?post=150398"},{"taxonomy":"product_tag","embeddable":true,"href":"https:\/\/baldumarket.lt\/lt\/wp-json\/wp\/v2\/product_tag?post=150398"}],"curies":[{"name":"wp","href":"https:\/\/api.w.org\/{rel}","templated":true}]}}