{"id":150386,"date":"2025-12-18T04:18:45","date_gmt":"2025-12-18T01:18:45","guid":{"rendered":"https:\/\/baldumarket.lt\/?post_type=product&#038;p=150386"},"modified":"2026-02-03T23:34:31","modified_gmt":"2026-02-03T20:34:31","slug":"materac-eco-l-180x200-gr1","status":"publish","type":"product","link":"https:\/\/baldumarket.lt\/lt\/product\/materac-eco-l-180x200-gr1\/","title":{"rendered":"Ekologi\u0161kas \u010diu\u017einys L 180\u00d7200 Gr1"},"content":{"rendered":"<h5><span style=\"color: #54859b\">Apsilankykite m\u016bs\u0173 virtualioje WERSAL prek\u0117s \u017eenklo parduotuv\u0117je<\/span><\/h5>\n<p> <a href=\"https:\/\/my.matterport.com\/show\/?m=SjRhosZFbQJ\" target=\"_blank\" rel=\"noopener\"><span style=\"color: #e47025\">https:\/\/my.matterport.com\/<\/span><\/a><\/p>\n<p>\u201eEco I\u201c \u010diu\u017einys \u2013 tai ekologi\u0161kas modelis, skirtas tiems, kurie nori patogiai miegoti ir rinktis aplinkai nekenksmingus gaminius. Jo vid\u0173 sudaro trys skirtingi putplas\u010diai, \u012fskaitant \u0161iuolaikines organines putas ir kokoso pluo\u0161to kilim\u0117l\u012f, kurie kartu u\u017etikrina didel\u012f elastingum\u0105, stabili\u0105 atram\u0105 ir puik\u0173 patvarum\u0105.<\/p>","protected":false},"excerpt":{"rendered":"<p>Plotis: 180 cm<br \/>\nAuk\u0161tis: 23 cm<br \/>\nEkologi\u0161kas: Taip<br \/>\nMasa\u017eo funkcija: Ne<br \/>\nLateksas: Ne<br \/>\nVasara \/ \u017diema: Taip<br \/>\nKokoso kilim\u0117lis: Taip<br \/>\nOrganin\u0117s putos: Taip<br \/>\nHibridin\u0117s putos: Ne<br \/>\nPoliuretano putos: Taip<br \/>\nViskoelastin\u0117s putos: Ne<br \/>\nLabai elastingas HR putplastis: Taip<br \/>\nPlaunamas u\u017evalkalas: Taip<\/p>","protected":false},"featured_media":150439,"comment_status":"open","ping_status":"closed","template":"","meta":[],"product_brand":[],"product_cat":[9396,1099,1979,4104],"product_tag":[],"class_list":{"0":"post-150386","1":"product","2":"type-product","3":"status-publish","4":"has-post-thumbnail","6":"product_cat-mattresses-wersal","7":"product_cat-mattresses","8":"product_cat-mattresses-180x200","9":"product_cat-wersal","11":"first","12":"instock","13":"shipping-taxable","14":"purchasable","15":"product-type-simple"},"_links":{"self":[{"href":"https:\/\/baldumarket.lt\/lt\/wp-json\/wp\/v2\/product\/150386","targetHints":{"allow":["GET"]}}],"collection":[{"href":"https:\/\/baldumarket.lt\/lt\/wp-json\/wp\/v2\/product"}],"about":[{"href":"https:\/\/baldumarket.lt\/lt\/wp-json\/wp\/v2\/types\/product"}],"replies":[{"embeddable":true,"href":"https:\/\/baldumarket.lt\/lt\/wp-json\/wp\/v2\/comments?post=150386"}],"wp:featuredmedia":[{"embeddable":true,"href":"https:\/\/baldumarket.lt\/lt\/wp-json\/wp\/v2\/media\/150439"}],"wp:attachment":[{"href":"https:\/\/baldumarket.lt\/lt\/wp-json\/wp\/v2\/media?parent=150386"}],"wp:term":[{"taxonomy":"product_brand","embeddable":true,"href":"https:\/\/baldumarket.lt\/lt\/wp-json\/wp\/v2\/product_brand?post=150386"},{"taxonomy":"product_cat","embeddable":true,"href":"https:\/\/baldumarket.lt\/lt\/wp-json\/wp\/v2\/product_cat?post=150386"},{"taxonomy":"product_tag","embeddable":true,"href":"https:\/\/baldumarket.lt\/lt\/wp-json\/wp\/v2\/product_tag?post=150386"}],"curies":[{"name":"wp","href":"https:\/\/api.w.org\/{rel}","templated":true}]}}