{"id":150359,"date":"2025-12-18T04:16:27","date_gmt":"2025-12-18T01:16:27","guid":{"rendered":"https:\/\/baldumarket.lt\/?post_type=product&#038;p=150359"},"modified":"2026-02-03T23:34:31","modified_gmt":"2026-02-03T20:34:31","slug":"materac-grand-sotto-180x200-gr1","status":"publish","type":"product","link":"https:\/\/baldumarket.lt\/lt\/product\/materac-grand-sotto-180x200-gr1\/","title":{"rendered":"\u010ciu\u017einys Grand Sotto 180\u00d7200 Gr1"},"content":{"rendered":"<h5><span style=\"color: #54859b\">Apsilankykite m\u016bs\u0173 virtualioje WERSAL prek\u0117s \u017eenklo parduotuv\u0117je<\/span><\/h5>\n<p> <a href=\"https:\/\/my.matterport.com\/show\/?m=SjRhosZFbQJ\" target=\"_blank\" rel=\"noopener\"><span style=\"color: #e47025\">https:\/\/my.matterport.com\/<\/span><\/a><\/p>\n<p>\u201eGrand Sotto\u201c \u010diu\u017einys sukurtas i\u0161rankiems vartotojams, kurie tikisi prabangos, patvarumo ir auk\u0161\u010diausio lygio komforto. Jo konstrukcijoje naudojamos \u201eMultipocket\u201c spyruokl\u0117s, u\u017etikrinan\u010dios ideali\u0105 stuburo atram\u0105 ir puik\u0173 prigludim\u0105. Didelio elastingumo putos garantuoja ilgalaik\u012f patvarum\u0105 ir elastingum\u0105, u\u017etikrindamos, kad \u010diu\u017einys i\u0161laiko savo form\u0105 net ir intensyviai naudojant. \u201eGrand Sotto\u201c yra patvarus, stabilus \u010diu\u017einys tiems, kurie siekia sveiko ir atkuriamojo miego.<\/p>","protected":false},"excerpt":{"rendered":"<p>Plotis: 180 cm<br \/>\nAuk\u0161tis: 30 cm<br \/>\nEkologi\u0161kas: Ne<br \/>\nMasa\u017eo funkcija: Ne<br \/>\nLateksas: Ne<br \/>\nVasara \/ \u017diema: Ne<br \/>\nKokoso kilim\u0117lis: Ne<br \/>\nOrganin\u0117s putos: Ne<br \/>\nHibridin\u0117s putos: Ne<br \/>\nPoliuretano putos: Taip<br \/>\nViskoelastin\u0117s putos: Ne<br \/>\nLabai elastingas HR putplastis: Taip<br \/>\nPlaunamas u\u017evalkalas: Taip<\/p>","protected":false},"featured_media":150413,"comment_status":"open","ping_status":"closed","template":"","meta":[],"product_brand":[],"product_cat":[9396,1099,1979,4104],"product_tag":[],"class_list":{"0":"post-150359","1":"product","2":"type-product","3":"status-publish","4":"has-post-thumbnail","6":"product_cat-mattresses-wersal","7":"product_cat-mattresses","8":"product_cat-mattresses-180x200","9":"product_cat-wersal","11":"first","12":"instock","13":"shipping-taxable","14":"purchasable","15":"product-type-simple"},"_links":{"self":[{"href":"https:\/\/baldumarket.lt\/lt\/wp-json\/wp\/v2\/product\/150359","targetHints":{"allow":["GET"]}}],"collection":[{"href":"https:\/\/baldumarket.lt\/lt\/wp-json\/wp\/v2\/product"}],"about":[{"href":"https:\/\/baldumarket.lt\/lt\/wp-json\/wp\/v2\/types\/product"}],"replies":[{"embeddable":true,"href":"https:\/\/baldumarket.lt\/lt\/wp-json\/wp\/v2\/comments?post=150359"}],"wp:featuredmedia":[{"embeddable":true,"href":"https:\/\/baldumarket.lt\/lt\/wp-json\/wp\/v2\/media\/150413"}],"wp:attachment":[{"href":"https:\/\/baldumarket.lt\/lt\/wp-json\/wp\/v2\/media?parent=150359"}],"wp:term":[{"taxonomy":"product_brand","embeddable":true,"href":"https:\/\/baldumarket.lt\/lt\/wp-json\/wp\/v2\/product_brand?post=150359"},{"taxonomy":"product_cat","embeddable":true,"href":"https:\/\/baldumarket.lt\/lt\/wp-json\/wp\/v2\/product_cat?post=150359"},{"taxonomy":"product_tag","embeddable":true,"href":"https:\/\/baldumarket.lt\/lt\/wp-json\/wp\/v2\/product_tag?post=150359"}],"curies":[{"name":"wp","href":"https:\/\/api.w.org\/{rel}","templated":true}]}}