{"id":150345,"date":"2025-12-18T04:15:17","date_gmt":"2025-12-18T01:15:17","guid":{"rendered":"https:\/\/baldumarket.lt\/?post_type=product&#038;p=150345"},"modified":"2026-02-03T23:34:31","modified_gmt":"2026-02-03T20:34:31","slug":"materac-live-blue-180x200-gr1","status":"publish","type":"product","link":"https:\/\/baldumarket.lt\/lt\/product\/materac-live-blue-180x200-gr1\/","title":{"rendered":"\u010ciu\u017einys \u201eLive Blue\u201c 180\u00d7200 Gr1"},"content":{"rendered":"<h5><span style=\"color: #54859b\">Apsilankykite m\u016bs\u0173 virtualioje WERSAL prek\u0117s \u017eenklo parduotuv\u0117je<\/span><\/h5>\n<p> <a href=\"https:\/\/my.matterport.com\/show\/?m=SjRhosZFbQJ\" target=\"_blank\" rel=\"noopener\"><span style=\"color: #e47025\">https:\/\/my.matterport.com\/<\/span><\/a><\/p>\n<p>\u201eLive Blues\u201c \u010diu\u017einys \u2013 tai modernus putplas\u010dio modelis, sukurtas i\u0161 hibridini\u0173 put\u0173, viskoelastini\u0173 put\u0173 ir patvari\u0173 poliuretano put\u0173 derinio, u\u017etikrinantis auk\u0161t\u0105 komfort\u0105, puik\u0173 prigludim\u0105 prie k\u016bno ir padidint\u0105 atsparum\u0105 deformacijai. Jo konstrukcija garantuoja stabili\u0105 stuburo atram\u0105 ir sveik\u0105 miegojimo pad\u0117t\u012f, tod\u0117l tai idealus pasirinkimas tiek suaugusiesiems, tiek vyresniems vaikams. \u0160is itin patvarus \u010diu\u017einys u\u017etikrina patog\u0173 poils\u012f daugel\u012f met\u0173.<\/p>","protected":false},"excerpt":{"rendered":"<p>Plotis: 180 cm<br \/>\nAuk\u0161tis: 24 cm<br \/>\nEkologi\u0161kas: Ne<br \/>\nMasa\u017eo funkcija: Ne<br \/>\nLateksas: Ne<br \/>\nVasara \/ \u017diema: Ne<br \/>\nKokoso kilim\u0117lis: Ne<br \/>\nOrganin\u0117s putos: Ne<br \/>\nHibridin\u0117s putos: Taip<br \/>\nPoliuretano putos: Taip<br \/>\nViskoelastin\u0117s putos: Taip<br \/>\nLabai elastingas HR putplastis: Ne<br \/>\nPlaunamas u\u017evalkalas: Taip<\/p>","protected":false},"featured_media":150400,"comment_status":"open","ping_status":"closed","template":"","meta":[],"product_brand":[],"product_cat":[9396,1099,1979,4104],"product_tag":[],"class_list":{"0":"post-150345","1":"product","2":"type-product","3":"status-publish","4":"has-post-thumbnail","6":"product_cat-mattresses-wersal","7":"product_cat-mattresses","8":"product_cat-mattresses-180x200","9":"product_cat-wersal","11":"first","12":"instock","13":"shipping-taxable","14":"purchasable","15":"product-type-simple"},"_links":{"self":[{"href":"https:\/\/baldumarket.lt\/lt\/wp-json\/wp\/v2\/product\/150345","targetHints":{"allow":["GET"]}}],"collection":[{"href":"https:\/\/baldumarket.lt\/lt\/wp-json\/wp\/v2\/product"}],"about":[{"href":"https:\/\/baldumarket.lt\/lt\/wp-json\/wp\/v2\/types\/product"}],"replies":[{"embeddable":true,"href":"https:\/\/baldumarket.lt\/lt\/wp-json\/wp\/v2\/comments?post=150345"}],"wp:featuredmedia":[{"embeddable":true,"href":"https:\/\/baldumarket.lt\/lt\/wp-json\/wp\/v2\/media\/150400"}],"wp:attachment":[{"href":"https:\/\/baldumarket.lt\/lt\/wp-json\/wp\/v2\/media?parent=150345"}],"wp:term":[{"taxonomy":"product_brand","embeddable":true,"href":"https:\/\/baldumarket.lt\/lt\/wp-json\/wp\/v2\/product_brand?post=150345"},{"taxonomy":"product_cat","embeddable":true,"href":"https:\/\/baldumarket.lt\/lt\/wp-json\/wp\/v2\/product_cat?post=150345"},{"taxonomy":"product_tag","embeddable":true,"href":"https:\/\/baldumarket.lt\/lt\/wp-json\/wp\/v2\/product_tag?post=150345"}],"curies":[{"name":"wp","href":"https:\/\/api.w.org\/{rel}","templated":true}]}}