{"id":150338,"date":"2025-12-18T04:14:38","date_gmt":"2025-12-18T01:14:38","guid":{"rendered":"https:\/\/baldumarket.lt\/?post_type=product&#038;p=150338"},"modified":"2026-02-03T23:34:32","modified_gmt":"2026-02-03T20:34:32","slug":"materac-live-buriano-180x200-gr1","status":"publish","type":"product","link":"https:\/\/baldumarket.lt\/lt\/product\/materac-live-buriano-180x200-gr1\/","title":{"rendered":"\u010ciu\u017einys \u201eLive Buriano\u201c 180\u00d7200 Gr1"},"content":{"rendered":"<h5><span style=\"color: #54859b\">Apsilankykite m\u016bs\u0173 virtualioje WERSAL prek\u0117s \u017eenklo parduotuv\u0117je<\/span><\/h5>\n<p> <a href=\"https:\/\/my.matterport.com\/show\/?m=SjRhosZFbQJ\" target=\"_blank\" rel=\"noopener\"><span style=\"color: #e47025\">https:\/\/my.matterport.com\/<\/span><\/a><\/p>\n<p>\u201eLive Buriano\u201c \u010diu\u017einys \u2013 tai modernus ki\u0161enini\u0173 spyruokli\u0173 \u010diu\u017einys, skirtas tiems, kurie vertina sveik\u0105, higieni\u0161k\u0105 ir patog\u0173 mieg\u0105. Jo pagrindas pagamintas i\u0161 patvari\u0173 ki\u0161enini\u0173 spyruokli\u0173, kurios u\u017etikrina optimali\u0105 oro cirkuliacij\u0105 ir apsaugo \u010diu\u017einio vid\u0173 nuo dr\u0117gm\u0117s, pel\u0117sio ir dulki\u0173 erku\u010di\u0173. Strukt\u016br\u0105 papildo organin\u0117s putos ir latekso sluoksnis, leid\u017eiantys \u010diu\u017einiui tiksliai prisitaikyti prie nat\u016brali\u0173 k\u016bno linki\u0173 ir garantuoti stabili\u0105 stuburo atram\u0105. Tai puikus pasirinkimas tiems, kurie ie\u0161ko auk\u0161\u010diausios kokyb\u0117s komforto, patvarumo ir nat\u016brali\u0173 med\u017eiag\u0173.<\/p>","protected":false},"excerpt":{"rendered":"<p>Plotis: 180 cm<br \/>\nAuk\u0161tis: 26 cm<br \/>\nEkologi\u0161kas: Taip<br \/>\nMasa\u017eo funkcija: Ne<br \/>\nLateksas: Taip<br \/>\nVasara \/ \u017diema: Ne<br \/>\nKokoso kilim\u0117lis: Ne<br \/>\nOrganin\u0117s putos: Taip<br \/>\nHibridin\u0117s putos: Ne<br \/>\nPoliuretano putos: Ne<br \/>\nViskoelastin\u0117s putos: Ne<br \/>\nLabai elastingas HR putplastis: Ne<br \/>\nPlaunamas u\u017evalkalas: Taip<\/p>","protected":false},"featured_media":150394,"comment_status":"open","ping_status":"closed","template":"","meta":[],"product_brand":[],"product_cat":[9396,1099,1979,4104],"product_tag":[],"class_list":{"0":"post-150338","1":"product","2":"type-product","3":"status-publish","4":"has-post-thumbnail","6":"product_cat-mattresses-wersal","7":"product_cat-mattresses","8":"product_cat-mattresses-180x200","9":"product_cat-wersal","11":"first","12":"instock","13":"shipping-taxable","14":"purchasable","15":"product-type-simple"},"_links":{"self":[{"href":"https:\/\/baldumarket.lt\/lt\/wp-json\/wp\/v2\/product\/150338","targetHints":{"allow":["GET"]}}],"collection":[{"href":"https:\/\/baldumarket.lt\/lt\/wp-json\/wp\/v2\/product"}],"about":[{"href":"https:\/\/baldumarket.lt\/lt\/wp-json\/wp\/v2\/types\/product"}],"replies":[{"embeddable":true,"href":"https:\/\/baldumarket.lt\/lt\/wp-json\/wp\/v2\/comments?post=150338"}],"wp:featuredmedia":[{"embeddable":true,"href":"https:\/\/baldumarket.lt\/lt\/wp-json\/wp\/v2\/media\/150394"}],"wp:attachment":[{"href":"https:\/\/baldumarket.lt\/lt\/wp-json\/wp\/v2\/media?parent=150338"}],"wp:term":[{"taxonomy":"product_brand","embeddable":true,"href":"https:\/\/baldumarket.lt\/lt\/wp-json\/wp\/v2\/product_brand?post=150338"},{"taxonomy":"product_cat","embeddable":true,"href":"https:\/\/baldumarket.lt\/lt\/wp-json\/wp\/v2\/product_cat?post=150338"},{"taxonomy":"product_tag","embeddable":true,"href":"https:\/\/baldumarket.lt\/lt\/wp-json\/wp\/v2\/product_tag?post=150338"}],"curies":[{"name":"wp","href":"https:\/\/api.w.org\/{rel}","templated":true}]}}