{"id":150299,"date":"2025-12-18T04:11:20","date_gmt":"2025-12-18T01:11:20","guid":{"rendered":"https:\/\/baldumarket.lt\/?post_type=product&#038;p=150299"},"modified":"2026-02-03T23:34:32","modified_gmt":"2026-02-03T20:34:32","slug":"materac-live-visco-180x200-gr1","status":"publish","type":"product","link":"https:\/\/baldumarket.lt\/lt\/product\/materac-live-visco-180x200-gr1\/","title":{"rendered":"\u010ciu\u017einys \u201eLive Visco\u201c 180\u00d7200 Gr1"},"content":{"rendered":"<h5><span style=\"color: #54859b\">Apsilankykite m\u016bs\u0173 virtualioje WERSAL prek\u0117s \u017eenklo parduotuv\u0117je<\/span><\/h5>\n<p> <a href=\"https:\/\/my.matterport.com\/show\/?m=SjRhosZFbQJ\" target=\"_blank\" rel=\"noopener\"><span style=\"color: #e47025\">https:\/\/my.matterport.com\/<\/span><\/a><\/p>\n<p>\u201eLive Visco\u201c \u010diu\u017einys \u2013 puikus sprendimas ie\u0161kantiems elastingumo, stabilumo ir \u0161iluminio komforto derinio. D\u0117l viskoelastin\u0117s med\u017eiagos \u010diu\u017einys reaguoja \u012f k\u016bno \u0161ilum\u0105 ir puikiai prisitaiko prie nat\u016brali\u0173 naudotojo k\u016bno linki\u0173. Ki\u0161enini\u0173 spyruokli\u0173 \u0161erdis suteikia tiksli\u0105 atram\u0105, o kokoso pluo\u0161to kilim\u0117lis sustiprina strukt\u016br\u0105 ir padidina kv\u0117pavim\u0105. \u0160is dvipusis \u010diu\u017einys, kurio kietumo laipsnis yra H2\/H3, o auk\u0161tis \u2013 20 cm, garantuoja sveik\u0105, atkuriam\u0105j\u012f ir i\u0161skirtinai ram\u0173 mieg\u0105.<\/p>","protected":false},"excerpt":{"rendered":"<p>Plotis: 180 cm<br \/>\nAuk\u0161tis: 20 cm<br \/>\nEkologi\u0161kas: Ne<br \/>\nMasa\u017eo funkcija: Ne<br \/>\nLateksas: Ne<br \/>\nVasara \/ \u017diema: Ne<br \/>\nKokoso kilim\u0117lis: Taip<br \/>\nOrganin\u0117s putos: Ne<br \/>\nHibridin\u0117s putos: Ne<br \/>\nPoliuretano putos: Taip<br \/>\nViskoelastin\u0117s putos: Taip<br \/>\nLabai elastingas HR putplastis: Ne<br \/>\nPlaunamas u\u017evalkalas: Taip<\/p>","protected":false},"featured_media":150354,"comment_status":"open","ping_status":"closed","template":"","meta":[],"product_brand":[],"product_cat":[9396,1099,1979,4104],"product_tag":[],"class_list":{"0":"post-150299","1":"product","2":"type-product","3":"status-publish","4":"has-post-thumbnail","6":"product_cat-mattresses-wersal","7":"product_cat-mattresses","8":"product_cat-mattresses-180x200","9":"product_cat-wersal","11":"first","12":"instock","13":"shipping-taxable","14":"purchasable","15":"product-type-simple"},"_links":{"self":[{"href":"https:\/\/baldumarket.lt\/lt\/wp-json\/wp\/v2\/product\/150299","targetHints":{"allow":["GET"]}}],"collection":[{"href":"https:\/\/baldumarket.lt\/lt\/wp-json\/wp\/v2\/product"}],"about":[{"href":"https:\/\/baldumarket.lt\/lt\/wp-json\/wp\/v2\/types\/product"}],"replies":[{"embeddable":true,"href":"https:\/\/baldumarket.lt\/lt\/wp-json\/wp\/v2\/comments?post=150299"}],"wp:featuredmedia":[{"embeddable":true,"href":"https:\/\/baldumarket.lt\/lt\/wp-json\/wp\/v2\/media\/150354"}],"wp:attachment":[{"href":"https:\/\/baldumarket.lt\/lt\/wp-json\/wp\/v2\/media?parent=150299"}],"wp:term":[{"taxonomy":"product_brand","embeddable":true,"href":"https:\/\/baldumarket.lt\/lt\/wp-json\/wp\/v2\/product_brand?post=150299"},{"taxonomy":"product_cat","embeddable":true,"href":"https:\/\/baldumarket.lt\/lt\/wp-json\/wp\/v2\/product_cat?post=150299"},{"taxonomy":"product_tag","embeddable":true,"href":"https:\/\/baldumarket.lt\/lt\/wp-json\/wp\/v2\/product_tag?post=150299"}],"curies":[{"name":"wp","href":"https:\/\/api.w.org\/{rel}","templated":true}]}}