{"id":150285,"date":"2025-12-18T04:10:03","date_gmt":"2025-12-18T01:10:03","guid":{"rendered":"https:\/\/baldumarket.lt\/?post_type=product&#038;p=150285"},"modified":"2026-02-03T23:34:32","modified_gmt":"2026-02-03T20:34:32","slug":"materac-magic-cool-180x200-gr1","status":"publish","type":"product","link":"https:\/\/baldumarket.lt\/lt\/product\/materac-magic-cool-180x200-gr1\/","title":{"rendered":"\u201eMagic Cool\u201c \u010diu\u017einys 180\u00d7200 Gr1"},"content":{"rendered":"<h5><span style=\"color: #54859b\">Apsilankykite m\u016bs\u0173 virtualioje WERSAL prek\u0117s \u017eenklo parduotuv\u0117je<\/span><\/h5>\n<p> <a href=\"https:\/\/my.matterport.com\/show\/?m=SjRhosZFbQJ\" target=\"_blank\" rel=\"noopener\"><span style=\"color: #e47025\">https:\/\/my.matterport.com\/<\/span><\/a><\/p>\n<p>\u201eMagic Cool\u201c \u010diu\u017einys \u2013 tai novatori\u0161kas vasaros ir \u017eiemos \u010diu\u017einys, u\u017etikrinantis \u0161ilumin\u012f komfort\u0105 i\u0161tisus metus. Specialus, mink\u0161tas audinys \u0161velniai v\u0117sina vasar\u0105 ir subtiliai \u0161ildo \u017eiem\u0105, u\u017etikrindamas, kad visada miegotum\u0117te idealiomis s\u0105lygomis. Didelio elastingumo put\u0173, ki\u0161enini\u0173 spyruokli\u0173 ir kruop\u0161\u010diai atrinkt\u0173 put\u0173 naudojimas garantuoja puik\u0173 palaikym\u0105 ir auk\u0161t\u0105 komfort\u0105, nepriklausomai nuo miegojimo pad\u0117ties. \u201eMagic Cool\u201c \u2013 puikus pasirinkimas tiems, kurie ie\u0161ko harmonijos tarp komforto, higienos ir optimalios miego temperat\u016bros.<\/p>","protected":false},"excerpt":{"rendered":"<p>Plotis: 180 cm<br \/>\nAuk\u0161tis: 23 cm<br \/>\nEkologi\u0161kas: Ne<br \/>\nMasa\u017eo funkcija: Ne<br \/>\nLateksas: Ne<br \/>\nVasara \/ \u017diema: Ne<br \/>\nKokoso kilim\u0117lis: Ne<br \/>\nOrganin\u0117s putos: Ne<br \/>\nHibridin\u0117s putos: Ne<br \/>\nPoliuretano putos: Taip<br \/>\nViskoelastin\u0117s putos: Ne<br \/>\nLabai elastingas HR putplastis: Taip<br \/>\nPlaunamas u\u017evalkalas: Taip<\/p>","protected":false},"featured_media":150340,"comment_status":"open","ping_status":"closed","template":"","meta":[],"product_brand":[],"product_cat":[9396,1099,1979,4104],"product_tag":[],"class_list":{"0":"post-150285","1":"product","2":"type-product","3":"status-publish","4":"has-post-thumbnail","6":"product_cat-mattresses-wersal","7":"product_cat-mattresses","8":"product_cat-mattresses-180x200","9":"product_cat-wersal","11":"first","12":"instock","13":"shipping-taxable","14":"purchasable","15":"product-type-simple"},"_links":{"self":[{"href":"https:\/\/baldumarket.lt\/lt\/wp-json\/wp\/v2\/product\/150285","targetHints":{"allow":["GET"]}}],"collection":[{"href":"https:\/\/baldumarket.lt\/lt\/wp-json\/wp\/v2\/product"}],"about":[{"href":"https:\/\/baldumarket.lt\/lt\/wp-json\/wp\/v2\/types\/product"}],"replies":[{"embeddable":true,"href":"https:\/\/baldumarket.lt\/lt\/wp-json\/wp\/v2\/comments?post=150285"}],"wp:featuredmedia":[{"embeddable":true,"href":"https:\/\/baldumarket.lt\/lt\/wp-json\/wp\/v2\/media\/150340"}],"wp:attachment":[{"href":"https:\/\/baldumarket.lt\/lt\/wp-json\/wp\/v2\/media?parent=150285"}],"wp:term":[{"taxonomy":"product_brand","embeddable":true,"href":"https:\/\/baldumarket.lt\/lt\/wp-json\/wp\/v2\/product_brand?post=150285"},{"taxonomy":"product_cat","embeddable":true,"href":"https:\/\/baldumarket.lt\/lt\/wp-json\/wp\/v2\/product_cat?post=150285"},{"taxonomy":"product_tag","embeddable":true,"href":"https:\/\/baldumarket.lt\/lt\/wp-json\/wp\/v2\/product_tag?post=150285"}],"curies":[{"name":"wp","href":"https:\/\/api.w.org\/{rel}","templated":true}]}}