{"id":150058,"date":"2025-12-18T03:51:14","date_gmt":"2025-12-18T00:51:14","guid":{"rendered":"https:\/\/baldumarket.lt\/?post_type=product&#038;p=150058"},"modified":"2026-02-03T23:34:35","modified_gmt":"2026-02-03T20:34:35","slug":"materac-comfort-melody-70x200-gr1","status":"publish","type":"product","link":"https:\/\/baldumarket.lt\/lt\/product\/materac-comfort-melody-70x200-gr1\/","title":{"rendered":"\u010ciu\u017einys \u201eComfort Melody\u201c 70\u00d7200 Gr1"},"content":{"rendered":"<h5><span style=\"color: #54859b\">Apsilankykite m\u016bs\u0173 virtualioje WERSAL prek\u0117s \u017eenklo parduotuv\u0117je<\/span><\/h5>\n<p> <a href=\"https:\/\/my.matterport.com\/show\/?m=SjRhosZFbQJ\" target=\"_blank\" rel=\"noopener\"><span style=\"color: #e47025\">https:\/\/my.matterport.com\/<\/span><\/a><\/p>\n<p>\u010ciu\u017einys \u201eComfort Melody\u201c skirtas tiems, kurie ie\u0161ko sveiko, labai elastingo ir higieni\u0161ko miego pagrindo. Jo konstrukcija pagr\u012fsta dvigubu ki\u0161enini\u0173 spyruokli\u0173 sluoksniu, kuris u\u017etikrina i\u0161skirtin\u012f elastingum\u0105 ir ilgaam\u017ei\u0161kum\u0105, ir 7 zon\u0173 lateksu, kuris garantuoja puik\u0173 prigludim\u0105 prie k\u016bno ir nat\u016brali\u0105 oro cirkuliacij\u0105. D\u0117l antialergini\u0173 savybi\u0173, didelio svorio u\u017evalkalo ir vienpus\u0117s konstrukcijos \u201eComfort Melody\u201c si\u016blo auk\u0161\u010diausio lygio komfort\u0105 ir stabil\u0173 palaikym\u0105. Modelis turi H3 kietumo \u012fvertinim\u0105 ir 26 cm auk\u0161t\u012f, tod\u0117l miego pavir\u0161ius yra tvirtas ir patogus.<\/p>","protected":false},"excerpt":{"rendered":"<p>Plotis: 70 cm<br \/>\nAuk\u0161tis: 26 cm<br \/>\nEkologi\u0161kas: Ne<br \/>\nMasa\u017eo funkcija: Ne<br \/>\nLateksas: Taip<br \/>\nVasara \/ \u017diema: Ne<br \/>\nKokoso kilim\u0117lis: Ne<br \/>\nOrganin\u0117s putos: Ne<br \/>\nHibridin\u0117s putos: Ne<br \/>\nPoliuretano putos: Taip<br \/>\nViskoelastin\u0117s putos: Ne<br \/>\nLabai elastingas HR putplastis: Ne<br \/>\nPlaunamas u\u017evalkalas: Taip<\/p>","protected":false},"featured_media":150112,"comment_status":"open","ping_status":"closed","template":"","meta":[],"product_brand":[],"product_cat":[9396,1099,4104],"product_tag":[],"class_list":{"0":"post-150058","1":"product","2":"type-product","3":"status-publish","4":"has-post-thumbnail","6":"product_cat-mattresses-wersal","7":"product_cat-mattresses","8":"product_cat-wersal","10":"first","11":"instock","12":"shipping-taxable","13":"purchasable","14":"product-type-simple"},"_links":{"self":[{"href":"https:\/\/baldumarket.lt\/lt\/wp-json\/wp\/v2\/product\/150058","targetHints":{"allow":["GET"]}}],"collection":[{"href":"https:\/\/baldumarket.lt\/lt\/wp-json\/wp\/v2\/product"}],"about":[{"href":"https:\/\/baldumarket.lt\/lt\/wp-json\/wp\/v2\/types\/product"}],"replies":[{"embeddable":true,"href":"https:\/\/baldumarket.lt\/lt\/wp-json\/wp\/v2\/comments?post=150058"}],"wp:featuredmedia":[{"embeddable":true,"href":"https:\/\/baldumarket.lt\/lt\/wp-json\/wp\/v2\/media\/150112"}],"wp:attachment":[{"href":"https:\/\/baldumarket.lt\/lt\/wp-json\/wp\/v2\/media?parent=150058"}],"wp:term":[{"taxonomy":"product_brand","embeddable":true,"href":"https:\/\/baldumarket.lt\/lt\/wp-json\/wp\/v2\/product_brand?post=150058"},{"taxonomy":"product_cat","embeddable":true,"href":"https:\/\/baldumarket.lt\/lt\/wp-json\/wp\/v2\/product_cat?post=150058"},{"taxonomy":"product_tag","embeddable":true,"href":"https:\/\/baldumarket.lt\/lt\/wp-json\/wp\/v2\/product_tag?post=150058"}],"curies":[{"name":"wp","href":"https:\/\/api.w.org\/{rel}","templated":true}]}}