{"id":149593,"date":"2025-12-18T03:12:55","date_gmt":"2025-12-18T00:12:55","guid":{"rendered":"https:\/\/baldumarket.lt\/?post_type=product&#038;p=149593"},"modified":"2026-02-04T10:06:22","modified_gmt":"2026-02-04T07:06:22","slug":"pufa-plaza-mini-gr1","status":"publish","type":"product","link":"https:\/\/baldumarket.lt\/lt\/product\/pufa-plaza-mini-gr1\/","title":{"rendered":"Plaza mini pufas Gr1"},"content":{"rendered":"<h5><span style=\"color: #54859b\">Apsilankykite m\u016bs\u0173 virtualioje WERSAL prek\u0117s \u017eenklo parduotuv\u0117je<\/span><\/h5>\n<p> <a href=\"https:\/\/my.matterport.com\/show\/?m=SjRhosZFbQJ\" target=\"_blank\" rel=\"noopener\"><span style=\"color: #e47025\">https:\/\/my.matterport.com\/<\/span><\/a><\/p>\n<p>\u201ePlaza Mini Pouf\u201c \u2013 kompakti\u0161kas ir modernus \u201ePlaza\u201c kolekcijos papildymas, idealiai tinkantis kaip pakojis, papildoma s\u0117dyn\u0117 arba modulis, skirtas i\u0161pl\u0117sti svetain\u0117s zon\u0105. Minimalistinis dizainas, mink\u0161tas u\u017epildas ir tvirta putplas\u010dio konstrukcija u\u017etikrina auk\u0161\u010diausi\u0105 komforto lyg\u012f. Auk\u0161tos metalin\u0117s kojel\u0117s suteikia jam lengvumo poj\u016bt\u012f, o apmu\u0161tas atlo\u0161as leid\u017eia j\u012f pastatyti bet kurioje svetain\u0117s vietoje. \u0160is funkcionalus ir stilingas baldas puikiai papildys \u201ePlaza\u201c sof\u0105 arba kampin\u0119 sof\u0105.<\/p>","protected":false},"excerpt":{"rendered":"<p>Plotis: 100 cm<br \/>\nGylis: 70 cm<br \/>\nAuk\u0161tis: 44 cm<br \/>\nKojos auk\u0161tis: 15 cm<br \/>\nKoj\u0173 spalva: juoda<br \/>\nKojeli\u0173 med\u017eiaga: metalas<br \/>\nSvoris: 10 kg<\/p>","protected":false},"featured_media":149636,"comment_status":"open","ping_status":"closed","template":"","meta":[],"product_brand":[],"product_cat":[9395,826,4104],"product_tag":[],"class_list":{"0":"post-149593","1":"product","2":"type-product","3":"status-publish","4":"has-post-thumbnail","6":"product_cat-upholstered-furniture-accessories-wersal","7":"product_cat-poufs","8":"product_cat-wersal","10":"first","11":"instock","12":"shipping-taxable","13":"purchasable","14":"product-type-variable","15":"wvs-archive-product-wrapper"},"_links":{"self":[{"href":"https:\/\/baldumarket.lt\/lt\/wp-json\/wp\/v2\/product\/149593","targetHints":{"allow":["GET"]}}],"collection":[{"href":"https:\/\/baldumarket.lt\/lt\/wp-json\/wp\/v2\/product"}],"about":[{"href":"https:\/\/baldumarket.lt\/lt\/wp-json\/wp\/v2\/types\/product"}],"replies":[{"embeddable":true,"href":"https:\/\/baldumarket.lt\/lt\/wp-json\/wp\/v2\/comments?post=149593"}],"wp:featuredmedia":[{"embeddable":true,"href":"https:\/\/baldumarket.lt\/lt\/wp-json\/wp\/v2\/media\/149636"}],"wp:attachment":[{"href":"https:\/\/baldumarket.lt\/lt\/wp-json\/wp\/v2\/media?parent=149593"}],"wp:term":[{"taxonomy":"product_brand","embeddable":true,"href":"https:\/\/baldumarket.lt\/lt\/wp-json\/wp\/v2\/product_brand?post=149593"},{"taxonomy":"product_cat","embeddable":true,"href":"https:\/\/baldumarket.lt\/lt\/wp-json\/wp\/v2\/product_cat?post=149593"},{"taxonomy":"product_tag","embeddable":true,"href":"https:\/\/baldumarket.lt\/lt\/wp-json\/wp\/v2\/product_tag?post=149593"}],"curies":[{"name":"wp","href":"https:\/\/api.w.org\/{rel}","templated":true}]}}