{"id":149577,"date":"2025-12-18T03:11:49","date_gmt":"2025-12-18T00:11:49","guid":{"rendered":"https:\/\/baldumarket.lt\/?post_type=product&#038;p=149577"},"modified":"2026-02-04T10:06:22","modified_gmt":"2026-02-04T07:06:22","slug":"pufa-gappa-gr1","status":"publish","type":"product","link":"https:\/\/baldumarket.lt\/lt\/product\/pufa-gappa-gr1\/","title":{"rendered":"Gappa Gr1 pufas"},"content":{"rendered":"<h5><span style=\"color: #54859b\">Apsilankykite m\u016bs\u0173 virtualioje WERSAL prek\u0117s \u017eenklo parduotuv\u0117je<\/span><\/h5>\n<p> <a href=\"https:\/\/my.matterport.com\/show\/?m=SjRhosZFbQJ\" target=\"_blank\" rel=\"noopener\"><span style=\"color: #e47025\">https:\/\/my.matterport.com\/<\/span><\/a><\/p>\n<p>\u201eGappa\u201c pufas \u2013 eleganti\u0161kas ir funkcionalus \u201eGappa\u201c kolekcijos papildymas, derinantis modern\u0173 dizain\u0105 su i\u0161skirtiniu komfortu. Mink\u0161ta, gra\u017eiai i\u0161lenkta s\u0117dyn\u0117 ir dekoratyvin\u0117s si\u016bl\u0117s puikiai papildo \u201eGappa\u201c sof\u0173 stili\u0173, sukurdamos darn\u0173 ir prabang\u0173 poilsio komplekt\u0105. Puikiai tinka kaip pakojis, papildoma s\u0117dima vieta arba stilingas akcentas svetain\u0117je.<\/p>","protected":false},"excerpt":{"rendered":"<p>Plotis: 125 cm<br \/>\nGylis: 75 cm<br \/>\nAuk\u0161tis: 43 cm<br \/>\nKojos auk\u0161tis: 15 cm<br \/>\nKoj\u0173 spalva: juoda<br \/>\nKojeli\u0173 med\u017eiaga: metalas<br \/>\nSvoris: 10 kg<\/p>","protected":false},"featured_media":149618,"comment_status":"open","ping_status":"closed","template":"","meta":[],"product_brand":[],"product_cat":[9395,826,4104],"product_tag":[],"class_list":{"0":"post-149577","1":"product","2":"type-product","3":"status-publish","4":"has-post-thumbnail","6":"product_cat-upholstered-furniture-accessories-wersal","7":"product_cat-poufs","8":"product_cat-wersal","10":"first","11":"instock","12":"shipping-taxable","13":"purchasable","14":"product-type-variable","15":"wvs-archive-product-wrapper"},"_links":{"self":[{"href":"https:\/\/baldumarket.lt\/lt\/wp-json\/wp\/v2\/product\/149577","targetHints":{"allow":["GET"]}}],"collection":[{"href":"https:\/\/baldumarket.lt\/lt\/wp-json\/wp\/v2\/product"}],"about":[{"href":"https:\/\/baldumarket.lt\/lt\/wp-json\/wp\/v2\/types\/product"}],"replies":[{"embeddable":true,"href":"https:\/\/baldumarket.lt\/lt\/wp-json\/wp\/v2\/comments?post=149577"}],"wp:featuredmedia":[{"embeddable":true,"href":"https:\/\/baldumarket.lt\/lt\/wp-json\/wp\/v2\/media\/149618"}],"wp:attachment":[{"href":"https:\/\/baldumarket.lt\/lt\/wp-json\/wp\/v2\/media?parent=149577"}],"wp:term":[{"taxonomy":"product_brand","embeddable":true,"href":"https:\/\/baldumarket.lt\/lt\/wp-json\/wp\/v2\/product_brand?post=149577"},{"taxonomy":"product_cat","embeddable":true,"href":"https:\/\/baldumarket.lt\/lt\/wp-json\/wp\/v2\/product_cat?post=149577"},{"taxonomy":"product_tag","embeddable":true,"href":"https:\/\/baldumarket.lt\/lt\/wp-json\/wp\/v2\/product_tag?post=149577"}],"curies":[{"name":"wp","href":"https:\/\/api.w.org\/{rel}","templated":true}]}}