{"id":149549,"date":"2025-12-18T03:09:39","date_gmt":"2025-12-18T00:09:39","guid":{"rendered":"https:\/\/baldumarket.lt\/?post_type=product&#038;p=149549"},"modified":"2026-02-04T10:06:14","modified_gmt":"2026-02-04T07:06:14","slug":"pufa-palladio-gr1","status":"publish","type":"product","link":"https:\/\/baldumarket.lt\/lt\/product\/pufa-palladio-gr1\/","title":{"rendered":"Palladio Gr1 pufas"},"content":{"rendered":"<h5><span style=\"color: #54859b\">Apsilankykite m\u016bs\u0173 virtualioje WERSAL prek\u0117s \u017eenklo parduotuv\u0117je<\/span><\/h5>\n<p> <a href=\"https:\/\/my.matterport.com\/show\/?m=SjRhosZFbQJ\" target=\"_blank\" rel=\"noopener\"><span style=\"color: #e47025\">https:\/\/my.matterport.com\/<\/span><\/a><\/p>\n<p>\u201ePalladio\u201c pufas \u2013 stilingas ir funkcionalus moderni\u0173 svetaini\u0173 papildymas. Eleganti\u0161ka, \u0161velni forma ir kruop\u0161\u010diai atrinktos med\u017eiagos u\u017etikrina komfort\u0105, o kompakti\u0161ka forma puikiai papildo \u201ePalladio\u201c kolekcijos kampines sofas ir mink\u0161tasuolius. Tai puikus sprendimas tiems, kurie vertina komfort\u0105, estetik\u0105 ir prakti\u0161k\u0105 savo poilsio zonos papildym\u0105.<\/p>","protected":false},"excerpt":{"rendered":"<p>Plotis: 125 cm<br \/>\nGylis: 73 cm<br \/>\nAuk\u0161tis: 44 cm<br \/>\nKojos auk\u0161tis: 12 cm<br \/>\nKoj\u0173 spalva: juoda<br \/>\nKojeli\u0173 med\u017eiaga: metalas<br \/>\nSvoris: 20 kg<\/p>","protected":false},"featured_media":149600,"comment_status":"open","ping_status":"closed","template":"","meta":[],"product_brand":[],"product_cat":[9395,826,4104],"product_tag":[],"class_list":{"0":"post-149549","1":"product","2":"type-product","3":"status-publish","4":"has-post-thumbnail","6":"product_cat-upholstered-furniture-accessories-wersal","7":"product_cat-poufs","8":"product_cat-wersal","10":"first","11":"instock","12":"shipping-taxable","13":"purchasable","14":"product-type-variable","15":"wvs-archive-product-wrapper"},"_links":{"self":[{"href":"https:\/\/baldumarket.lt\/lt\/wp-json\/wp\/v2\/product\/149549","targetHints":{"allow":["GET"]}}],"collection":[{"href":"https:\/\/baldumarket.lt\/lt\/wp-json\/wp\/v2\/product"}],"about":[{"href":"https:\/\/baldumarket.lt\/lt\/wp-json\/wp\/v2\/types\/product"}],"replies":[{"embeddable":true,"href":"https:\/\/baldumarket.lt\/lt\/wp-json\/wp\/v2\/comments?post=149549"}],"wp:featuredmedia":[{"embeddable":true,"href":"https:\/\/baldumarket.lt\/lt\/wp-json\/wp\/v2\/media\/149600"}],"wp:attachment":[{"href":"https:\/\/baldumarket.lt\/lt\/wp-json\/wp\/v2\/media?parent=149549"}],"wp:term":[{"taxonomy":"product_brand","embeddable":true,"href":"https:\/\/baldumarket.lt\/lt\/wp-json\/wp\/v2\/product_brand?post=149549"},{"taxonomy":"product_cat","embeddable":true,"href":"https:\/\/baldumarket.lt\/lt\/wp-json\/wp\/v2\/product_cat?post=149549"},{"taxonomy":"product_tag","embeddable":true,"href":"https:\/\/baldumarket.lt\/lt\/wp-json\/wp\/v2\/product_tag?post=149549"}],"curies":[{"name":"wp","href":"https:\/\/api.w.org\/{rel}","templated":true}]}}