{"id":149532,"date":"2025-12-18T03:08:16","date_gmt":"2025-12-18T00:08:16","guid":{"rendered":"https:\/\/baldumarket.lt\/?post_type=product&#038;p=149532"},"modified":"2026-02-04T10:06:14","modified_gmt":"2026-02-04T07:06:14","slug":"pufa-solano-gr1","status":"publish","type":"product","link":"https:\/\/baldumarket.lt\/lt\/product\/pufa-solano-gr1\/","title":{"rendered":"Solano Gr1 pufas"},"content":{"rendered":"<h5><span style=\"color: #54859b\">Apsilankykite m\u016bs\u0173 virtualioje WERSAL prek\u0117s \u017eenklo parduotuv\u0117je<\/span><\/h5>\n<p> <a href=\"https:\/\/my.matterport.com\/show\/?m=SjRhosZFbQJ\" target=\"_blank\" rel=\"noopener\"><span style=\"color: #e47025\">https:\/\/my.matterport.com\/<\/span><\/a><\/p>\n<p>\u201eSolano\u201c pufas yra stilingas ir funkcionalus priedas, puikiai papildantis \u201eSolano\u201c bald\u0173 kolekcij\u0105. Paprastas, eleganti\u0161kas dizainas ir mink\u0161ta s\u0117dyn\u0117 u\u017etikrina auk\u0161t\u0105 komfort\u0105, o audini\u0173 pasirinkimas leid\u017eia jam puikiai papildyti j\u016bs\u0173 svetain\u0117s interjer\u0105. \u0160is universalus baldas gali b\u016bti naudojamas kaip pakojis, papildoma s\u0117dima vieta arba dekoratyvinis akcentas.<\/p>","protected":false},"excerpt":{"rendered":"<p>Plotis: 108 cm<br \/>\nGylis: 74 cm<br \/>\nAuk\u0161tis: 45 cm<br \/>\nKojos auk\u0161tis: 16 cm<br \/>\nKoj\u0173 spalva: juoda<br \/>\nKoj\u0173 med\u017eiaga: mediena<br \/>\nSvoris: 10 kg<\/p>","protected":false},"featured_media":149588,"comment_status":"open","ping_status":"closed","template":"","meta":[],"product_brand":[],"product_cat":[9395,826,4104],"product_tag":[],"class_list":{"0":"post-149532","1":"product","2":"type-product","3":"status-publish","4":"has-post-thumbnail","6":"product_cat-upholstered-furniture-accessories-wersal","7":"product_cat-poufs","8":"product_cat-wersal","10":"first","11":"instock","12":"shipping-taxable","13":"purchasable","14":"product-type-variable","15":"wvs-archive-product-wrapper"},"_links":{"self":[{"href":"https:\/\/baldumarket.lt\/lt\/wp-json\/wp\/v2\/product\/149532","targetHints":{"allow":["GET"]}}],"collection":[{"href":"https:\/\/baldumarket.lt\/lt\/wp-json\/wp\/v2\/product"}],"about":[{"href":"https:\/\/baldumarket.lt\/lt\/wp-json\/wp\/v2\/types\/product"}],"replies":[{"embeddable":true,"href":"https:\/\/baldumarket.lt\/lt\/wp-json\/wp\/v2\/comments?post=149532"}],"wp:featuredmedia":[{"embeddable":true,"href":"https:\/\/baldumarket.lt\/lt\/wp-json\/wp\/v2\/media\/149588"}],"wp:attachment":[{"href":"https:\/\/baldumarket.lt\/lt\/wp-json\/wp\/v2\/media?parent=149532"}],"wp:term":[{"taxonomy":"product_brand","embeddable":true,"href":"https:\/\/baldumarket.lt\/lt\/wp-json\/wp\/v2\/product_brand?post=149532"},{"taxonomy":"product_cat","embeddable":true,"href":"https:\/\/baldumarket.lt\/lt\/wp-json\/wp\/v2\/product_cat?post=149532"},{"taxonomy":"product_tag","embeddable":true,"href":"https:\/\/baldumarket.lt\/lt\/wp-json\/wp\/v2\/product_tag?post=149532"}],"curies":[{"name":"wp","href":"https:\/\/api.w.org\/{rel}","templated":true}]}}