{"id":149524,"date":"2025-12-18T03:07:39","date_gmt":"2025-12-18T00:07:39","guid":{"rendered":"https:\/\/baldumarket.lt\/?post_type=product&#038;p=149524"},"modified":"2026-02-04T10:06:14","modified_gmt":"2026-02-04T07:06:14","slug":"pufa-storm-gr1","status":"publish","type":"product","link":"https:\/\/baldumarket.lt\/lt\/product\/pufa-storm-gr1\/","title":{"rendered":"Audra Gr1 pufas"},"content":{"rendered":"<h5><span style=\"color: #54859b\">Apsilankykite m\u016bs\u0173 virtualioje WERSAL prek\u0117s \u017eenklo parduotuv\u0117je<\/span><\/h5>\n<p> <a href=\"https:\/\/my.matterport.com\/show\/?m=SjRhosZFbQJ\" target=\"_blank\" rel=\"noopener\"><span style=\"color: #e47025\">https:\/\/my.matterport.com\/<\/span><\/a><\/p>\n<p>\u201eStorm\u201c pufas \u2013 eleganti\u0161kas ir funkcionalus moderni\u0173 \u201eStorm\u201c kolekcijos kampini\u0173 sof\u0173 papildymas. Tvirta konstrukcija, paremta vingiuotomis spyruokl\u0117mis ir auk\u0161tos kokyb\u0117s putomis, u\u017etikrina komfort\u0105 ir ilgaam\u017ei\u0161kum\u0105 ilgus metus. Minimalistinis dizainas, auk\u0161tos metalin\u0117s kojel\u0117s ir apmu\u0161tas atlo\u0161as suteikia pufui stiling\u0105 i\u0161vaizd\u0105 i\u0161 bet kurio kampo. Jis puikiai papildo poilsio zon\u0105 \u2013 gali b\u016bti naudojamas kaip pakojis, papildoma s\u0117dima vieta arba prakti\u0161kas modulis, i\u0161ple\u010diantis poilsio zon\u0105.<\/p>","protected":false},"excerpt":{"rendered":"<p>Plotis: 110 cm<br \/>\nGylis: 74 cm<br \/>\nAuk\u0161tis: 47 cm<br \/>\nKojos auk\u0161tis: 20 cm<br \/>\nKoj\u0173 spalva: juoda<br \/>\nKojeli\u0173 med\u017eiaga: metalas<br \/>\nSvoris: 10 kg<\/p>","protected":false},"featured_media":149585,"comment_status":"open","ping_status":"closed","template":"","meta":[],"product_brand":[],"product_cat":[9395,826,4104],"product_tag":[],"class_list":{"0":"post-149524","1":"product","2":"type-product","3":"status-publish","4":"has-post-thumbnail","6":"product_cat-upholstered-furniture-accessories-wersal","7":"product_cat-poufs","8":"product_cat-wersal","10":"first","11":"instock","12":"shipping-taxable","13":"purchasable","14":"product-type-variable","15":"wvs-archive-product-wrapper"},"_links":{"self":[{"href":"https:\/\/baldumarket.lt\/lt\/wp-json\/wp\/v2\/product\/149524","targetHints":{"allow":["GET"]}}],"collection":[{"href":"https:\/\/baldumarket.lt\/lt\/wp-json\/wp\/v2\/product"}],"about":[{"href":"https:\/\/baldumarket.lt\/lt\/wp-json\/wp\/v2\/types\/product"}],"replies":[{"embeddable":true,"href":"https:\/\/baldumarket.lt\/lt\/wp-json\/wp\/v2\/comments?post=149524"}],"wp:featuredmedia":[{"embeddable":true,"href":"https:\/\/baldumarket.lt\/lt\/wp-json\/wp\/v2\/media\/149585"}],"wp:attachment":[{"href":"https:\/\/baldumarket.lt\/lt\/wp-json\/wp\/v2\/media?parent=149524"}],"wp:term":[{"taxonomy":"product_brand","embeddable":true,"href":"https:\/\/baldumarket.lt\/lt\/wp-json\/wp\/v2\/product_brand?post=149524"},{"taxonomy":"product_cat","embeddable":true,"href":"https:\/\/baldumarket.lt\/lt\/wp-json\/wp\/v2\/product_cat?post=149524"},{"taxonomy":"product_tag","embeddable":true,"href":"https:\/\/baldumarket.lt\/lt\/wp-json\/wp\/v2\/product_tag?post=149524"}],"curies":[{"name":"wp","href":"https:\/\/api.w.org\/{rel}","templated":true}]}}