{"id":149479,"date":"2025-12-18T03:03:27","date_gmt":"2025-12-18T00:03:27","guid":{"rendered":"https:\/\/baldumarket.lt\/?post_type=product&#038;p=149479"},"modified":"2026-02-04T10:46:06","modified_gmt":"2026-02-04T07:46:06","slug":"szezlong-elektryczny-gatio-80-gr1","status":"publish","type":"product","link":"https:\/\/baldumarket.lt\/lt\/product\/szezlong-elektryczny-gatio-80-gr1\/","title":{"rendered":"Gatio 80 Gr1 elektrinis \u0161ezlongas"},"content":{"rendered":"<h5><span style=\"color: #54859b\">Apsilankykite m\u016bs\u0173 virtualioje WERSAL prek\u0117s \u017eenklo parduotuv\u0117je<\/span><\/h5>\n<p> <a href=\"https:\/\/my.matterport.com\/show\/?m=SjRhosZFbQJ\" target=\"_blank\" rel=\"noopener\"><span style=\"color: #e47025\">https:\/\/my.matterport.com\/<\/span><\/a><\/p>\n<p>\u201eGatio 80\u201c \u0161ezlongas \u2013 tai unikalus modernaus dizaino, elegancijos ir funkcionalumo derinys. D\u0117l elektrinio pasvirimo kampo reguliavimo galite pritaikyti pad\u0117t\u012f pagal individualius poreikius, u\u017etikrindami visi\u0161k\u0105 komfort\u0105. Minimalistin\u0117 forma ir rafinuotos detal\u0117s puikiai tinka tiek moderniam, tiek klasikiniam interjerui.<\/p>","protected":false},"excerpt":{"rendered":"<p>Plotis: 80 cm<br \/>\nGylis: 190 cm<br \/>\nAuk\u0161tis: 87 cm<br \/>\nS\u0117dyn\u0117s auk\u0161tis: 38 cm<br \/>\nKoj\u0173 spalva: juoda<br \/>\nKojeli\u0173 med\u017eiaga: metalas<br \/>\nSvoris: 33 kg<\/p>","protected":false},"featured_media":149545,"comment_status":"open","ping_status":"closed","template":"","meta":[],"product_brand":[],"product_cat":[9395,863,4104],"product_tag":[],"class_list":{"0":"post-149479","1":"product","2":"type-product","3":"status-publish","4":"has-post-thumbnail","6":"product_cat-upholstered-furniture-accessories-wersal","7":"product_cat-chaise-longues-and-loungers","8":"product_cat-wersal","10":"first","11":"instock","12":"shipping-taxable","13":"purchasable","14":"product-type-variable","15":"wvs-archive-product-wrapper"},"_links":{"self":[{"href":"https:\/\/baldumarket.lt\/lt\/wp-json\/wp\/v2\/product\/149479","targetHints":{"allow":["GET"]}}],"collection":[{"href":"https:\/\/baldumarket.lt\/lt\/wp-json\/wp\/v2\/product"}],"about":[{"href":"https:\/\/baldumarket.lt\/lt\/wp-json\/wp\/v2\/types\/product"}],"replies":[{"embeddable":true,"href":"https:\/\/baldumarket.lt\/lt\/wp-json\/wp\/v2\/comments?post=149479"}],"wp:featuredmedia":[{"embeddable":true,"href":"https:\/\/baldumarket.lt\/lt\/wp-json\/wp\/v2\/media\/149545"}],"wp:attachment":[{"href":"https:\/\/baldumarket.lt\/lt\/wp-json\/wp\/v2\/media?parent=149479"}],"wp:term":[{"taxonomy":"product_brand","embeddable":true,"href":"https:\/\/baldumarket.lt\/lt\/wp-json\/wp\/v2\/product_brand?post=149479"},{"taxonomy":"product_cat","embeddable":true,"href":"https:\/\/baldumarket.lt\/lt\/wp-json\/wp\/v2\/product_cat?post=149479"},{"taxonomy":"product_tag","embeddable":true,"href":"https:\/\/baldumarket.lt\/lt\/wp-json\/wp\/v2\/product_tag?post=149479"}],"curies":[{"name":"wp","href":"https:\/\/api.w.org\/{rel}","templated":true}]}}