{"id":149451,"date":"2025-12-18T03:01:24","date_gmt":"2025-12-18T00:01:24","guid":{"rendered":"https:\/\/baldumarket.lt\/?post_type=product&#038;p=149451"},"modified":"2026-02-04T10:46:06","modified_gmt":"2026-02-04T07:46:06","slug":"szezlong-london-gr1","status":"publish","type":"product","link":"https:\/\/baldumarket.lt\/lt\/product\/szezlong-london-gr1\/","title":{"rendered":"Londono Gr1 \u0161ezlongas"},"content":{"rendered":"<h5><span style=\"color: #54859b\">Apsilankykite m\u016bs\u0173 virtualioje WERSAL prek\u0117s \u017eenklo parduotuv\u0117je<\/span><\/h5>\n<p> <a href=\"https:\/\/my.matterport.com\/show\/?m=SjRhosZFbQJ\" target=\"_blank\" rel=\"noopener\"><span style=\"color: #e47025\">https:\/\/my.matterport.com\/<\/span><\/a><\/p>\n<p>\u201eLondon New\u201c \u0161ezlongas sujungia elegancij\u0105, modern\u0173 stili\u0173 ir auk\u0161\u010diausi\u0105 komfort\u0105. Ergonomi\u0161ka forma ir subtilus dygsniavimas suteikia jam unikal\u0173 charakter\u012f, o kruop\u0161\u010diai atrinktos med\u017eiagos garantuoja patvarum\u0105 ir komfort\u0105. D\u0117l papildomos galvos atramos, u\u017epildytos putplas\u010dio dro\u017el\u0117mis, baldas suteikia visapusi\u0161k\u0105 k\u016bno atram\u0105 ir puiki\u0105 aplink\u0105 poilsiui.<\/p>","protected":false},"excerpt":{"rendered":"<p>Plotis: 68 cm<br \/>\nGylis: 170 cm<br \/>\nAuk\u0161tis: 85 cm<br \/>\nS\u0117dyn\u0117s auk\u0161tis: 43 cm<br \/>\nKojos auk\u0161tis: 1,5 cm<br \/>\nKoj\u0173 spalva: juoda<br \/>\nKojos apdaila: Slysta<br \/>\nSvoris: 26 kg<\/p>","protected":false},"featured_media":149518,"comment_status":"open","ping_status":"closed","template":"","meta":[],"product_brand":[],"product_cat":[9395,863,4104],"product_tag":[],"class_list":{"0":"post-149451","1":"product","2":"type-product","3":"status-publish","4":"has-post-thumbnail","6":"product_cat-upholstered-furniture-accessories-wersal","7":"product_cat-chaise-longues-and-loungers","8":"product_cat-wersal","10":"first","11":"instock","12":"shipping-taxable","13":"purchasable","14":"product-type-variable","15":"wvs-archive-product-wrapper"},"_links":{"self":[{"href":"https:\/\/baldumarket.lt\/lt\/wp-json\/wp\/v2\/product\/149451","targetHints":{"allow":["GET"]}}],"collection":[{"href":"https:\/\/baldumarket.lt\/lt\/wp-json\/wp\/v2\/product"}],"about":[{"href":"https:\/\/baldumarket.lt\/lt\/wp-json\/wp\/v2\/types\/product"}],"replies":[{"embeddable":true,"href":"https:\/\/baldumarket.lt\/lt\/wp-json\/wp\/v2\/comments?post=149451"}],"wp:featuredmedia":[{"embeddable":true,"href":"https:\/\/baldumarket.lt\/lt\/wp-json\/wp\/v2\/media\/149518"}],"wp:attachment":[{"href":"https:\/\/baldumarket.lt\/lt\/wp-json\/wp\/v2\/media?parent=149451"}],"wp:term":[{"taxonomy":"product_brand","embeddable":true,"href":"https:\/\/baldumarket.lt\/lt\/wp-json\/wp\/v2\/product_brand?post=149451"},{"taxonomy":"product_cat","embeddable":true,"href":"https:\/\/baldumarket.lt\/lt\/wp-json\/wp\/v2\/product_cat?post=149451"},{"taxonomy":"product_tag","embeddable":true,"href":"https:\/\/baldumarket.lt\/lt\/wp-json\/wp\/v2\/product_tag?post=149451"}],"curies":[{"name":"wp","href":"https:\/\/api.w.org\/{rel}","templated":true}]}}