{"id":149441,"date":"2025-12-18T03:00:19","date_gmt":"2025-12-18T00:00:19","guid":{"rendered":"https:\/\/baldumarket.lt\/?post_type=product&#038;p=149441"},"modified":"2026-02-04T10:46:06","modified_gmt":"2026-02-04T07:46:06","slug":"szezlong-los-angeles-gr1","status":"publish","type":"product","link":"https:\/\/baldumarket.lt\/lt\/product\/szezlong-los-angeles-gr1\/","title":{"rendered":"\u0160ezlongas Los And\u017eelas Gr1"},"content":{"rendered":"<h5><span style=\"color: #54859b\">Apsilankykite m\u016bs\u0173 virtualioje WERSAL prek\u0117s \u017eenklo parduotuv\u0117je<\/span><\/h5>\n<p> <a href=\"https:\/\/my.matterport.com\/show\/?m=SjRhosZFbQJ\" target=\"_blank\" rel=\"noopener\"><span style=\"color: #e47025\">https:\/\/my.matterport.com\/<\/span><\/a><\/p>\n<p>\u201eLos Angeles\u201c \u0161ezlongas yra modernus ir patogus poilsio baldas, kuris d\u0117l ergonomi\u0161ko dizaino, itin elastingo putplas\u010dio ir vingiuot\u0173 spyruokli\u0173 suteikia ideali\u0105 stuburo atram\u0105. Papildoma pagalv\u0117l\u0117 leid\u017eia reguliuoti atlo\u0161o kamp\u0105, o laisvai stovinti konstrukcija su apmu\u0161tu atlo\u0161u leid\u017eia \u0161ezlong\u0105 pastatyti bet kurioje kambario vietoje.<\/p>","protected":false},"excerpt":{"rendered":"<p>Plotis: 68 cm<br \/>\nGylis: 170 cm<br \/>\nAuk\u0161tis: 85 cm<br \/>\nS\u0117dyn\u0117s auk\u0161tis: 43 cm<br \/>\nKojos auk\u0161tis: 1,5 cm<br \/>\nKoj\u0173 spalva: juoda<br \/>\nKojos apdaila: Slysta<br \/>\nSvoris: 22 kg<\/p>","protected":false},"featured_media":149510,"comment_status":"open","ping_status":"closed","template":"","meta":[],"product_brand":[],"product_cat":[9395,863,4104],"product_tag":[],"class_list":{"0":"post-149441","1":"product","2":"type-product","3":"status-publish","4":"has-post-thumbnail","6":"product_cat-upholstered-furniture-accessories-wersal","7":"product_cat-chaise-longues-and-loungers","8":"product_cat-wersal","10":"first","11":"instock","12":"shipping-taxable","13":"purchasable","14":"product-type-variable","15":"wvs-archive-product-wrapper"},"_links":{"self":[{"href":"https:\/\/baldumarket.lt\/lt\/wp-json\/wp\/v2\/product\/149441","targetHints":{"allow":["GET"]}}],"collection":[{"href":"https:\/\/baldumarket.lt\/lt\/wp-json\/wp\/v2\/product"}],"about":[{"href":"https:\/\/baldumarket.lt\/lt\/wp-json\/wp\/v2\/types\/product"}],"replies":[{"embeddable":true,"href":"https:\/\/baldumarket.lt\/lt\/wp-json\/wp\/v2\/comments?post=149441"}],"wp:featuredmedia":[{"embeddable":true,"href":"https:\/\/baldumarket.lt\/lt\/wp-json\/wp\/v2\/media\/149510"}],"wp:attachment":[{"href":"https:\/\/baldumarket.lt\/lt\/wp-json\/wp\/v2\/media?parent=149441"}],"wp:term":[{"taxonomy":"product_brand","embeddable":true,"href":"https:\/\/baldumarket.lt\/lt\/wp-json\/wp\/v2\/product_brand?post=149441"},{"taxonomy":"product_cat","embeddable":true,"href":"https:\/\/baldumarket.lt\/lt\/wp-json\/wp\/v2\/product_cat?post=149441"},{"taxonomy":"product_tag","embeddable":true,"href":"https:\/\/baldumarket.lt\/lt\/wp-json\/wp\/v2\/product_tag?post=149441"}],"curies":[{"name":"wp","href":"https:\/\/api.w.org\/{rel}","templated":true}]}}