{"id":149431,"date":"2025-12-18T02:59:12","date_gmt":"2025-12-17T23:59:12","guid":{"rendered":"https:\/\/baldumarket.lt\/?post_type=product&#038;p=149431"},"modified":"2026-02-04T10:46:06","modified_gmt":"2026-02-04T07:46:06","slug":"szezlong-miami-gr1","status":"publish","type":"product","link":"https:\/\/baldumarket.lt\/lt\/product\/szezlong-miami-gr1\/","title":{"rendered":"\u0160ezlongas Majamyje Gr1"},"content":{"rendered":"<h5><span style=\"color: #54859b\">Apsilankykite m\u016bs\u0173 virtualioje WERSAL prek\u0117s \u017eenklo parduotuv\u0117je<\/span><\/h5>\n<p> <a href=\"https:\/\/my.matterport.com\/show\/?m=SjRhosZFbQJ\" target=\"_blank\" rel=\"noopener\"><span style=\"color: #e47025\">https:\/\/my.matterport.com\/<\/span><\/a><\/p>\n<p>\u201eMiami\u201c \u0161ezlongas \u2013 tai eleganti\u0161kas, modernus modelis, i\u0161siskiriantis grak\u0161\u010dia forma, subtiliu dygsniavimu ir ergonomi\u0161ku i\u0161linkimu. D\u0117l vingiuot\u0173 spyruokli\u0173, N30 putplas\u010dio ir apmu\u0161to atlo\u0161o jis u\u017etikrina auk\u0161t\u0105 komfort\u0105 ir gali b\u016bti pastatytas bet kur. Puikiai tinka svetainei, miegamajam ar biurui, garantuoja visi\u0161k\u0105 atsipalaidavim\u0105 ir stiling\u0105 i\u0161vaizd\u0105.<\/p>","protected":false},"excerpt":{"rendered":"<p>Plotis: 68 cm<br \/>\nGylis: 167 cm<br \/>\nAuk\u0161tis: 79 cm<br \/>\nS\u0117dyn\u0117s auk\u0161tis: 42 cm<br \/>\nKojos auk\u0161tis: 1,5 cm<br \/>\nKoj\u0173 spalva: juoda<br \/>\nKojos apdaila: Slysta<br \/>\nSvoris: 26 kg<\/p>","protected":false},"featured_media":149503,"comment_status":"open","ping_status":"closed","template":"","meta":[],"product_brand":[],"product_cat":[9395,863,4104],"product_tag":[],"class_list":{"0":"post-149431","1":"product","2":"type-product","3":"status-publish","4":"has-post-thumbnail","6":"product_cat-upholstered-furniture-accessories-wersal","7":"product_cat-chaise-longues-and-loungers","8":"product_cat-wersal","10":"first","11":"instock","12":"shipping-taxable","13":"purchasable","14":"product-type-variable","15":"wvs-archive-product-wrapper"},"_links":{"self":[{"href":"https:\/\/baldumarket.lt\/lt\/wp-json\/wp\/v2\/product\/149431","targetHints":{"allow":["GET"]}}],"collection":[{"href":"https:\/\/baldumarket.lt\/lt\/wp-json\/wp\/v2\/product"}],"about":[{"href":"https:\/\/baldumarket.lt\/lt\/wp-json\/wp\/v2\/types\/product"}],"replies":[{"embeddable":true,"href":"https:\/\/baldumarket.lt\/lt\/wp-json\/wp\/v2\/comments?post=149431"}],"wp:featuredmedia":[{"embeddable":true,"href":"https:\/\/baldumarket.lt\/lt\/wp-json\/wp\/v2\/media\/149503"}],"wp:attachment":[{"href":"https:\/\/baldumarket.lt\/lt\/wp-json\/wp\/v2\/media?parent=149431"}],"wp:term":[{"taxonomy":"product_brand","embeddable":true,"href":"https:\/\/baldumarket.lt\/lt\/wp-json\/wp\/v2\/product_brand?post=149431"},{"taxonomy":"product_cat","embeddable":true,"href":"https:\/\/baldumarket.lt\/lt\/wp-json\/wp\/v2\/product_cat?post=149431"},{"taxonomy":"product_tag","embeddable":true,"href":"https:\/\/baldumarket.lt\/lt\/wp-json\/wp\/v2\/product_tag?post=149431"}],"curies":[{"name":"wp","href":"https:\/\/api.w.org\/{rel}","templated":true}]}}