{"id":149401,"date":"2025-12-18T02:56:20","date_gmt":"2025-12-17T23:56:20","guid":{"rendered":"https:\/\/baldumarket.lt\/?post_type=product&#038;p=149401"},"modified":"2026-02-04T10:46:06","modified_gmt":"2026-02-04T07:46:06","slug":"szezlong-sato-120-gr1","status":"publish","type":"product","link":"https:\/\/baldumarket.lt\/lt\/product\/szezlong-sato-120-gr1\/","title":{"rendered":"Sato 120 Gr1 \u0161ezlongas"},"content":{"rendered":"<h5><span style=\"color: #54859b\">Apsilankykite m\u016bs\u0173 virtualioje WERSAL prek\u0117s \u017eenklo parduotuv\u0117je<\/span><\/h5>\n<p> <a href=\"https:\/\/my.matterport.com\/show\/?m=SjRhosZFbQJ\" target=\"_blank\" rel=\"noopener\"><span style=\"color: #e47025\">https:\/\/my.matterport.com\/<\/span><\/a><\/p>\n<p>\u201eSato 120\u201c \u0161ezlongas \u2013 eleganti\u0161kas dviej\u0173 viet\u0173 modelis i\u0161 \u201eRelax\u201c kolekcijos, sukurtas atsi\u017evelgiant \u012f maksimal\u0173 komfort\u0105 ir modern\u0173 dizain\u0105. Platus pavir\u0161ius, mink\u0161tas apmu\u0161alas ir ergonomi\u0161kas prigludimas u\u017etikrina i\u0161skirtin\u012f atsipalaidavim\u0105 vienam ar dviem \u017emon\u0117ms. N30 put\u0173 u\u017epildas ir juosmens pagalv\u0117l\u0117 garantuoja ideali\u0105 atram\u0105 ir patvarum\u0105 ilgus metus.<\/p>","protected":false},"excerpt":{"rendered":"<p>Plotis: 118 cm<br \/>\nGylis: 168 cm<br \/>\nAuk\u0161tis: 80 cm<br \/>\nS\u0117dyn\u0117s auk\u0161tis: 35 cm<br \/>\nKojos auk\u0161tis: 1,5 cm<br \/>\nKoj\u0173 spalva: juoda<br \/>\nKojos apdaila: Slysta<br \/>\nSvoris: 26 kg<\/p>","protected":false},"featured_media":149481,"comment_status":"open","ping_status":"closed","template":"","meta":[],"product_brand":[],"product_cat":[9395,863,4104],"product_tag":[],"class_list":{"0":"post-149401","1":"product","2":"type-product","3":"status-publish","4":"has-post-thumbnail","6":"product_cat-upholstered-furniture-accessories-wersal","7":"product_cat-chaise-longues-and-loungers","8":"product_cat-wersal","10":"first","11":"instock","12":"shipping-taxable","13":"purchasable","14":"product-type-variable","15":"wvs-archive-product-wrapper"},"_links":{"self":[{"href":"https:\/\/baldumarket.lt\/lt\/wp-json\/wp\/v2\/product\/149401","targetHints":{"allow":["GET"]}}],"collection":[{"href":"https:\/\/baldumarket.lt\/lt\/wp-json\/wp\/v2\/product"}],"about":[{"href":"https:\/\/baldumarket.lt\/lt\/wp-json\/wp\/v2\/types\/product"}],"replies":[{"embeddable":true,"href":"https:\/\/baldumarket.lt\/lt\/wp-json\/wp\/v2\/comments?post=149401"}],"wp:featuredmedia":[{"embeddable":true,"href":"https:\/\/baldumarket.lt\/lt\/wp-json\/wp\/v2\/media\/149481"}],"wp:attachment":[{"href":"https:\/\/baldumarket.lt\/lt\/wp-json\/wp\/v2\/media?parent=149401"}],"wp:term":[{"taxonomy":"product_brand","embeddable":true,"href":"https:\/\/baldumarket.lt\/lt\/wp-json\/wp\/v2\/product_brand?post=149401"},{"taxonomy":"product_cat","embeddable":true,"href":"https:\/\/baldumarket.lt\/lt\/wp-json\/wp\/v2\/product_cat?post=149401"},{"taxonomy":"product_tag","embeddable":true,"href":"https:\/\/baldumarket.lt\/lt\/wp-json\/wp\/v2\/product_tag?post=149401"}],"curies":[{"name":"wp","href":"https:\/\/api.w.org\/{rel}","templated":true}]}}