{"id":149391,"date":"2025-12-18T02:55:27","date_gmt":"2025-12-17T23:55:27","guid":{"rendered":"https:\/\/baldumarket.lt\/?post_type=product&#038;p=149391"},"modified":"2026-02-03T23:34:44","modified_gmt":"2026-02-03T20:34:44","slug":"fotel-obrotowy-sensi-gr1","status":"publish","type":"product","link":"https:\/\/baldumarket.lt\/lt\/product\/fotel-obrotowy-sensi-gr1\/","title":{"rendered":"Sensi Gr1 besisukanti k\u0117d\u0117"},"content":{"rendered":"<h5><span style=\"color: #54859b\">Apsilankykite m\u016bs\u0173 virtualioje WERSAL prek\u0117s \u017eenklo parduotuv\u0117je<\/span><\/h5>\n<p> <a href=\"https:\/\/my.matterport.com\/show\/?m=SjRhosZFbQJ\" target=\"_blank\" rel=\"noopener\"><span style=\"color: #e47025\">https:\/\/my.matterport.com\/<\/span><\/a><\/p>\n<p>\u201eSensi\u201c fotelis \u2013 tai prabangus, atpalaiduojantis, modernaus ir eleganti\u0161ko dizaino fotelis su pasukimo, atsipalaidavimo ir supimo funkcijomis. Jo idealiai i\u0161lenktas atlo\u0161as, mink\u0161ta s\u0117dyn\u0117 ir auk\u0161tos kokyb\u0117s med\u017eiagos u\u017etikrina maksimal\u0173 komfort\u0105 bet kokiame interjere.<\/p>","protected":false},"excerpt":{"rendered":"<p>Plotis: 103 cm<br \/>\nGylis: 84 cm<br \/>\n\u016agis: 119 cm<br \/>\nS\u0117dyn\u0117s auk\u0161tis: 45 cm<br \/>\nKojos auk\u0161tis: 31 cm<br \/>\nKoj\u0173 spalva: juoda<br \/>\nKojeli\u0173 med\u017eiaga: metalas<br \/>\nSvoris: 20 kg<\/p>","protected":false},"featured_media":149471,"comment_status":"open","ping_status":"closed","template":"","meta":[],"product_brand":[],"product_cat":[9395,634,4104],"product_tag":[],"class_list":{"0":"post-149391","1":"product","2":"type-product","3":"status-publish","4":"has-post-thumbnail","6":"product_cat-upholstered-furniture-accessories-wersal","7":"product_cat-armchairs","8":"product_cat-wersal","10":"first","11":"instock","12":"shipping-taxable","13":"purchasable","14":"product-type-variable","15":"wvs-archive-product-wrapper"},"_links":{"self":[{"href":"https:\/\/baldumarket.lt\/lt\/wp-json\/wp\/v2\/product\/149391","targetHints":{"allow":["GET"]}}],"collection":[{"href":"https:\/\/baldumarket.lt\/lt\/wp-json\/wp\/v2\/product"}],"about":[{"href":"https:\/\/baldumarket.lt\/lt\/wp-json\/wp\/v2\/types\/product"}],"replies":[{"embeddable":true,"href":"https:\/\/baldumarket.lt\/lt\/wp-json\/wp\/v2\/comments?post=149391"}],"wp:featuredmedia":[{"embeddable":true,"href":"https:\/\/baldumarket.lt\/lt\/wp-json\/wp\/v2\/media\/149471"}],"wp:attachment":[{"href":"https:\/\/baldumarket.lt\/lt\/wp-json\/wp\/v2\/media?parent=149391"}],"wp:term":[{"taxonomy":"product_brand","embeddable":true,"href":"https:\/\/baldumarket.lt\/lt\/wp-json\/wp\/v2\/product_brand?post=149391"},{"taxonomy":"product_cat","embeddable":true,"href":"https:\/\/baldumarket.lt\/lt\/wp-json\/wp\/v2\/product_cat?post=149391"},{"taxonomy":"product_tag","embeddable":true,"href":"https:\/\/baldumarket.lt\/lt\/wp-json\/wp\/v2\/product_tag?post=149391"}],"curies":[{"name":"wp","href":"https:\/\/api.w.org\/{rel}","templated":true}]}}