{"id":149361,"date":"2025-12-18T02:52:58","date_gmt":"2025-12-17T23:52:58","guid":{"rendered":"https:\/\/baldumarket.lt\/?post_type=product&#038;p=149361"},"modified":"2026-02-04T10:01:20","modified_gmt":"2026-02-04T07:01:20","slug":"sofa-canto-140-gr1","status":"publish","type":"product","link":"https:\/\/baldumarket.lt\/lt\/product\/sofa-canto-140-gr1\/","title":{"rendered":"\u201eCanto 140 Gr1\u201c sofa"},"content":{"rendered":"<h5><span style=\"color: #54859b\">Apsilankykite m\u016bs\u0173 virtualioje WERSAL prek\u0117s \u017eenklo parduotuv\u0117je<\/span><\/h5>\n<p> <a href=\"https:\/\/my.matterport.com\/show\/?m=SjRhosZFbQJ\" target=\"_blank\" rel=\"noopener\"><span style=\"color: #e47025\">https:\/\/my.matterport.com\/<\/span><\/a><\/p>\n<p>\u201eCanto 140\u201c sofa sujungia minimalistin\u012f dizain\u0105 ir puik\u0173 funkcionalum\u0105. D\u0117l \u201eRapid\u201c sulankstymo sistemos ji per kelias sekundes transformuojasi \u012f 140 x 190 cm lov\u0105 su 12 cm \u010diu\u017einiu, u\u017etikrinan\u010diu miegamojo lovai prilygstant\u012f komfort\u0105. Stabilios vingiuotos spyruokl\u0117s, labai elastingas HR putplastis ir laisvai stovintis atlo\u0161as daro \u0161i\u0105 sof\u0105 ideali\u0105 tiek kasdieniam poilsiui, tiek miegui. Laisvos pagalv\u0117l\u0117s suteikia lengvumo poj\u016bt\u012f, o tvirtas r\u0117mas, pagamintas i\u0161 med\u017eio, MDF ir faneros, garantuoja ilgaam\u017ei\u0161kum\u0105.<\/p>","protected":false},"excerpt":{"rendered":"<p>Plotis: 198 cm<br \/>\nGylis: 106 cm<br \/>\nAuk\u0161tis: 82 cm<br \/>\nS\u0117dyn\u0117s auk\u0161tis: 44 cm<br \/>\nKojos auk\u0161tis: 8 cm<br \/>\nKoj\u0173 spalva: juoda<br \/>\nKojeli\u0173 med\u017eiaga: plastikas<br \/>\nSvoris: 106 kg<\/p>","protected":false},"featured_media":149433,"comment_status":"open","ping_status":"closed","template":"","meta":[],"product_brand":[],"product_cat":[9388,560,4104],"product_tag":[],"class_list":{"0":"post-149361","1":"product","2":"type-product","3":"status-publish","4":"has-post-thumbnail","6":"product_cat-upholstered-furniture-young-wersal","7":"product_cat-sofas-and-couches","8":"product_cat-wersal","10":"first","11":"instock","12":"shipping-taxable","13":"purchasable","14":"product-type-variable","15":"wvs-archive-product-wrapper"},"_links":{"self":[{"href":"https:\/\/baldumarket.lt\/lt\/wp-json\/wp\/v2\/product\/149361","targetHints":{"allow":["GET"]}}],"collection":[{"href":"https:\/\/baldumarket.lt\/lt\/wp-json\/wp\/v2\/product"}],"about":[{"href":"https:\/\/baldumarket.lt\/lt\/wp-json\/wp\/v2\/types\/product"}],"replies":[{"embeddable":true,"href":"https:\/\/baldumarket.lt\/lt\/wp-json\/wp\/v2\/comments?post=149361"}],"wp:featuredmedia":[{"embeddable":true,"href":"https:\/\/baldumarket.lt\/lt\/wp-json\/wp\/v2\/media\/149433"}],"wp:attachment":[{"href":"https:\/\/baldumarket.lt\/lt\/wp-json\/wp\/v2\/media?parent=149361"}],"wp:term":[{"taxonomy":"product_brand","embeddable":true,"href":"https:\/\/baldumarket.lt\/lt\/wp-json\/wp\/v2\/product_brand?post=149361"},{"taxonomy":"product_cat","embeddable":true,"href":"https:\/\/baldumarket.lt\/lt\/wp-json\/wp\/v2\/product_cat?post=149361"},{"taxonomy":"product_tag","embeddable":true,"href":"https:\/\/baldumarket.lt\/lt\/wp-json\/wp\/v2\/product_tag?post=149361"}],"curies":[{"name":"wp","href":"https:\/\/api.w.org\/{rel}","templated":true}]}}